{"id":8853,"date":"2022-10-14T21:20:36","date_gmt":"2022-10-14T19:20:36","guid":{"rendered":"https:\/\/bobobooks.de\/?post_type=product&#038;p=8853"},"modified":"2026-03-22T22:12:26","modified_gmt":"2026-03-22T21:12:26","slug":"si-wang-fu-ge-bao-luo-ce-lan-shi-jing-xuan","status":"publish","type":"product","link":"https:\/\/bobobooks.de\/de\/si-wang-fu-ge-bao-luo-ce-lan-shi-jing-xuan\/","title":{"rendered":"Fuge des Todes: Ausgew\u00e4hlte Gedichte von Paul Celan"},"content":{"rendered":"<p>Paul Celan ist der einflussreichste deutschsprachige Dichter der zweiten H\u00e4lfte des zwanzigsten Jahrhunderts. Seine Eltern starben in den Konzentrationslagern der Nazis, und er selbst schrieb im Exil mit einer schweren Last von Erinnerungen an seine Tortur. Beeinflusst vom franz\u00f6sischen Surrealismus, sind Ceylans Gedichte voller bizarrer Bilder, seine Themen sind gepr\u00e4gt von tiefen und intensiven Emotionen, mit einem Sinn f\u00fcr Rhythmus, der sich durch eine schwierige Sprache und subtile Strukturen zieht. Mit seiner Lyrik er\u00f6ffnete er der gesamten Literatur die M\u00f6glichkeit, sich angesichts eines gro\u00dfen Verlustes zu Wort zu melden.<\/p>\n<p>Dieses Buch enth\u00e4lt 178 klassische Gedichte von Ceylan, die von Huang Canran ausgew\u00e4hlt wurden und einen Blick auf Ceylans Poesie in verschiedenen Epochen werfen.<\/p>\n<p>Einer der gr\u00f6\u00dften Lyriker der Moderne, der gr\u00f6\u00dfte deutsche Dichter nach Rilke.<\/p>\n<p>Aus der Leere trinken, den Fluss des Schweigens \u00fcberqueren, Gedichte schmieden wie Blutstropfen.<\/p>\n<p>\u203b\u00dcbersetzt von dem ber\u00fchmten Dichter und \u00dcbersetzer Huang Canran<\/p>\n<p>Wir stellen einen Dichter vor, dessen \"Sprache aus dem Reich des Todes\" stammt.<\/p>","protected":false},"excerpt":{"rendered":"<p>\u4fdd\u7f57\u2022\u7b56\u5170\u662f\u4e8c\u5341\u4e16\u7eaa\u4e0b\u534a\u53f6\u4ee5\u6765\u6700\u5177\u5f71\u54cd\u529b\u7684\u5fb7\u8bed\u8bd7\u4eba\u3002\u7b56\u5170\u7684\u7236\u6bcd\u4e27\u751f\u4e8e\u7eb3\u7cb9\u96c6\u4e2d\u8425\uff0c\u672c\u4eba\u5219\u5386\u7ecf\u78e8\u96be\uff0c\u5728\u6d41\u4ea1\u4e2d\u80cc\u8d1f\u7740 [&hellip;]<\/p>\n","protected":false},"featured_media":26312,"template":"","meta":{"advanced_seo_description":"","jetpack_seo_html_title":"","jetpack_seo_noindex":false,"jetpack_post_was_ever_published":false},"product_brand":[],"product_cat":[132641,133124],"product_tag":[],"class_list":{"0":"post-8853","1":"product","2":"type-product","3":"status-publish","4":"has-post-thumbnail","6":"product_cat-132641","7":"product_cat-133124","9":"first","10":"instock","11":"taxable","12":"shipping-taxable","13":"purchasable","14":"product-type-simple"},"exclude_global_add_ons":[],"addons":[],"jetpack_sharing_enabled":true,"_links":{"self":[{"href":"https:\/\/bobobooks.de\/de\/wp-json\/wp\/v2\/product\/8853","targetHints":{"allow":["GET"]}}],"collection":[{"href":"https:\/\/bobobooks.de\/de\/wp-json\/wp\/v2\/product"}],"about":[{"href":"https:\/\/bobobooks.de\/de\/wp-json\/wp\/v2\/types\/product"}],"version-history":[{"count":5,"href":"https:\/\/bobobooks.de\/de\/wp-json\/wp\/v2\/product\/8853\/revisions"}],"predecessor-version":[{"id":11977,"href":"https:\/\/bobobooks.de\/de\/wp-json\/wp\/v2\/product\/8853\/revisions\/11977"}],"wp:featuredmedia":[{"embeddable":true,"href":"https:\/\/bobobooks.de\/de\/wp-json\/wp\/v2\/media\/26312"}],"wp:attachment":[{"href":"https:\/\/bobobooks.de\/de\/wp-json\/wp\/v2\/media?parent=8853"}],"wp:term":[{"taxonomy":"product_brand","embeddable":true,"href":"https:\/\/bobobooks.de\/de\/wp-json\/wp\/v2\/product_brand?post=8853"},{"taxonomy":"product_cat","embeddable":true,"href":"https:\/\/bobobooks.de\/de\/wp-json\/wp\/v2\/product_cat?post=8853"},{"taxonomy":"product_tag","embeddable":true,"href":"https:\/\/bobobooks.de\/de\/wp-json\/wp\/v2\/product_tag?post=8853"}],"curies":[{"name":"wp","href":"https:\/\/api.w.org\/{rel}","templated":true}]}}