{"id":8847,"date":"2022-10-14T21:20:35","date_gmt":"2022-10-14T19:20:35","guid":{"rendered":"https:\/\/bobobooks.de\/?post_type=product&#038;p=8847"},"modified":"2026-01-01T16:23:10","modified_gmt":"2026-01-01T15:23:10","slug":"lu-chuan-you-xu-duo-fen","status":"publish","type":"product","link":"https:\/\/bobobooks.de\/de\/lu-chuan-you-xu-duo-fen\/","title":{"rendered":"In Kagawa gibt es eine Menge Schei\u00dfe."},"content":{"rendered":"<p>Der letzte Film von Li Changdong<\/p>\n<p>Sich der Komplexit\u00e4t des Lebens stellen und die M\u00f6glichkeiten des wahren Wertes erkunden<\/p>\n<p>Von \"Burning Paper\" bis \"Burning\", eine zeitlose Untersuchung und Recherche<\/p>\n<p>Bei diesem Buch handelt es sich um eine Sammlung kurzer und mittelgro\u00dfer Erz\u00e4hlungen des koreanischen Regisseurs Lee Chang-dong, die 1992 ver\u00f6ffentlicht wurde. F\u00fcr diese Erz\u00e4hlungen erhielt er den Korea Daily Literary Award for Creative Writing und wurde im folgenden Jahr von dem Regisseur Park Kwang-soo eingeladen, in die Welt des Kinos einzutreten, wo er sich zu einem Filmemacher von internationalem Rang entwickelte.<\/p>\n<p>Diese Romansammlung stellt eine Gruppe von Unterschichtsfiguren vor, die in die komplexen und wechselnden Gezeiten der Geschichte verwickelt sind, die m\u00fchsam nach wahren Werten in ihrem Leben suchen und mit dem Schmerz der Realit\u00e4t k\u00e4mpfen, w\u00e4hrend sie nach dem Sinn ihres pers\u00f6nlichen Lebens suchen. Die Autorin untersucht die koreanische Realit\u00e4t anhand der Begegnungen dieser Figuren, bel\u00e4sst es aber nicht bei der Schilderung der historischen Ereignisse oder der Geschichte selbst, sondern konzentriert sich auf die Ver\u00e4nderungen, die sich dabei vollziehen, wenn die Figuren allm\u00e4hlich beginnen, den wahren Wert des Lebens und ihre eigene Identit\u00e4t zu hinterfragen und zu erkunden.<\/p>","protected":false},"excerpt":{"rendered":"<p>\u674e\u6ca7\u4e1c\u5c01\u7b14\u4e4b\u4f5c \u76f4\u9762\u9519\u7efc\u590d\u6742\u7684\u751f\u6d3b\u672c\u8eab\uff0c\u63a2\u7d22\u771f\u6b63\u4ef7\u503c\u7684\u53ef\u80fd\u6027 \u4ece\u300a\u70e7\u7eb8\u300b\u5230\u300a\u71c3\u70e7\u300b\uff0c\u6c38\u6052\u7684\u5ba1\u89c6\u4e0e\u8ffd\u95ee \u672c\u4e66\u662f\u97e9 [&hellip;]<\/p>\n","protected":false},"featured_media":26313,"template":"","meta":{"advanced_seo_description":"","jetpack_seo_html_title":"","jetpack_seo_noindex":false,"jetpack_post_was_ever_published":false},"product_brand":[],"product_cat":[132931,132936],"product_tag":[],"class_list":{"0":"post-8847","1":"product","2":"type-product","3":"status-publish","4":"has-post-thumbnail","6":"product_cat-132931","7":"product_cat-132936","9":"first","10":"instock","11":"taxable","12":"shipping-taxable","13":"purchasable","14":"product-type-simple"},"exclude_global_add_ons":[],"addons":[],"jetpack_sharing_enabled":true,"_links":{"self":[{"href":"https:\/\/bobobooks.de\/de\/wp-json\/wp\/v2\/product\/8847","targetHints":{"allow":["GET"]}}],"collection":[{"href":"https:\/\/bobobooks.de\/de\/wp-json\/wp\/v2\/product"}],"about":[{"href":"https:\/\/bobobooks.de\/de\/wp-json\/wp\/v2\/types\/product"}],"version-history":[{"count":2,"href":"https:\/\/bobobooks.de\/de\/wp-json\/wp\/v2\/product\/8847\/revisions"}],"predecessor-version":[{"id":10524,"href":"https:\/\/bobobooks.de\/de\/wp-json\/wp\/v2\/product\/8847\/revisions\/10524"}],"wp:featuredmedia":[{"embeddable":true,"href":"https:\/\/bobobooks.de\/de\/wp-json\/wp\/v2\/media\/26313"}],"wp:attachment":[{"href":"https:\/\/bobobooks.de\/de\/wp-json\/wp\/v2\/media?parent=8847"}],"wp:term":[{"taxonomy":"product_brand","embeddable":true,"href":"https:\/\/bobobooks.de\/de\/wp-json\/wp\/v2\/product_brand?post=8847"},{"taxonomy":"product_cat","embeddable":true,"href":"https:\/\/bobobooks.de\/de\/wp-json\/wp\/v2\/product_cat?post=8847"},{"taxonomy":"product_tag","embeddable":true,"href":"https:\/\/bobobooks.de\/de\/wp-json\/wp\/v2\/product_tag?post=8847"}],"curies":[{"name":"wp","href":"https:\/\/api.w.org\/{rel}","templated":true}]}}