{"id":8845,"date":"2022-10-14T21:20:34","date_gmt":"2022-10-14T19:20:34","guid":{"rendered":"https:\/\/bobobooks.de\/?post_type=product&#038;p=8845"},"modified":"2026-01-01T16:23:09","modified_gmt":"2026-01-01T15:23:09","slug":"di-san-di-guo-san-bu-qu-01-di-san-di-guo-de-dao-lai","status":"publish","type":"product","link":"https:\/\/bobobooks.de\/de\/di-san-di-guo-de-dao-lai\/","title":{"rendered":"Das Dritte Reich Trilogie 01 - Die Entstehung des Dritten Reiches"},"content":{"rendered":"<p>Vor dem Ersten Weltkrieg war Deutschland die reichste und m\u00e4chtigste Volkswirtschaft in Europa, und der Antisemitismus stand eindeutig am Rande der Politik. Doch die Nazis, die als eine Gruppe von Extremisten und Schl\u00e4gern begannen, verwandelten Deutschland innerhalb weniger Jahre in eine Einparteiendiktatur und f\u00fchrten ein hochgebildetes Volk in den moralischen, materiellen und kulturellen Ruin und in den Untergang.<\/p>\n<p>Dieses Buch erforscht die Psychologie der Nazis anhand der Geschichte, Gesellschaft und Kultur Deutschlands, rekonstruiert die Machtergreifung der Nazis, zeigt auf, warum es ihren Gegnern nicht gelang, sie zu stoppen, und stellt das Chaos und die Unordnung, die wirtschaftliche Katastrophe, die Gewalt und die Polarisierung der Gesellschaft, die zur Entstehung des Dritten Reiches f\u00fchrten, anschaulich dar.<\/p>\n<p>Eine detaillierte Analyse des Aufstiegs der Nazis zur Macht, um ein Spiegelbild f\u00fcr heute zu gewinnen - Die Nazis regierten Deutschland nur zw\u00f6lf Jahre lang, aber sie beeinflussten den Lauf der Geschichte im zwanzigsten Jahrhundert zutiefst und hinterlie\u00dfen einen tiefen Eindruck auf das Denken der modernen Welt. Die Psychologie der Nazis zu erforschen, zu verstehen, warum es ihren Gegnern nicht gelang, sie zu stoppen, und das Wesen und die Funktionsweise der Nazi-Diktatur zu verstehen und daraus Lehren zu ziehen, damit sich die Geschichte nicht wiederholt, ist auch heute noch notwendig.<\/p>\n<p>Die Wurzeln von Faschismus und Populismus werden in der besonderen Geschichte Deutschlands gesucht - der Aufstieg der Nazis kann nicht einfach als einzigartiges Produkt der deutschen Nation betrachtet werden, mit komplexen wirtschaftlichen und sozialen Faktoren, die jede Nation in einen Abgrund der Gewalt st\u00fcrzen k\u00f6nnen. In diesem Buch wird detailliert beschrieben, wie sich Deutschland durch den Ersten Weltkrieg, den Versailler Vertrag, die Hyperinflation und die Weltwirtschaftskrise Schritt f\u00fcr Schritt auf eine autorit\u00e4re Herrschaft zubewegte und wie die politischen, wirtschaftlichen und sozialen Entwicklungen w\u00e4hrend der Weimarer Republik einen N\u00e4hrboden f\u00fcr radikale Ideen boten.<\/p>\n<p>Eine Panorama-Geschichte des nationalsozialistischen Deutschlands, geschrieben von einem f\u00fchrenden Historiker f\u00fcr den allgemeinen Leser - auf der Grundlage solider historischer Quellen und reichhaltiger Details gelingt Evans eine perfekte Kombination aus anschaulicher Sprache, analytischer Strenge und \u00fcberzeugenden Erkl\u00e4rungen, die alle Aspekte der deutschen Gesellschaft vor der Machtergreifung der Nationalsozialisten objektiv und akkurat aus einem neutralen Blickwinkel heraus darstellen.<\/p>\n<p>Publishers Weekly, Cokes Review, The New York Times, The Washington Post, The Guardian und andere empfehlen es unisono.<\/p>","protected":false},"excerpt":{"rendered":"<p>\u5fb7\u56fd\u5728\u4e00\u6218\u524d\u66fe\u662f\u6b27\u6d32\u6700\u5bcc\u88d5\u3001\u6700\u5f3a\u5927\u7684\u7ecf\u6d4e\u4f53\uff0c\u53cd\u72b9\u4e3b\u4e49\u5728\u653f\u6cbb\u4e2d\u660e\u663e\u5904\u4e8e\u8fb9\u7f18\u5730\u4f4d\u3002\u7136\u800c\uff0c\u8d77\u521d\u53ea\u662f\u4e00\u7fa4\u6781\u7aef\u5206\u5b50\u548c\u6076\u68cd [&hellip;]<\/p>\n","protected":false},"featured_media":24996,"template":"","meta":{"advanced_seo_description":"","jetpack_seo_html_title":"","jetpack_seo_noindex":false,"jetpack_post_was_ever_published":false},"product_brand":[],"product_cat":[132711,132893],"product_tag":[],"class_list":{"0":"post-8845","1":"product","2":"type-product","3":"status-publish","4":"has-post-thumbnail","6":"product_cat-132711","7":"product_cat-132893","9":"first","10":"instock","11":"taxable","12":"shipping-taxable","13":"purchasable","14":"product-type-simple"},"exclude_global_add_ons":[],"addons":[],"jetpack_sharing_enabled":true,"_links":{"self":[{"href":"https:\/\/bobobooks.de\/de\/wp-json\/wp\/v2\/product\/8845","targetHints":{"allow":["GET"]}}],"collection":[{"href":"https:\/\/bobobooks.de\/de\/wp-json\/wp\/v2\/product"}],"about":[{"href":"https:\/\/bobobooks.de\/de\/wp-json\/wp\/v2\/types\/product"}],"version-history":[{"count":2,"href":"https:\/\/bobobooks.de\/de\/wp-json\/wp\/v2\/product\/8845\/revisions"}],"predecessor-version":[{"id":11278,"href":"https:\/\/bobobooks.de\/de\/wp-json\/wp\/v2\/product\/8845\/revisions\/11278"}],"wp:featuredmedia":[{"embeddable":true,"href":"https:\/\/bobobooks.de\/de\/wp-json\/wp\/v2\/media\/24996"}],"wp:attachment":[{"href":"https:\/\/bobobooks.de\/de\/wp-json\/wp\/v2\/media?parent=8845"}],"wp:term":[{"taxonomy":"product_brand","embeddable":true,"href":"https:\/\/bobobooks.de\/de\/wp-json\/wp\/v2\/product_brand?post=8845"},{"taxonomy":"product_cat","embeddable":true,"href":"https:\/\/bobobooks.de\/de\/wp-json\/wp\/v2\/product_cat?post=8845"},{"taxonomy":"product_tag","embeddable":true,"href":"https:\/\/bobobooks.de\/de\/wp-json\/wp\/v2\/product_tag?post=8845"}],"curies":[{"name":"wp","href":"https:\/\/api.w.org\/{rel}","templated":true}]}}