{"id":7887,"date":"2022-07-07T15:33:25","date_gmt":"2022-07-07T13:33:25","guid":{"rendered":"https:\/\/bobobooks.de\/?post_type=product&#038;p=7887"},"modified":"2026-01-01T16:23:03","modified_gmt":"2026-01-01T15:23:03","slug":"bai-hui-shan-hai-jing","status":"publish","type":"product","link":"https:\/\/bobobooks.de\/de\/bai_hui_shan_hai_jing\/","title":{"rendered":"Hundert Bilder der Berg- und Seeschrift"},"content":{"rendered":"<p>Mit dem hellen und farbenfrohen, zarten und pr\u00e4chtigen \u00e4sthetischen chinesischen Malstil, kombiniert mit der aktuellen \u00e4sthetischen Orientierung f\u00fcr vern\u00fcnftige Interpretation und Phantasie, handgemalt mehr als 100 Arten von Berggeistern und Meeresungeheuern, ausgestattet mit G\u00f6ttern und Bestien mit lebendigen Bildern und Seelen, die Wiedergabe der pr\u00e4chtigen und naiven, fantastischen und weiten mythologischen Welt in der chinesischen mythologischen Blaupause \"Classic of the Mountains and Seas\", so dass die Klassiker zug\u00e4nglich werden k\u00f6nnen!<br \/>\nDer Klassiker der Berge und Meere ist die Wiege der chinesischen Mythologie, die Quelle der Vorstellungskraft, die sich \u00fcber die vier Meere und acht Ein\u00f6den erstreckt und Himmel und Erde, das Altertum und die Moderne miteinander verbindet; er ist die Quelle der Sch\u00f6pfung f\u00fcr alle Zeiten. Ob es sich um die alten Romane wie \"Die Biographie von Lei Xie\", \"Die Suche nach den G\u00f6ttern\" und \"Die g\u00f6ttliche Isolation\" handelt oder um die aktuellen Romane \"Gr\u00fcne Wolken\", \"Die drei Leben der drei Welten der Pfirsichbl\u00fcte\" und \"Blume und Knochen\", die Film- und Fernsehdramen, Romane und Spiele, sie alle beziehen ihre Nahrung und ihre Inspirationen aus dem Klassiker der Berge und Meere.<\/p>","protected":false},"excerpt":{"rendered":"<p>\u4ee5\u660e\u4e3d\u591a\u5f69\u3001\u7ec6\u817b\u534e\u8d35\u7684\u552f\u7f8e\u4e2d\u56fd\u753b\u98ce\uff0c\u7ed3\u5408\u5f53\u4e0b\u5ba1\u7f8e\u53d6\u5411\u8fdb\u884c\u5408\u7406\u7684\u6f14\u7ece\u4e0e\u60f3\u8c61\uff0c\u624b\u7ed8100\u4f59\u79cd\u5c71\u7cbe\u6d77\u602a\uff0c\u8d4b\u795e\u517d\u4ee5\u9c9c\u6d3b [&hellip;]<\/p>\n","protected":false},"featured_media":24766,"template":"","meta":{"advanced_seo_description":"","jetpack_seo_html_title":"","jetpack_seo_noindex":false,"jetpack_post_was_ever_published":false},"product_brand":[],"product_cat":[132778,132903,132663,132711],"product_tag":[],"class_list":{"0":"post-7887","1":"product","2":"type-product","3":"status-publish","4":"has-post-thumbnail","6":"product_cat-132778","7":"product_cat-132903","8":"product_cat-132663","9":"product_cat-132711","11":"first","12":"outofstock","13":"taxable","14":"shipping-taxable","15":"purchasable","16":"product-type-simple"},"exclude_global_add_ons":[],"addons":[],"jetpack_sharing_enabled":true,"_links":{"self":[{"href":"https:\/\/bobobooks.de\/de\/wp-json\/wp\/v2\/product\/7887","targetHints":{"allow":["GET"]}}],"collection":[{"href":"https:\/\/bobobooks.de\/de\/wp-json\/wp\/v2\/product"}],"about":[{"href":"https:\/\/bobobooks.de\/de\/wp-json\/wp\/v2\/types\/product"}],"version-history":[{"count":2,"href":"https:\/\/bobobooks.de\/de\/wp-json\/wp\/v2\/product\/7887\/revisions"}],"predecessor-version":[{"id":12776,"href":"https:\/\/bobobooks.de\/de\/wp-json\/wp\/v2\/product\/7887\/revisions\/12776"}],"wp:featuredmedia":[{"embeddable":true,"href":"https:\/\/bobobooks.de\/de\/wp-json\/wp\/v2\/media\/24766"}],"wp:attachment":[{"href":"https:\/\/bobobooks.de\/de\/wp-json\/wp\/v2\/media?parent=7887"}],"wp:term":[{"taxonomy":"product_brand","embeddable":true,"href":"https:\/\/bobobooks.de\/de\/wp-json\/wp\/v2\/product_brand?post=7887"},{"taxonomy":"product_cat","embeddable":true,"href":"https:\/\/bobobooks.de\/de\/wp-json\/wp\/v2\/product_cat?post=7887"},{"taxonomy":"product_tag","embeddable":true,"href":"https:\/\/bobobooks.de\/de\/wp-json\/wp\/v2\/product_tag?post=7887"}],"curies":[{"name":"wp","href":"https:\/\/api.w.org\/{rel}","templated":true}]}}