{"id":7884,"date":"2022-07-07T15:33:20","date_gmt":"2022-07-07T13:33:20","guid":{"rendered":"https:\/\/bobobooks.de\/?post_type=product&#038;p=7884"},"modified":"2026-01-01T16:23:03","modified_gmt":"2026-01-01T15:23:03","slug":"jian-zhu-shi","status":"publish","type":"product","link":"https:\/\/bobobooks.de\/de\/jian-zhu-shi\/","title":{"rendered":"Architekten"},"content":{"rendered":"<p>Wenn das Leben eine Architekturzeichnung w\u00e4re<\/p>\n<p>Wie w\u00fcrde das Haus aussehen, das Ihnen geh\u00f6rt?<\/p>\n<p>Harvey Award, Eisner Award, LA Times Image Fiction-Gewinner<\/p>\n<p>Ein episches Werk aus erz\u00e4hlerischer Symbolik, Farbe und visueller Metaphorik.<\/p>\n<p>Wie soll ein Architekt, der sich in einer tiefen Midlife-Crisis befindet, nach dem Brand sein Leben wieder aufbauen?<\/p>\n<p>Lernen Sie Ast\u00e9rios Pollup kennen - ein erfolgreicher Architekt, der nie ein Geb\u00e4ude gebaut hat, ein gelehrter, aber arroganter Professor, ein \u00c4sthet mit einer einzigartigen Perspektive und ein d\u00fcnnh\u00e4utiger, egoistischer Ehemann, aber das ist alles Vergangenheit. In einer st\u00fcrmischen Nacht zerst\u00f6rt ein durch Blitzschlag verursachter Brand seine Wohnung, und er begibt sich auf eine schicksalhafte Reise. Er l\u00e4sst eine Vergangenheit hinter sich, die durch seine eigene Arroganz zerst\u00f6rt wurde, und kauft mit dem Geld, das ihm geblieben ist, eine Fahrkarte an den weitesten Ort, den er erreichen kann, aber wovor l\u00e4uft er weg? Ist es sein toter Zwillingsbruder, seine fr\u00fchere Geliebte oder das geheimste aller menschlichen Gef\u00fchle?<\/p>\n<p>** Eine Midlife-Crisis, ein selbst auferlegtes Exil, eine \"Odyssee\" von epischem Ausma\u00df.<\/p>\n<p>Wer ist Ast\u00e9rios Pollup? Er ist vieles - ein erfolgreicher Architekt, der noch nie ein Geb\u00e4ude gebaut hat, ein gelehrter, aber arroganter Professor, ein \u00c4sthet mit einer einzigartigen Perspektive und ein d\u00fcnnh\u00e4utiger, egoistischer Ehemann - aber das alles ist Vergangenheit. Jetzt, mit der H\u00e4lfte seines Alters, ist er nur noch ein Schatten seines fr\u00fcheren Selbst. Doch in einer st\u00fcrmischen Nacht nimmt ihn ein Blitz mit auf eine Reise des Schicksals. Das vom Blitz verursachte Feuer zerst\u00f6rt seine Wohnung und zwingt ihn, eine Vergangenheit hinter sich zu lassen, die durch seine eigene Arroganz l\u00e4ngst zerst\u00f6rt wurde. Mit dem einzigen Geld, das er noch hat, kauft Astellios ein Ticket an den weitesten Ort, den er erreichen kann. Verbannt er sich selbst, oder sucht er nach Erl\u00f6sung?<\/p>\n<p>** Ein visuelles Experiment, ein Kunstbuch, das als \"der sch\u00f6nste Comic des Jahres\" gefeiert wird.<\/p>\n<p>Eine Graphic Novel \u00fcber Stil, Design und Bildsprache, in der der Autor Raum und Farbe auf h\u00f6chst experimentelle Weise pr\u00e4sentiert. Die eleganten, klaren Linien und die fast unterschwellige Farbsymbolik lassen beim Durchbl\u00e4ttern des Buches alles wie ein Bonbon auf sich wirken.<\/p>\n<p>Die Verwendung von Farbe zur Vermittlung von Ideen ist etwas, das die meisten Graphic-Novel-Autoren nicht versuchen. Daher sorgte The Architect bei seiner Ver\u00f6ffentlichung f\u00fcr Aufsehen, und Kritiker und die Presse schlossen sich der Diskussion \u00fcber das Werk an. Die Los Angeles Times nannte es \"fesselnd und sch\u00f6n\", ein Rezensent bezeichnete es als \"den absolut pr\u00e4chtigsten Comic des Jahres\", und andere nannten es ein \"faszinierendes Unterfangen\". Die LA Times nannte es \"bezaubernd und wundersch\u00f6n\", ein Rezensent bezeichnete es als \"den absolut hinrei\u00dfendsten Comic des Jahres\", und ein anderer nannte es ein \"faszinierendes Unterfangen\". ----- -<\/p>\n<p>** Der Architekt ist eine stilistische Reise durch Mazzucchellis Erkundung der Grenzen von Graphic Novels.<\/p>\n<p>The Architect ist eine zehnj\u00e4hrige Liebesarbeit von Mazzucchelli und ein noch nie dagewesenes Experiment im Comic-Genre.<\/p>\n<p>Die Autorin bezieht erz\u00e4hlerische Symbolik, Farbe und visuelle Metaphern in den Text ein, wobei jedes Bild, jede Farbwahl und jede Szene sorgf\u00e4ltig gestaltet ist. Was beispielsweise die Farbauswahl betrifft, so ist das Buch in vier Schmuckfarben gedruckt, von denen jede eine entsprechende erz\u00e4hlerische Funktion hat. Jede Schmuckfarbe hat eine entsprechende erz\u00e4hlerische Funktion: Violett, das als Fundament dient; Blau, das die Vergangenheit der Protagonistin symbolisiert; Gelb, das die \"Gegenwart\" und \"Tr\u00e4ume\" symbolisiert; und Rosa, das Weiblichkeit und Liebe symbolisiert. Der Wechsel zwischen den vier Schmuckfarben bereichert die Dimension der Geschichte.<\/p>\n<p>** Meister der grafischen Erz\u00e4hlung, eine faszinierende Erkundung von Philosophie, Religion und Tod<\/p>\n<p>Architektur, Bildhauerei, Tanz, Musik, Mythos ...... David Mazzuchelli kann als Meister der Bilderz\u00e4hlung bezeichnet werden, der so viele Elemente methodisch zu einem riesigen Erz\u00e4hlgeflecht verwebt, in dem sich die unterschiedlichen Einsichten der einzelnen Figuren in die Kunst im Aufeinanderprallen ihrer Pers\u00f6nlichkeiten widerspiegeln. Im Zentrum dieses gro\u00dfen Netzes steht der Weg der Selbstreflexion und Erl\u00f6sung des Protagonisten Ast\u00e9rios Pollup.<\/p>\n<p>Noch nie zuvor hat ein Mann all die gro\u00dfartigen Dinge \u00fcber Menschlichkeit, Seelensuche, grafisches Design, Philosophie und Humor, die Comics in sich tragen k\u00f6nnen, in ein 340-seitiges Buch gepackt, so sehr, dass sogar gesagt wurde, dass The Architects mit den Werken anderer Giganten der amerikanischen Literatur wie Updike und Roth konkurrieren.<\/p>\n<p>** Ein \"nicht vorhandener\" Erz\u00e4hler, ein verbl\u00fcffender Versuch einer Erz\u00e4hlung.<\/p>\n<p>Der Ich-Erz\u00e4hler des Mangas ist der Zwillingsbruder des Protagonisten, der bei der Geburt gestorben ist - eine \"nicht existierende\" Sichtweise. Durch diese Perspektive wird die Erz\u00e4hlstruktur, die zwischen der vergangenen und der gegenw\u00e4rtigen Zeitdimension wechselt, logisch und fl\u00fcssig. Diese Perspektive erm\u00f6glicht es dem Leser auch, Ast\u00e9rios Pollups angeborene Einsamkeit durch sein kaltes \u00c4u\u00dferes hindurch zu sehen.<\/p>","protected":false},"excerpt":{"rendered":"<p>\u5982\u679c\u4eba\u751f\u662f\u4e00\u5f20\u5efa\u7b51\u56fe\u7eb8 \u5c5e\u4e8e\u4f60\u7684\u90a3\u680b\u623f\u5c4b\u4f1a\u662f\u4ec0\u4e48\u6a21\u6837\uff1f \u54c8\u7ef4\u5956\u3001\u827e\u65af\u7eb3\u5956\u3001\u6d1b\u6749\u77f6\u65f6\u62a5\u56fe\u50cf\u5c0f\u8bf4\u83b7\u5956\u4f5c\u54c1 \u878d\u53d9\u4e8b\u8c61 [&hellip;]<\/p>\n","protected":false},"featured_media":26296,"template":"","meta":{"advanced_seo_description":"","jetpack_seo_html_title":"","jetpack_seo_noindex":false,"jetpack_post_was_ever_published":false},"product_brand":[],"product_cat":[132931,133158],"product_tag":[],"class_list":{"0":"post-7884","1":"product","2":"type-product","3":"status-publish","4":"has-post-thumbnail","6":"product_cat-132931","7":"product_cat-133158","9":"first","10":"instock","11":"taxable","12":"shipping-taxable","13":"purchasable","14":"product-type-simple"},"exclude_global_add_ons":[],"addons":[],"jetpack_sharing_enabled":true,"_links":{"self":[{"href":"https:\/\/bobobooks.de\/de\/wp-json\/wp\/v2\/product\/7884","targetHints":{"allow":["GET"]}}],"collection":[{"href":"https:\/\/bobobooks.de\/de\/wp-json\/wp\/v2\/product"}],"about":[{"href":"https:\/\/bobobooks.de\/de\/wp-json\/wp\/v2\/types\/product"}],"version-history":[{"count":3,"href":"https:\/\/bobobooks.de\/de\/wp-json\/wp\/v2\/product\/7884\/revisions"}],"predecessor-version":[{"id":11816,"href":"https:\/\/bobobooks.de\/de\/wp-json\/wp\/v2\/product\/7884\/revisions\/11816"}],"wp:featuredmedia":[{"embeddable":true,"href":"https:\/\/bobobooks.de\/de\/wp-json\/wp\/v2\/media\/26296"}],"wp:attachment":[{"href":"https:\/\/bobobooks.de\/de\/wp-json\/wp\/v2\/media?parent=7884"}],"wp:term":[{"taxonomy":"product_brand","embeddable":true,"href":"https:\/\/bobobooks.de\/de\/wp-json\/wp\/v2\/product_brand?post=7884"},{"taxonomy":"product_cat","embeddable":true,"href":"https:\/\/bobobooks.de\/de\/wp-json\/wp\/v2\/product_cat?post=7884"},{"taxonomy":"product_tag","embeddable":true,"href":"https:\/\/bobobooks.de\/de\/wp-json\/wp\/v2\/product_tag?post=7884"}],"curies":[{"name":"wp","href":"https:\/\/api.w.org\/{rel}","templated":true}]}}