{"id":7682,"date":"2022-06-01T15:29:23","date_gmt":"2022-06-01T13:29:23","guid":{"rendered":"https:\/\/bobobooks.de\/?post_type=product&#038;p=7682"},"modified":"2026-03-22T22:05:29","modified_gmt":"2026-03-22T21:05:29","slug":"jin-zi-ta-yuan-li-si-kao-biao-da-he-jie-jue-wen-ti-de-luo-ji__trashed","status":"publish","type":"product","link":"https:\/\/bobobooks.de\/de\/jin-zi-ta-yuan-li\/","title":{"rendered":"Das Pyramidenprinzip: Die Logik des Denkens, des Ausdrucks und der Probleml\u00f6sung"},"content":{"rendered":"<p>Das Pyramidenprinzip stellt eine hochwirksame Methode dar, um Ideen klar darzustellen, und ist eine praktische Fundgrube, um das Denken zu trainieren und den Ausdruck logisch erscheinen zu lassen. Das Pyramidenprinzip ordnet und vereinfacht fragmentierte Gedanken und eignet sich daher f\u00fcr alle Leser, die ihre Denk-, Analyse- und Ausdrucksf\u00e4higkeit verfeinern wollen.<\/p>\n<p>Tieferes Denken: Pyramidales Denken aufbauen, wertvolle Informationen extrahieren, den Schl\u00fcssel zum Problem finden und komplexe Probleme klar und einfach darstellen.<\/p>\n<p>Probleml\u00f6sung: von den grundlegenden Fakten bis zu den Kernpunkten, um eine rigorose und vern\u00fcnftige L\u00f6sung zu entwickeln, um den Engpass zu durchbrechen.<\/p>\n<p>Projektmanagement: Definition von Zielen, Formulierung von Aktionspl\u00e4nen und rationelle Zuweisung von Aufgaben auf der Grundlage der MECE-Prinzipien, ohne \u00dcberschneidungen und ohne Auslassungen.<\/p>\n<p>Klarer Ausdruck: Pr\u00e4sentation von Projekten, Reden, Diskussionen, klare Darstellung des eigenen Standpunkts, \u00dcberzeugung des Publikums, schnelle Konsensbildung mit Vorgesetzten, Kollegen, Kunden, effiziente Kommunikation.<\/p>\n<p>Einfaches Schreiben: Erfassen Sie die Anliegen, Interessen und Schwerpunkte der Leser und schreiben Sie zielgerichtete und gut organisierte Planungsvorschl\u00e4ge, Analyseberichte, brillante Texte und PPTs, die unvergesslich sind.<\/p>","protected":false},"excerpt":{"rendered":"<p>\u300a\u91d1\u5b57\u5854\u539f\u7406\u300b\u4ecb\u7ecd\u4e86\u4e00\u79cd\u80fd\u6e05\u6670\u5730\u5c55\u73b0\u601d\u8def\u7684\u9ad8\u6548\u65b9\u6cd5\uff0c\u662f\u8bad\u7ec3\u601d\u8003\u3001\u4f7f\u8868\u8fbe\u5448\u73b0\u903b\u8f91\u6027\u7684\u5b9e\u7528\u5b9d\u5178\u3002\u91d1\u5b57\u5854\u539f\u7406\u80fd\u5c06\u96f6\u6563 [&hellip;]<\/p>\n","protected":false},"featured_media":26420,"template":"","meta":{"advanced_seo_description":"","jetpack_seo_html_title":"","jetpack_seo_noindex":false,"jetpack_post_was_ever_published":false},"product_brand":[],"product_cat":[132914,132917],"product_tag":[],"class_list":{"0":"post-7682","1":"product","2":"type-product","3":"status-publish","4":"has-post-thumbnail","6":"product_cat-132914","7":"product_cat-132917","9":"first","10":"instock","11":"taxable","12":"shipping-taxable","13":"purchasable","14":"product-type-simple"},"exclude_global_add_ons":[],"addons":[],"jetpack_sharing_enabled":true,"_links":{"self":[{"href":"https:\/\/bobobooks.de\/de\/wp-json\/wp\/v2\/product\/7682","targetHints":{"allow":["GET"]}}],"collection":[{"href":"https:\/\/bobobooks.de\/de\/wp-json\/wp\/v2\/product"}],"about":[{"href":"https:\/\/bobobooks.de\/de\/wp-json\/wp\/v2\/types\/product"}],"version-history":[{"count":2,"href":"https:\/\/bobobooks.de\/de\/wp-json\/wp\/v2\/product\/7682\/revisions"}],"predecessor-version":[{"id":10918,"href":"https:\/\/bobobooks.de\/de\/wp-json\/wp\/v2\/product\/7682\/revisions\/10918"}],"wp:featuredmedia":[{"embeddable":true,"href":"https:\/\/bobobooks.de\/de\/wp-json\/wp\/v2\/media\/26420"}],"wp:attachment":[{"href":"https:\/\/bobobooks.de\/de\/wp-json\/wp\/v2\/media?parent=7682"}],"wp:term":[{"taxonomy":"product_brand","embeddable":true,"href":"https:\/\/bobobooks.de\/de\/wp-json\/wp\/v2\/product_brand?post=7682"},{"taxonomy":"product_cat","embeddable":true,"href":"https:\/\/bobobooks.de\/de\/wp-json\/wp\/v2\/product_cat?post=7682"},{"taxonomy":"product_tag","embeddable":true,"href":"https:\/\/bobobooks.de\/de\/wp-json\/wp\/v2\/product_tag?post=7682"}],"curies":[{"name":"wp","href":"https:\/\/api.w.org\/{rel}","templated":true}]}}