{"id":7681,"date":"2022-06-01T15:29:22","date_gmt":"2022-06-01T13:29:22","guid":{"rendered":"https:\/\/bobobooks.de\/?post_type=product&#038;p=7681"},"modified":"2026-01-01T16:23:00","modified_gmt":"2026-01-01T15:23:00","slug":"ru-he-yong-shu-ju-jie-jue-shi-ji-wen-ti__trashed","status":"publish","type":"product","link":"https:\/\/bobobooks.de\/de\/ru-he-yong-shu-ju-jie-jue-shi-ji-wen-ti\/","title":{"rendered":"Wie man Daten nutzt, um echte Probleme zu l\u00f6sen"},"content":{"rendered":"<p>Sind Daten wirklich n\u00fctzlich? Wie extrahiert man aus einer Masse von Daten Informationen, die f\u00fcr einen selbst n\u00fctzlich sind? Wie kl\u00e4rt man mehrere Datenbeziehungen und bringt den Kern des Problems auf den Punkt? Wie stellt man objektive Fakten mit Daten dar, um seinen Standpunkt logischer und \u00fcberzeugender zu machen?<\/p>\n<p>Die F\u00e4higkeit, reale Probleme mit Daten zu l\u00f6sen, ist im Zeitalter von Big Data zu einer der notwendigen Hard Skills f\u00fcr jeden geworden. Dieses Buch verzichtet auf komplexe statistische Prinzipien und mathematische Formeln, passt sich einer Vielzahl von Arbeitsszenarien an und stellt eine Reihe von einfachen, praktischen und sofort wirksamen Methoden und Prozessen vor. Nach der Methodik dieses Buches k\u00f6nnen Sie auch ohne professionellen Hintergrund leicht die perfekte Integration von Datenanalyse und Probleml\u00f6sung erreichen.<\/p>\n<p>Wenn Sie sich die Vorteile von Daten zunutze machen wollen, um wichtige Informationen zu vermitteln und mehr Wert zu schaffen, kann Ihnen dieses Buch helfen, Ihre Wettbewerbsf\u00e4higkeit zu verbessern und sich Geh\u00f6r zu verschaffen!<\/p>","protected":false},"excerpt":{"rendered":"<p>\u6570\u636e\u771f\u7684\u6709\u7528\u5417\uff1f\u5982\u4f55\u4ece\u5e9e\u6742\u7684\u6570\u636e\u4e2d\u63d0\u53d6\u5bf9\u81ea\u5df1\u6709\u7528\u7684\u4fe1\u606f\uff1f\u5982\u4f55\u5398\u6e05\u591a\u79cd\u6570\u636e\u5173\u7cfb\uff0c\u9501\u5b9a\u95ee\u9898\u7684\u5173\u952e\uff1f\u5982\u4f55\u7528\u6570\u636e\u5448\u73b0\u5ba2 [&hellip;]<\/p>\n","protected":false},"featured_media":26423,"template":"","meta":{"advanced_seo_description":"","jetpack_seo_html_title":"","jetpack_seo_noindex":false,"jetpack_post_was_ever_published":false},"product_brand":[],"product_cat":[132914,132917],"product_tag":[],"class_list":{"0":"post-7681","1":"product","2":"type-product","3":"status-publish","4":"has-post-thumbnail","6":"product_cat-132914","7":"product_cat-132917","9":"first","10":"instock","11":"taxable","12":"shipping-taxable","13":"purchasable","14":"product-type-simple"},"exclude_global_add_ons":[],"addons":[],"jetpack_sharing_enabled":true,"_links":{"self":[{"href":"https:\/\/bobobooks.de\/de\/wp-json\/wp\/v2\/product\/7681","targetHints":{"allow":["GET"]}}],"collection":[{"href":"https:\/\/bobobooks.de\/de\/wp-json\/wp\/v2\/product"}],"about":[{"href":"https:\/\/bobobooks.de\/de\/wp-json\/wp\/v2\/types\/product"}],"version-history":[{"count":2,"href":"https:\/\/bobobooks.de\/de\/wp-json\/wp\/v2\/product\/7681\/revisions"}],"predecessor-version":[{"id":10901,"href":"https:\/\/bobobooks.de\/de\/wp-json\/wp\/v2\/product\/7681\/revisions\/10901"}],"wp:featuredmedia":[{"embeddable":true,"href":"https:\/\/bobobooks.de\/de\/wp-json\/wp\/v2\/media\/26423"}],"wp:attachment":[{"href":"https:\/\/bobobooks.de\/de\/wp-json\/wp\/v2\/media?parent=7681"}],"wp:term":[{"taxonomy":"product_brand","embeddable":true,"href":"https:\/\/bobobooks.de\/de\/wp-json\/wp\/v2\/product_brand?post=7681"},{"taxonomy":"product_cat","embeddable":true,"href":"https:\/\/bobobooks.de\/de\/wp-json\/wp\/v2\/product_cat?post=7681"},{"taxonomy":"product_tag","embeddable":true,"href":"https:\/\/bobobooks.de\/de\/wp-json\/wp\/v2\/product_tag?post=7681"}],"curies":[{"name":"wp","href":"https:\/\/api.w.org\/{rel}","templated":true}]}}