{"id":6482,"date":"2022-03-08T20:57:46","date_gmt":"2022-03-08T19:57:46","guid":{"rendered":"https:\/\/bobobooks.de\/?post_type=product&#038;p=6482"},"modified":"2026-03-22T22:02:47","modified_gmt":"2026-03-22T21:02:47","slug":"wo-men-ai-guo-you-wang-ji","status":"publish","type":"product","link":"https:\/\/bobobooks.de\/de\/wo-men-ai-guo-you-wang-ji\/","title":{"rendered":"Wir haben geliebt und vergessen."},"content":{"rendered":"<p>Dieses Buch ist eine Neuauflage der dritten Gedichtsammlung der Dichterin Yu Xiu-hua. Sie enth\u00e4lt etwa 150 klassische Gedichte, die die Sicht der Dichterin auf Liebe, Zuneigung und das allt\u00e4gliche Leben sowie ihr Verst\u00e4ndnis und ihren Ausdruck neuer Lebenserfahrungen, nachdem sie ber\u00fchmt wurde, wiedergeben. Im Vergleich zu den beiden vorangegangenen Sammlungen der Dichterin ist diese Sammlung ausgepr\u00e4gter in Bezug auf die Pers\u00f6nlichkeit der Dichterin und genauer in Bezug auf die Sprache und die Erfahrung der Gedichte, was als Ergebnis der Reifung der Dichterin beim Schreiben von Gedichten angesehen werden kann.<\/p>","protected":false},"excerpt":{"rendered":"<p>\u672c\u4e66\u662f\u8bd7\u4eba\u4f59\u79c0\u534e\u7684\u7b2c\u4e09\u90e8\u8bd7\u96c6\u7684\u5168\u65b0\u518d\u7248\u3002\u6536\u5f55\u7ecf\u5178\u8bd7\u4f5c\u7ea6150\u4f59\u9996\uff0c\u5448\u73b0\u4e86\u8bd7\u4eba\u4e00\u5982\u65e2\u5f80\u5bf9\u7231\u60c5\u3001\u4eb2\u60c5\u3001\u65e5\u590d\u4e00\u65e5\u7684\u751f [&hellip;]<\/p>\n","protected":false},"featured_media":26281,"template":"","meta":{"advanced_seo_description":"","jetpack_seo_html_title":"","jetpack_seo_noindex":false,"jetpack_post_was_ever_published":false},"product_brand":[],"product_cat":[132641,133124],"product_tag":[],"class_list":{"0":"post-6482","1":"product","2":"type-product","3":"status-publish","4":"has-post-thumbnail","6":"product_cat-132641","7":"product_cat-133124","9":"first","10":"instock","11":"taxable","12":"shipping-taxable","13":"purchasable","14":"product-type-simple"},"exclude_global_add_ons":[],"addons":[],"jetpack_sharing_enabled":true,"_links":{"self":[{"href":"https:\/\/bobobooks.de\/de\/wp-json\/wp\/v2\/product\/6482","targetHints":{"allow":["GET"]}}],"collection":[{"href":"https:\/\/bobobooks.de\/de\/wp-json\/wp\/v2\/product"}],"about":[{"href":"https:\/\/bobobooks.de\/de\/wp-json\/wp\/v2\/types\/product"}],"version-history":[{"count":2,"href":"https:\/\/bobobooks.de\/de\/wp-json\/wp\/v2\/product\/6482\/revisions"}],"predecessor-version":[{"id":11169,"href":"https:\/\/bobobooks.de\/de\/wp-json\/wp\/v2\/product\/6482\/revisions\/11169"}],"wp:featuredmedia":[{"embeddable":true,"href":"https:\/\/bobobooks.de\/de\/wp-json\/wp\/v2\/media\/26281"}],"wp:attachment":[{"href":"https:\/\/bobobooks.de\/de\/wp-json\/wp\/v2\/media?parent=6482"}],"wp:term":[{"taxonomy":"product_brand","embeddable":true,"href":"https:\/\/bobobooks.de\/de\/wp-json\/wp\/v2\/product_brand?post=6482"},{"taxonomy":"product_cat","embeddable":true,"href":"https:\/\/bobobooks.de\/de\/wp-json\/wp\/v2\/product_cat?post=6482"},{"taxonomy":"product_tag","embeddable":true,"href":"https:\/\/bobobooks.de\/de\/wp-json\/wp\/v2\/product_tag?post=6482"}],"curies":[{"name":"wp","href":"https:\/\/api.w.org\/{rel}","templated":true}]}}