{"id":6476,"date":"2022-03-08T20:57:45","date_gmt":"2022-03-08T19:57:45","guid":{"rendered":"https:\/\/bobobooks.de\/?post_type=product&#038;p=6476"},"modified":"2026-03-22T22:03:05","modified_gmt":"2026-03-22T21:03:05","slug":"dang-xia-de-li-liang","status":"publish","type":"product","link":"https:\/\/bobobooks.de\/de\/dang-xia-de-li-liang\/","title":{"rendered":"Die Macht des Augenblicks"},"content":{"rendered":"<p>The Power of Now, das klassische Werk des K\u00f6rper-Geist-Meisters Eckhart Tolley, steht seit 20 Jahren auf der Amazon-Bestsellerliste! Es wurde in mehr als 50 Sprachen \u00fcbersetzt und weltweit mehr als 5 Millionen Mal verkauft und ist der einflussreichste spirituelle Klassiker unserer Zeit! Der einflussreichste spirituelle Klassiker unserer Zeit, empfohlen vom Bestsellerautor Zhang Defen!<\/p>\n<p>The Power of Now ist ein \"Leitfaden zur spirituellen Erleuchtung\" und ein Klassiker der spirituellen Lekt\u00fcre. Es lehrt uns eine neue Art zu leben und zeigt uns, wie wir das Leiden in unserem t\u00e4glichen Leben minimieren und besser und gl\u00fccklicher leben k\u00f6nnen.<\/p>\n<p>Der Autor Eckhart Tolley hat die Hauptursache f\u00fcr unser t\u00e4gliches Leiden ausgemacht: Wir werden von unserem verkopften Denken beherrscht und machen uns Sorgen um die Vergangenheit und die Zukunft, anstatt in der Gegenwart zu leben. Doch in Wirklichkeit k\u00f6nnen wir nur in der Gegenwart leben, im Hier und Jetzt. Nur wenn wir uns dem gegenw\u00e4rtigen Moment hingeben, k\u00f6nnen wir wahre Kraft, innere Weisheit und wahre Freude finden. In The Power of Now schl\u00e4gt der Autor mehrere sehr praktische Wege vor, die Illusion der Zeit zu erkennen und in der Gegenwart zu leben. Ein praktisches und n\u00fctzliches Buch f\u00fcr den modernen Massenleser, der im Allgemeinen \u00e4ngstlich, deprimiert und gestresst ist. Es wird uns erm\u00f6glichen, die Illusion der Zeit zu erkennen, im gegenw\u00e4rtigen Moment zu leben, wahre Kraft zu finden und das Tor zu Frieden und Gelassenheit zu entdecken.<\/p>","protected":false},"excerpt":{"rendered":"<p>\u300a\u5f53\u4e0b\u7684\u529b\u91cf\u300b\uff0c\u8eab\u5fc3\u7075\u5927\u5e08\u57c3\u514b\u54c8\u7279\u2022\u6258\u5229\u7ecf\u5178\u4e4b\u4f5c\uff0c20\u5e74\u8749\u8054\u7f8e\u56fd\u4e9a\u9a6c\u900a\u7545\u9500\u4e66\u6392\u884c\u699c\uff01\u88ab\u7ffb\u8bd1\u621050\u591a\u79cd\u6587\u5b57\uff0c\u7545\u9500 [&hellip;]<\/p>\n","protected":false},"featured_media":24987,"template":"","meta":{"advanced_seo_description":"","jetpack_seo_html_title":"","jetpack_seo_noindex":false,"jetpack_post_was_ever_published":false},"product_brand":[],"product_cat":[132721,132905],"product_tag":[],"class_list":{"0":"post-6476","1":"product","2":"type-product","3":"status-publish","4":"has-post-thumbnail","6":"product_cat-132721","7":"product_cat-132905","9":"first","10":"instock","11":"taxable","12":"shipping-taxable","13":"purchasable","14":"product-type-simple"},"exclude_global_add_ons":[],"addons":[],"jetpack_sharing_enabled":true,"_links":{"self":[{"href":"https:\/\/bobobooks.de\/de\/wp-json\/wp\/v2\/product\/6476","targetHints":{"allow":["GET"]}}],"collection":[{"href":"https:\/\/bobobooks.de\/de\/wp-json\/wp\/v2\/product"}],"about":[{"href":"https:\/\/bobobooks.de\/de\/wp-json\/wp\/v2\/types\/product"}],"version-history":[{"count":2,"href":"https:\/\/bobobooks.de\/de\/wp-json\/wp\/v2\/product\/6476\/revisions"}],"predecessor-version":[{"id":10529,"href":"https:\/\/bobobooks.de\/de\/wp-json\/wp\/v2\/product\/6476\/revisions\/10529"}],"wp:featuredmedia":[{"embeddable":true,"href":"https:\/\/bobobooks.de\/de\/wp-json\/wp\/v2\/media\/24987"}],"wp:attachment":[{"href":"https:\/\/bobobooks.de\/de\/wp-json\/wp\/v2\/media?parent=6476"}],"wp:term":[{"taxonomy":"product_brand","embeddable":true,"href":"https:\/\/bobobooks.de\/de\/wp-json\/wp\/v2\/product_brand?post=6476"},{"taxonomy":"product_cat","embeddable":true,"href":"https:\/\/bobobooks.de\/de\/wp-json\/wp\/v2\/product_cat?post=6476"},{"taxonomy":"product_tag","embeddable":true,"href":"https:\/\/bobobooks.de\/de\/wp-json\/wp\/v2\/product_tag?post=6476"}],"curies":[{"name":"wp","href":"https:\/\/api.w.org\/{rel}","templated":true}]}}