{"id":640,"date":"2021-06-07T22:08:11","date_gmt":"2021-06-07T20:08:11","guid":{"rendered":"https:\/\/bobobooks.de\/?post_type=product&#038;p=640"},"modified":"2026-03-16T20:39:28","modified_gmt":"2026-03-16T19:39:28","slug":"%e7%89%9b%e6%a3%9a%e6%9d%82%e5%bf%86__trashed","status":"publish","type":"product","link":"https:\/\/bobobooks.de\/de\/niu_peng_za_yi\/","title":{"rendered":"verstreute Erinnerungen an den Kuhstall"},"content":{"rendered":"<p>Das Cowshed Miscellany ist ein kleines Buch, das mit Blut und Tr\u00e4nen geschrieben wurde. Es ist ein gro\u00dfes Gl\u00fcck meines Lebens, dass ich am Leben bin, um es zu schreiben, und es ist ein hervorragendes Geschenk, das ich k\u00fcnftigen Generationen hinterlasse. M\u00f6ge es meinen Segen auf die Erde tragen. Es bringt nicht Hass und Rache mit sich, sondern einen Spiegel, in dem B\u00f6ses und Gutes, H\u00e4ssliches und Sch\u00f6nes, Verzweiflung und Hoffnung zu sehen sind. Was sie mitnimmt, ist ein St\u00fcck Aufrichtigkeit f\u00fcr unser gro\u00dfes Vaterland und Volk - Ji Xianlin (\u5b63\u7fa1\u6797)\u300a\u725b\u68da\u6742\u5fc6\u300bist Ji Xianlins Chronik seiner Erfahrungen mit der \"Kulturrevolution\", und diese Sammlung basiert auf einem Typoskript (Parteischule des Zentralkomitees der Kommunistischen Partei Chinas Press, 2005), mit einem Manuskript (China Yanshi Publishing House, 2005). Die vorliegende Sammlung basiert auf dem Typoskript (Parteischule des Zentralkomitees der Kommunistischen Partei Chinas, 2005), mit der Manuskriptversion (China Yanshi Publishing House, 2006).<\/p>","protected":false},"excerpt":{"rendered":"<p>\u300a\u725b\u68da\u6742\u5fc6\u300b\u662f\u4e00\u672c\u5c0f\u4e66\u662f\u7528\u8840\u6362\u6765\u7684\uff0c\u662f\u548c\u6cea\u5199\u6210\u7684\u3002\u6211\u80fd\u591f\u6d3b\u7740\u628a\u5b83\u5199\u51fa\u6765\uff0c\u662f\u6211\u6bd5\u751f\u7684\u5f88\u5927\u5e78\u798f\uff0c\u662f\u6211\u7559\u7ed9\u540e\u4ee3\u7684\u4f18\u4f73 [&hellip;]<\/p>\n","protected":false},"featured_media":26488,"template":"","meta":{"advanced_seo_description":"","jetpack_seo_html_title":"","jetpack_seo_noindex":false,"jetpack_post_was_ever_published":false},"product_brand":[],"product_cat":[132641,132653],"product_tag":[],"class_list":{"0":"post-640","1":"product","2":"type-product","3":"status-publish","4":"has-post-thumbnail","6":"product_cat-132641","7":"product_cat-132653","9":"first","10":"outofstock","11":"taxable","12":"shipping-taxable","13":"purchasable","14":"product-type-simple"},"exclude_global_add_ons":[],"addons":[],"jetpack_sharing_enabled":true,"_links":{"self":[{"href":"https:\/\/bobobooks.de\/de\/wp-json\/wp\/v2\/product\/640","targetHints":{"allow":["GET"]}}],"collection":[{"href":"https:\/\/bobobooks.de\/de\/wp-json\/wp\/v2\/product"}],"about":[{"href":"https:\/\/bobobooks.de\/de\/wp-json\/wp\/v2\/types\/product"}],"version-history":[{"count":3,"href":"https:\/\/bobobooks.de\/de\/wp-json\/wp\/v2\/product\/640\/revisions"}],"predecessor-version":[{"id":10897,"href":"https:\/\/bobobooks.de\/de\/wp-json\/wp\/v2\/product\/640\/revisions\/10897"}],"wp:featuredmedia":[{"embeddable":true,"href":"https:\/\/bobobooks.de\/de\/wp-json\/wp\/v2\/media\/26488"}],"wp:attachment":[{"href":"https:\/\/bobobooks.de\/de\/wp-json\/wp\/v2\/media?parent=640"}],"wp:term":[{"taxonomy":"product_brand","embeddable":true,"href":"https:\/\/bobobooks.de\/de\/wp-json\/wp\/v2\/product_brand?post=640"},{"taxonomy":"product_cat","embeddable":true,"href":"https:\/\/bobobooks.de\/de\/wp-json\/wp\/v2\/product_cat?post=640"},{"taxonomy":"product_tag","embeddable":true,"href":"https:\/\/bobobooks.de\/de\/wp-json\/wp\/v2\/product_tag?post=640"}],"curies":[{"name":"wp","href":"https:\/\/api.w.org\/{rel}","templated":true}]}}