{"id":6333,"date":"2022-02-25T14:50:38","date_gmt":"2022-02-25T13:50:38","guid":{"rendered":"https:\/\/bobobooks.de\/?post_type=product&#038;p=6333"},"modified":"2026-01-01T16:22:53","modified_gmt":"2026-01-01T15:22:53","slug":"kluge-investoren","status":"publish","type":"product","link":"https:\/\/bobobooks.de\/de\/cong-ming-de-tou-zi-zhe\/","title":{"rendered":"Kluge Investoren"},"content":{"rendered":"<p>The Intelligent Investor (4th Edition, Annotated and Commentary Edition) basiert auf der vollst\u00e4ndigen Beibehaltung von Grahams urspr\u00fcnglicher 4. Auflage aus dem Jahr 1973, mit ausf\u00fchrlichen Anmerkungen und kapitelweisen Kommentaren von Jason Zweig zu Grahams urspr\u00fcnglichem Buch, die auf den Realit\u00e4ten der weltweiten B\u00f6rsenturbulenzen der letzten 40 Jahre, insbesondere zur Jahrhundertwende, basieren und die Theorie des Value Investing weiter testen und untermauern. Das Vorwort und der Kommentar von Warren Buffett, dem Gott der Aktien, sind ein weiteres Highlight dieser Ausgabe. The Intelligent Investor (4. Auflage, kommentierte Ausgabe) beginnt mit der Kl\u00e4rung des Unterschieds zwischen \"Investieren\" und \"Spekulieren\" und zeigt auf, wie ein intelligenter Investor die erwarteten Ertr\u00e4ge bestimmt. Der Intelligente Anleger (4. Auflage, kommentierte Ausgabe) konzentriert sich auf Portfoliostrategien sowohl f\u00fcr defensive als auch f\u00fcr aktive Anleger und er\u00f6rtert, wie Anleger auf Marktvolatilit\u00e4t reagieren. The Intelligent Investor (4th Edition, Annotated and Commentary Edition) befasst sich au\u00dferdem ausf\u00fchrlich mit Fondsinvestitionen, der Beziehung zwischen Anlegern und Anlageberatern, dem allgemeinen Ansatz der Wertpapieranalyse f\u00fcr den durchschnittlichen Anleger, der Wertpapierauswahl f\u00fcr defensive und aktive Anleger sowie mit wandelbaren Wertpapieren und Optionsscheinen.<\/p>\n<p>The Intelligent Investor (4th Annotated and Critical Edition) richtet sich in erster Linie an Privatanleger und bietet eine umfassende Darstellung von Grahams Ideen zu Value-Investing und eine wesentliche Anleitung f\u00fcr den Durchschnittsb\u00fcrger bei der Auswahl und Ausf\u00fchrung von Wertpapieranlagestrategien.<\/p>","protected":false},"excerpt":{"rendered":"<p>\u300a\u806a\u660e\u7684\u6295\u8d44\u8005\u300b\uff08\u7b2c4\u7248\u6ce8\u758f\u70b9\u8bc4\u7248\uff09\u5728\u5b8c\u6574\u4fdd\u7559\u683c\u96f7\u5384\u59c6\u539f\u84571973 \u5e74\u7b2c4 \u7248\u7684\u57fa\u7840\u4e0a\uff0c\u7531\u8d3e\u68ee\u2022\u5179\u5a01\u683c\u6839\u636e\u8fd14 [&hellip;]<\/p>\n","protected":false},"featured_media":24953,"template":"","meta":{"advanced_seo_description":"","jetpack_seo_html_title":"","jetpack_seo_noindex":false,"jetpack_post_was_ever_published":false},"product_brand":[],"product_cat":[132914,132938],"product_tag":[],"class_list":{"0":"post-6333","1":"product","2":"type-product","3":"status-publish","4":"has-post-thumbnail","6":"product_cat-132914","7":"product_cat-132938","9":"first","10":"instock","11":"taxable","12":"shipping-taxable","13":"purchasable","14":"product-type-simple"},"exclude_global_add_ons":[],"addons":[],"jetpack_sharing_enabled":true,"_links":{"self":[{"href":"https:\/\/bobobooks.de\/de\/wp-json\/wp\/v2\/product\/6333","targetHints":{"allow":["GET"]}}],"collection":[{"href":"https:\/\/bobobooks.de\/de\/wp-json\/wp\/v2\/product"}],"about":[{"href":"https:\/\/bobobooks.de\/de\/wp-json\/wp\/v2\/types\/product"}],"version-history":[{"count":2,"href":"https:\/\/bobobooks.de\/de\/wp-json\/wp\/v2\/product\/6333\/revisions"}],"predecessor-version":[{"id":10749,"href":"https:\/\/bobobooks.de\/de\/wp-json\/wp\/v2\/product\/6333\/revisions\/10749"}],"wp:featuredmedia":[{"embeddable":true,"href":"https:\/\/bobobooks.de\/de\/wp-json\/wp\/v2\/media\/24953"}],"wp:attachment":[{"href":"https:\/\/bobobooks.de\/de\/wp-json\/wp\/v2\/media?parent=6333"}],"wp:term":[{"taxonomy":"product_brand","embeddable":true,"href":"https:\/\/bobobooks.de\/de\/wp-json\/wp\/v2\/product_brand?post=6333"},{"taxonomy":"product_cat","embeddable":true,"href":"https:\/\/bobobooks.de\/de\/wp-json\/wp\/v2\/product_cat?post=6333"},{"taxonomy":"product_tag","embeddable":true,"href":"https:\/\/bobobooks.de\/de\/wp-json\/wp\/v2\/product_tag?post=6333"}],"curies":[{"name":"wp","href":"https:\/\/api.w.org\/{rel}","templated":true}]}}