{"id":6331,"date":"2022-02-25T14:50:38","date_gmt":"2022-02-25T13:50:38","guid":{"rendered":"https:\/\/bobobooks.de\/?post_type=product&#038;p=6331"},"modified":"2026-03-22T22:02:05","modified_gmt":"2026-03-22T21:02:05","slug":"reiche-leute-denken-nicht-wie-sie","status":"publish","type":"product","link":"https:\/\/bobobooks.de\/de\/you-qian-ren-he-ni-xiang-de-bu-yi-yang\/","title":{"rendered":"Reiche Leute denken nicht wie Sie."},"content":{"rendered":"<p>Reiche Menschen k\u00f6nnen viel Geld verlieren, aber sie haben den \"Geist eines reichen Mannes\". Und die Reichen denken wirklich anders als die Armen oder sogar die Wohlhabenden. Mehr als 2 Millionen verkaufte Exemplare weltweit, fegt alle gro\u00dfen Investment-Listen, die Tempel-Ebene Werke der finanziellen Fibel Schock!<\/p>\n<p>Die siebzehn Reichtumsprofile in diesem Buch lehren Sie siebzehn verschiedene Denk- und Verhaltensweisen f\u00fcr Reiche und Arme. Beim Thema Geld gibt es \u00e4u\u00dfere Gesetze und nat\u00fcrlich auch innere Gesetze. Zu den \u00e4u\u00dferen Gesetzen geh\u00f6ren Gesch\u00e4ftskenntnisse, Finanz- und Anlagestrategien usw. Das sind wichtige Faktoren, aber die inneren F\u00e4higkeiten sind ebenso wichtig.<\/p>\n<p>Dieses Buch lehrt Sie, Ihre Denkmuster in Bezug auf Geld zu hinterfragen und Ihre einschr\u00e4nkenden und negativen Gedanken, Gewohnheiten und Handlungen zu hinterfragen. Warum sollten Sie \u00fcber Geld sprechen? Weil Geld eine der bevorzugten Schmerzquellen im Leben der meisten Menschen ist, doch vergessen Sie nicht den gr\u00f6\u00dferen Zusammenhang. Denn wenn Sie erst einmal erkannt haben, wie negativ Sie mit Ihren Finanzen umgehen, kann sich dieses Bewusstsein auch auf andere Bereiche Ihres Lebens \u00fcbertragen. Dieses Buch soll Ihnen helfen, sich Ihrer selbst bewusster zu werden. Selbsterkenntnis bedeutet, dass Sie Ihre Gedanken und Handlungen beobachten und sich erlauben, aus den wahren Entscheidungen heraus zu handeln, die Sie im Hier und Jetzt haben, und nicht auf der Grundlage Ihrer vergangenen konditionierten Handlungen. Dabei geht es darum, wie du aus deinem h\u00f6heren Selbst heraus reagierst und nicht aus deinem angstbasierten \"niederen\" Selbst heraus. Auf diese Weise k\u00f6nnen Sie die gro\u00dfartige Person werden, die Sie sein k\u00f6nnen, und Ihre Mission erf\u00fcllen. Auf jeder Seite dieses Buches wird entmystifiziert, warum manche Menschen zum Erfolg bestimmt sind und andere dazu, ihr Leben damit zu verbringen, hart f\u00fcr Geld zu arbeiten. Sie erfahren, welche Ursachen f\u00fcr Erfolg, ein Leben in Mittelm\u00e4\u00dfigkeit und finanziellen Erfolg oder Misserfolg verantwortlich sind, und k\u00f6nnen sich auf den Weg zu einer besseren finanziellen Situation machen.<\/p>","protected":false},"excerpt":{"rendered":"<p>\u5bcc\u7fc1\u4e5f\u6709\u53ef\u80fd\u8f93\u6389\u4e07\u8d2f\u5bb6\u8d22\uff0c\u4f46\u4ed6\u4eec\u62e5\u6709\u201c\u6709\u94b1\u4eba\u7684\u5934\u8111\u201d\u3002\u800c\u6709\u94b1\u4eba\u7684\u60f3\u6cd5\uff0c\u771f\u7684\u4e0e\u7a77\u4eba\uff0c\u751a\u81f3\u548c\u751f\u6d3b\u5c0f\u5eb7\u7684\u4eba\u90fd\u4e0d\u4e00\u6837\u3002 [&hellip;]<\/p>\n","protected":false},"featured_media":26265,"template":"","meta":{"advanced_seo_description":"","jetpack_seo_html_title":"","jetpack_seo_noindex":false,"jetpack_post_was_ever_published":false},"product_brand":[],"product_cat":[132914,132938],"product_tag":[],"class_list":{"0":"post-6331","1":"product","2":"type-product","3":"status-publish","4":"has-post-thumbnail","6":"product_cat-132914","7":"product_cat-132938","9":"first","10":"instock","11":"taxable","12":"shipping-taxable","13":"purchasable","14":"product-type-simple"},"exclude_global_add_ons":[],"addons":[],"jetpack_sharing_enabled":true,"_links":{"self":[{"href":"https:\/\/bobobooks.de\/de\/wp-json\/wp\/v2\/product\/6331","targetHints":{"allow":["GET"]}}],"collection":[{"href":"https:\/\/bobobooks.de\/de\/wp-json\/wp\/v2\/product"}],"about":[{"href":"https:\/\/bobobooks.de\/de\/wp-json\/wp\/v2\/types\/product"}],"version-history":[{"count":4,"href":"https:\/\/bobobooks.de\/de\/wp-json\/wp\/v2\/product\/6331\/revisions"}],"predecessor-version":[{"id":11604,"href":"https:\/\/bobobooks.de\/de\/wp-json\/wp\/v2\/product\/6331\/revisions\/11604"}],"wp:featuredmedia":[{"embeddable":true,"href":"https:\/\/bobobooks.de\/de\/wp-json\/wp\/v2\/media\/26265"}],"wp:attachment":[{"href":"https:\/\/bobobooks.de\/de\/wp-json\/wp\/v2\/media?parent=6331"}],"wp:term":[{"taxonomy":"product_brand","embeddable":true,"href":"https:\/\/bobobooks.de\/de\/wp-json\/wp\/v2\/product_brand?post=6331"},{"taxonomy":"product_cat","embeddable":true,"href":"https:\/\/bobobooks.de\/de\/wp-json\/wp\/v2\/product_cat?post=6331"},{"taxonomy":"product_tag","embeddable":true,"href":"https:\/\/bobobooks.de\/de\/wp-json\/wp\/v2\/product_tag?post=6331"}],"curies":[{"name":"wp","href":"https:\/\/api.w.org\/{rel}","templated":true}]}}