{"id":6330,"date":"2022-02-25T14:50:38","date_gmt":"2022-02-25T13:50:38","guid":{"rendered":"https:\/\/bobobooks.de\/?post_type=product&#038;p=6330"},"modified":"2026-01-08T23:20:09","modified_gmt":"2026-01-08T22:20:09","slug":"welpengeld-geld","status":"publish","type":"product","link":"https:\/\/bobobooks.de\/de\/xiao-gou-qian-qian\/","title":{"rendered":"Welpengeld Geld"},"content":{"rendered":"<p>Europ\u00e4ischer und amerikanischer Reichtum - Aufkl\u00e4rung - Lesungen!<\/p>\n<p>Ein \"Geldm\u00e4rchen\", das Kinder zu einem richtigen Verst\u00e4ndnis von Reichtum und Verm\u00f6gensbildung f\u00fchrt!<\/p>\n<p>Gia ist ein gew\u00f6hnliches 12-j\u00e4hriges M\u00e4dchen, das durch einen Zufall einen verletzten Hund rettet und ihn \"Qian Qian\" nennt. Unerwarteterweise ist Qian Qian in Wirklichkeit ein verborgener Meister der Finanzverwaltung, der das Schicksal von Gias Familienverm\u00f6gen ver\u00e4nderte. ...... \"Europ\u00e4ischer Finanzmeister\" Bordo Schafer mit anschaulichem Finanzm\u00e4rchen, lehrt Sie, wie Sie lernen k\u00f6nnen, das Geld von Kindheit an zu beherrschen, anstatt vom Geld beherrscht zu werden. Wie man wie ein reicher Mensch denkt, Geld richtig versteht und einsetzt; wie man Geldanlagen t\u00e4tigt, Wege zur Verm\u00f6gensbildung findet und so schnell wie m\u00f6glich finanzielle Freiheit erreicht!<\/p>","protected":false},"excerpt":{"rendered":"<p>\u6b27\u7f8e\u8d22\u5bcc\u542f\u8499\u8bfb\u7269\uff01 \u5f15\u5bfc\u5b69\u5b50\u6b63\u786e\u8ba4\u8bc6\u8d22\u5bcc\u3001\u521b\u9020\u8d22\u5bcc\u7684\u201c\u91d1\u94b1\u7ae5\u8bdd\u201d\uff01 \u5409\u5a05\u662f\u4e00\u4e2a\u666e\u901a\u768412\u5c81\u5973\u5b69\uff0c\u4e00\u6b21\u5076\u7136\u7684\u673a\u4f1a [&hellip;]<\/p>\n","protected":false},"featured_media":26266,"template":"","meta":{"advanced_seo_description":"","jetpack_seo_html_title":"","jetpack_seo_noindex":false,"jetpack_post_was_ever_published":false},"product_brand":[],"product_cat":[132914,132938],"product_tag":[],"class_list":{"0":"post-6330","1":"product","2":"type-product","3":"status-publish","4":"has-post-thumbnail","6":"product_cat-132914","7":"product_cat-132938","9":"first","10":"outofstock","11":"taxable","12":"shipping-taxable","13":"purchasable","14":"product-type-simple"},"exclude_global_add_ons":[],"addons":[],"jetpack_sharing_enabled":true,"_links":{"self":[{"href":"https:\/\/bobobooks.de\/de\/wp-json\/wp\/v2\/product\/6330","targetHints":{"allow":["GET"]}}],"collection":[{"href":"https:\/\/bobobooks.de\/de\/wp-json\/wp\/v2\/product"}],"about":[{"href":"https:\/\/bobobooks.de\/de\/wp-json\/wp\/v2\/types\/product"}],"version-history":[{"count":2,"href":"https:\/\/bobobooks.de\/de\/wp-json\/wp\/v2\/product\/6330\/revisions"}],"predecessor-version":[{"id":10471,"href":"https:\/\/bobobooks.de\/de\/wp-json\/wp\/v2\/product\/6330\/revisions\/10471"}],"wp:featuredmedia":[{"embeddable":true,"href":"https:\/\/bobobooks.de\/de\/wp-json\/wp\/v2\/media\/26266"}],"wp:attachment":[{"href":"https:\/\/bobobooks.de\/de\/wp-json\/wp\/v2\/media?parent=6330"}],"wp:term":[{"taxonomy":"product_brand","embeddable":true,"href":"https:\/\/bobobooks.de\/de\/wp-json\/wp\/v2\/product_brand?post=6330"},{"taxonomy":"product_cat","embeddable":true,"href":"https:\/\/bobobooks.de\/de\/wp-json\/wp\/v2\/product_cat?post=6330"},{"taxonomy":"product_tag","embeddable":true,"href":"https:\/\/bobobooks.de\/de\/wp-json\/wp\/v2\/product_tag?post=6330"}],"curies":[{"name":"wp","href":"https:\/\/api.w.org\/{rel}","templated":true}]}}