{"id":6118,"date":"2022-01-29T21:57:15","date_gmt":"2022-01-29T20:57:15","guid":{"rendered":"https:\/\/bobobooks.de\/?post_type=product&#038;p=6118"},"modified":"2026-01-01T16:22:45","modified_gmt":"2026-01-01T15:22:45","slug":"mein-start-in-deutschland","status":"publish","type":"product","link":"https:\/\/bobobooks.de\/de\/mein-start-in-deutschland\/","title":{"rendered":"Mein Start in Deutschland"},"content":{"rendered":"<p>In ein fremdes Land zu gehen, ist nicht immer leicht. Besonders dann nicht, wenn man dort auch leben wird. Das Buch l\u00e4sst auf sehr unterhaltsame Weise die Erlebnisse, Konflikte und Probleme einer chinesischen Germanistik-Studentin miterleben, die ihr Auslandssemester in Deutschland verbringt, in China arbeitet und dann den gr\u00f6\u00dften Wechsel ihres Lebens wagt: Dauerhaft nach Deutschland zu kommen. Der gro\u00dfe Kulturunterschied l\u00f6st zahlreiche Anpassungs- und Umformprozesse aus. Das Happy-End zeigt sehr plastisch, wie Integration gelingen kann und was dabei wichtig ist.<br \/>\nDurch die Erlebnisse der Studentin wird in faszinierender Weise die europ\u00e4ische und insbesondere deutsche Wertewelt aus chinesischer Sicht widergespiegelt. Dabei lernt man nicht nur die chinesische Denk- und Erlebniswelt kennen, sondern indirekt auch die eigene. Dar\u00fcber hinaus wird deutlich, mit welchen Herausforderungen jemand konfrontiert ist, der aus einem anderen Kulturkreis nach Deutschland kommt. Das Buch zeigt auch, wie Sprache und Beruf ein wichtiger Schl\u00fcssel der Integration sind und wie diese Schritt f\u00fcr Schritt auf dem Weg in die deutsche Gesellschaft helfen.<\/p>","protected":false},"excerpt":{"rendered":"<p>In ein fremdes Land zu gehen, ist nicht immer leicht. B [&hellip;]<\/p>\n","protected":false},"featured_media":25454,"template":"","meta":{"advanced_seo_description":"","jetpack_seo_html_title":"","jetpack_seo_noindex":false,"jetpack_post_was_ever_published":false},"product_brand":[],"product_cat":[132918,132921],"product_tag":[],"class_list":{"0":"post-6118","1":"product","2":"type-product","3":"status-publish","4":"has-post-thumbnail","6":"product_cat-booksingerman","7":"product_cat-interkultur","9":"first","10":"instock","11":"taxable","12":"shipping-taxable","13":"purchasable","14":"product-type-simple"},"exclude_global_add_ons":[],"addons":[],"jetpack_sharing_enabled":true,"_links":{"self":[{"href":"https:\/\/bobobooks.de\/de\/wp-json\/wp\/v2\/product\/6118","targetHints":{"allow":["GET"]}}],"collection":[{"href":"https:\/\/bobobooks.de\/de\/wp-json\/wp\/v2\/product"}],"about":[{"href":"https:\/\/bobobooks.de\/de\/wp-json\/wp\/v2\/types\/product"}],"version-history":[{"count":2,"href":"https:\/\/bobobooks.de\/de\/wp-json\/wp\/v2\/product\/6118\/revisions"}],"predecessor-version":[{"id":10686,"href":"https:\/\/bobobooks.de\/de\/wp-json\/wp\/v2\/product\/6118\/revisions\/10686"}],"wp:featuredmedia":[{"embeddable":true,"href":"https:\/\/bobobooks.de\/de\/wp-json\/wp\/v2\/media\/25454"}],"wp:attachment":[{"href":"https:\/\/bobobooks.de\/de\/wp-json\/wp\/v2\/media?parent=6118"}],"wp:term":[{"taxonomy":"product_brand","embeddable":true,"href":"https:\/\/bobobooks.de\/de\/wp-json\/wp\/v2\/product_brand?post=6118"},{"taxonomy":"product_cat","embeddable":true,"href":"https:\/\/bobobooks.de\/de\/wp-json\/wp\/v2\/product_cat?post=6118"},{"taxonomy":"product_tag","embeddable":true,"href":"https:\/\/bobobooks.de\/de\/wp-json\/wp\/v2\/product_tag?post=6118"}],"curies":[{"name":"wp","href":"https:\/\/api.w.org\/{rel}","templated":true}]}}