{"id":5929,"date":"2022-01-17T08:34:33","date_gmt":"2022-01-17T07:34:33","guid":{"rendered":"https:\/\/bobobooks.de\/?post_type=product&#038;p=5929"},"modified":"2026-01-01T16:22:45","modified_gmt":"2026-01-01T15:22:45","slug":"hua-gei-hai-zi-de-shi-er-sheng-xiao","status":"publish","type":"product","link":"https:\/\/bobobooks.de\/de\/hua-gei-hai-zi-de-shi-er-sheng-xiao\/","title":{"rendered":"Zeichnen von Tierkreiszeichen f\u00fcr Kinder"},"content":{"rendered":"<p>Vom Inhalt bis zur Form ist das Buch farbenfroh, nah an der Welt der Kinder, lesbar, k\u00fcnstlerisch und anregend, was es zu einer hervorragenden Kinderfibel macht.<\/p>\n<p>Es ist reich an Inhalten und verbindet Geschichten, Spa\u00df und Wissen. W\u00e4hrend es die Geschichte jedes Sternzeichens vorstellt, deckt es auch ein breites Spektrum an Bereichen wie traditionelle Kultur, Kunstmythen, Gedichte und Sprichw\u00f6rter ab.<\/p>\n<p>Eine neue Variante der traditionellen Geschichte, die es den Kindern leicht macht, etwas \u00fcber die Urspr\u00fcnge des chinesischen Tierkreises zu lernen.<\/p>\n<p>Die Sprache ist leicht verst\u00e4ndlich und die Handlung ist humorvoll genug, dass Kinder sie lesen und verstehen k\u00f6nnen.<\/p>\n<p>Klug konzipiert und mit lebensnahen Illustrationen versehen, ist dies eine leichte und unterhaltsame Lekt\u00fcre f\u00fcr Kinder.<\/p>\n<p>Papierdruck, Verwendung von hochwertigem Ben White Papier, nicht invasiv; Verwendung von ungiftiger Sojatinte, umweltfreundlicher Druck.<\/p>\n<p>Die Chinesen sind daran gew\u00f6hnt, den chinesischen Tierkreis zu benutzen, um ihr Alter zu berechnen, und diese Gewohnheit hat sich seit Tausenden von Jahren gehalten. Dieses Buch ist eine wunderbare illustrierte Bilderbuch, den Ursprung des chinesischen Tierkreises, Ranking begann die zw\u00f6lf Tierkreiszeichen einzuf\u00fchren, bzw. von Anfang an die wunderbare kleine Geschichte, f\u00fcr junge Leser, um die Kultur des chinesischen Tierkreises zu entfalten - ein Jahr des chinesischen Tierkreises, zw\u00f6lf Jahre eines Zyklus, was die alten astronomischen Kalender, das Alter der Rituale und Br\u00e4uche, so dass die jungen Leser die Geschichte der Folklore und die kulturellen Konnotationen des chinesischen Tierkreises zu verstehen Es erm\u00f6glicht den jungen Lesern, die Geschichte der Folklore, die kulturelle Konnotation der Geschichte und Kultur des chinesischen Tierkreises zu verstehen und das Licht der Weisheit der Alten zu sp\u00fcren.<\/p>","protected":false},"excerpt":{"rendered":"<p>\u4ece\u5185\u5bb9\u5230\u5f62\u5f0f\uff0c\u672c\u4e66\u5f02\u5f69\u7eb7\u5448\uff0c\u8d34\u8fd1\u513f\u7ae5\u4e16\u754c\uff0c\u65e2\u6709\u53ef\u8bfb\u6027\uff0c\u53c8\u6709\u827a\u672f\u6027\uff0c\u8fd8\u6709\u542f\u53d1\u6027\uff0c\u662f\u4e00\u672c\u4f18\u79c0\u7684\u513f\u7ae5\u542f\u8499\u4e66\u3002 \u5185\u5bb9\u4e30 [&hellip;]<\/p>\n","protected":false},"featured_media":26373,"template":"","meta":{"advanced_seo_description":"","jetpack_seo_html_title":"","jetpack_seo_noindex":false,"jetpack_post_was_ever_published":false},"product_brand":[],"product_cat":[132644,132909],"product_tag":[],"class_list":{"0":"post-5929","1":"product","2":"type-product","3":"status-publish","4":"has-post-thumbnail","6":"product_cat-childrensbooks","7":"product_cat-132909","9":"first","10":"outofstock","11":"taxable","12":"shipping-taxable","13":"purchasable","14":"product-type-simple"},"exclude_global_add_ons":[],"addons":[],"jetpack_sharing_enabled":true,"_links":{"self":[{"href":"https:\/\/bobobooks.de\/de\/wp-json\/wp\/v2\/product\/5929","targetHints":{"allow":["GET"]}}],"collection":[{"href":"https:\/\/bobobooks.de\/de\/wp-json\/wp\/v2\/product"}],"about":[{"href":"https:\/\/bobobooks.de\/de\/wp-json\/wp\/v2\/types\/product"}],"version-history":[{"count":2,"href":"https:\/\/bobobooks.de\/de\/wp-json\/wp\/v2\/product\/5929\/revisions"}],"predecessor-version":[{"id":11284,"href":"https:\/\/bobobooks.de\/de\/wp-json\/wp\/v2\/product\/5929\/revisions\/11284"}],"wp:featuredmedia":[{"embeddable":true,"href":"https:\/\/bobobooks.de\/de\/wp-json\/wp\/v2\/media\/26373"}],"wp:attachment":[{"href":"https:\/\/bobobooks.de\/de\/wp-json\/wp\/v2\/media?parent=5929"}],"wp:term":[{"taxonomy":"product_brand","embeddable":true,"href":"https:\/\/bobobooks.de\/de\/wp-json\/wp\/v2\/product_brand?post=5929"},{"taxonomy":"product_cat","embeddable":true,"href":"https:\/\/bobobooks.de\/de\/wp-json\/wp\/v2\/product_cat?post=5929"},{"taxonomy":"product_tag","embeddable":true,"href":"https:\/\/bobobooks.de\/de\/wp-json\/wp\/v2\/product_tag?post=5929"}],"curies":[{"name":"wp","href":"https:\/\/api.w.org\/{rel}","templated":true}]}}