{"id":5916,"date":"2022-01-17T08:34:27","date_gmt":"2022-01-17T07:34:27","guid":{"rendered":"https:\/\/bobobooks.de\/?post_type=product&#038;p=5916"},"modified":"2026-01-01T16:22:44","modified_gmt":"2026-01-01T15:22:44","slug":"raus-aus-der-blackbox-der-selbstwahrnehmung","status":"publish","type":"product","link":"https:\/\/bobobooks.de\/de\/zou-chu-zi-wo-ren-zhi-de-hei-xiang\/","title":{"rendered":"Raus aus der Blackbox der Selbstwahrnehmung"},"content":{"rendered":"<p>Out of the Black Box of Self-Cognition ist ein psychotherapeutisches Buch, das verdr\u00e4ngten, \u00e4ngstlichen und dysfunktionalen Erwachsenen helfen kann, ihre inneren Konflikte zu integrieren und Selbsterkenntnis, Selbstvertrauen und Selbsttransformation zu erreichen.<\/p>\n<p>Als erfahrene Beraterin verbindet Frau Zhou Xiaokuan ihr Fachwissen mit realen F\u00e4llen, um mit den Lesern \u00fcber Familie, Liebe und Hass sowie die Wahrheit zu sprechen.<\/p>\n<p>Ihre Worte sind wie Schl\u00fcssel, die die verschlossene Blackbox der Erkenntnis aufschlie\u00dfen und die Geheimnisse des Verstandes, das generationen\u00fcbergreifende Trauma der Herkunftsfamilie und das Unterbewusstsein des Herzens enth\u00fcllen k\u00f6nnen.<\/p>\n<p>Welche Erfahrungen haben Sie ver\u00e4ndert?<\/p>\n<p>Was sind die Traumata, die Ihnen Schmerzen bereiten?<\/p>\n<p>Wie kommen wir aus der Falle der Gef\u00fchle, der Beziehungen und des \"Lebens f\u00fcr andere\" heraus?<\/p>\n<p>Die Autorin gibt Ihnen in diesem Buch Antworten darauf, wie Sie sich vergangenen Erfahrungen und Traumata stellen k\u00f6nnen, wie Sie Emotionen verstehen und verarbeiten k\u00f6nnen und wie Sie Verluste in Beziehungen rechtzeitig stoppen k\u00f6nnen, um die dunkelste und schmerzhafteste Phase Ihres Lebens zu \u00fcberwinden.<\/p>\n<p>Die Realit\u00e4ten zu sehen, die man in der Vergangenheit nie gesehen hat, und die Welt der Selbsterkenntnis zu rekonstruieren - das ist Wiedergeburt.<\/p>\n<p>Wenn du das Buch aufschl\u00e4gst und weiterliest, bist du ein Mann mit Mut.<\/p>","protected":false},"excerpt":{"rendered":"<p>\u300a\u8d70\u51fa\u81ea\u6211\u8ba4\u77e5\u7684\u9ed1\u7bb1\u300b\u662f\u4e00\u672c\u53ef\u4ee5\u5e2e\u52a9\u538b\u6291\u3001\u7126\u8651\u3001\u5931\u52a9\u7684\u6210\u5e74\u4eba\uff0c\u6574\u5408\u5185\u5fc3\u7684\u51b2\u7a81\uff0c\u5b8c\u6210\u8ba4\u77e5\u81ea\u6211\u3001\u5bbd\u5982\u81ea\u6211\u3001\u6539\u53d8\u81ea\u6211 [&hellip;]<\/p>\n","protected":false},"featured_media":26255,"template":"","meta":{"advanced_seo_description":"","jetpack_seo_html_title":"","jetpack_seo_noindex":false,"jetpack_post_was_ever_published":false},"product_brand":[],"product_cat":[132721,132779],"product_tag":[],"class_list":{"0":"post-5916","1":"product","2":"type-product","3":"status-publish","4":"has-post-thumbnail","6":"product_cat-132721","7":"product_cat-132779","9":"first","10":"instock","11":"taxable","12":"shipping-taxable","13":"purchasable","14":"product-type-simple"},"exclude_global_add_ons":[],"addons":[],"jetpack_sharing_enabled":true,"_links":{"self":[{"href":"https:\/\/bobobooks.de\/de\/wp-json\/wp\/v2\/product\/5916","targetHints":{"allow":["GET"]}}],"collection":[{"href":"https:\/\/bobobooks.de\/de\/wp-json\/wp\/v2\/product"}],"about":[{"href":"https:\/\/bobobooks.de\/de\/wp-json\/wp\/v2\/types\/product"}],"version-history":[{"count":2,"href":"https:\/\/bobobooks.de\/de\/wp-json\/wp\/v2\/product\/5916\/revisions"}],"predecessor-version":[{"id":11987,"href":"https:\/\/bobobooks.de\/de\/wp-json\/wp\/v2\/product\/5916\/revisions\/11987"}],"wp:featuredmedia":[{"embeddable":true,"href":"https:\/\/bobobooks.de\/de\/wp-json\/wp\/v2\/media\/26255"}],"wp:attachment":[{"href":"https:\/\/bobobooks.de\/de\/wp-json\/wp\/v2\/media?parent=5916"}],"wp:term":[{"taxonomy":"product_brand","embeddable":true,"href":"https:\/\/bobobooks.de\/de\/wp-json\/wp\/v2\/product_brand?post=5916"},{"taxonomy":"product_cat","embeddable":true,"href":"https:\/\/bobobooks.de\/de\/wp-json\/wp\/v2\/product_cat?post=5916"},{"taxonomy":"product_tag","embeddable":true,"href":"https:\/\/bobobooks.de\/de\/wp-json\/wp\/v2\/product_tag?post=5916"}],"curies":[{"name":"wp","href":"https:\/\/api.w.org\/{rel}","templated":true}]}}