{"id":4493,"date":"2021-09-04T20:59:14","date_gmt":"2021-09-04T18:59:14","guid":{"rendered":"https:\/\/bobobooks.de\/?post_type=product&#038;p=4493"},"modified":"2026-02-13T07:06:10","modified_gmt":"2026-02-13T06:06:10","slug":"eine-mahlzeit-eine-welt","status":"publish","type":"product","link":"https:\/\/bobobooks.de\/de\/yi-fan-yi-shi-jie\/","title":{"rendered":"Eine Mahlzeit, eine Welt."},"content":{"rendered":"<p>Die neue, \u00fcberarbeitete Ausgabe von \"Eine Mahlzeit pro Welt\" setzt den frischen Stil des Vorg\u00e4ngers fort, indem sie \u00fcber die Heimatstadt auf der Zunge schreibt und eine andere Essenskultur in Jiangnan pr\u00e4sentiert. Der Autor schreibt in einem frischen Stil \u00fcber das Essen seiner Heimatstadt und das Essen der Welt, spricht \u00fcber die Menschen hinter dem Essen und die kulturellen Anekdoten und bricht die lokale Kultur und die Br\u00e4uche mit der Essenskultur, was sehr emotional ist und die Qualit\u00e4ten der Romane der Ming- und Qing-Dynastie hat.<\/p>\n<p>In jedem Essen steckt ein menschlicher Geschmack, und jedes Essen ist eine Erinnerung. Dies ist ein Buch \u00fcber Emotionen und Erinnerungen - ob Nostalgie auf der Zungenspitze oder Essen auf dem Weg einer langen Reise durch das Leben, in jeder Mahlzeit ist eine Welt verborgen.<\/p>\n<p>Der Inhalt des Buches ist in f\u00fcnf Serien unterteilt. Die erste Serie \"Aufzeichnungen \u00fcber die Heimatstadt\" beschreibt haupts\u00e4chlich den Geschmack von Gras, B\u00e4umen, Obst und Gem\u00fcse in der Heimatstadt; die zweite Serie \"Aufzeichnungen \u00fcber Licht und Zeit\" h\u00e4lt fest, dass er anhand der Speisen, die er gekostet hat, den Lauf der Zeit und die Ver\u00e4nderung der Zeit, die in den Speisen enthalten ist, gesp\u00fcrt hat; die dritte Serie \"Reis und Reisbuch\" konzentriert sich auf das Leben des Reises, vom Reiskorn \u00fcber die Bl\u00fcte und das Korn bis hin zum Reis; die vierte Serie \"Aufzeichnungen \u00fcber Reisen und Speisen\" beschreibt haupts\u00e4chlich die Speisen, denen er auf seinen Reisen im Mutterland begegnet ist; und die f\u00fcnfte Serie \"Speisen und Speisen der Antike\" beschreibt die Speisen der Antike. Die f\u00fcnfte Serie des Buches befasst sich mit dem Essen der Antike. Die Autoren sehen alle Arten von Leben aus kleinen Lebensmitteln, und sind voller tiefer Zuneigung zu ihren Heimatst\u00e4dten und Liebe zum Leben.<\/p>\n<p>&nbsp;<\/p>","protected":false},"excerpt":{"rendered":"<p>\u300a\u4e00\u996d\u4e00\u4e16\u754c\u300b\u5168\u65b0\u4fee\u8ba2\u7248\uff0c\u5ef6\u7eed\u4ee5\u5f80\u6e05\u65b0\u98ce\u683c\uff0c\u4e66\u5199\u5473\u857e\u4e0a\u7684\u6545\u4e61\uff0c\u5448\u73b0\u522b\u6837\u7684\u6c5f\u5357\u996e\u98df\u6587\u5316\u3002\u4f5c\u8005\u7528\u6e05\u65b0\u7684\u6587\u7b14\u4e66\u5199\u6545\u4e61 [&hellip;]<\/p>\n","protected":false},"featured_media":26237,"template":"","meta":{"advanced_seo_description":"","jetpack_seo_html_title":"","jetpack_seo_noindex":false,"jetpack_post_was_ever_published":false},"product_brand":[],"product_cat":[132641,132642],"product_tag":[],"class_list":{"0":"post-4493","1":"product","2":"type-product","3":"status-publish","4":"has-post-thumbnail","6":"product_cat-132641","7":"product_cat-yswh","9":"first","10":"instock","11":"taxable","12":"shipping-taxable","13":"purchasable","14":"product-type-simple"},"exclude_global_add_ons":[],"addons":[],"jetpack_sharing_enabled":true,"_links":{"self":[{"href":"https:\/\/bobobooks.de\/de\/wp-json\/wp\/v2\/product\/4493","targetHints":{"allow":["GET"]}}],"collection":[{"href":"https:\/\/bobobooks.de\/de\/wp-json\/wp\/v2\/product"}],"about":[{"href":"https:\/\/bobobooks.de\/de\/wp-json\/wp\/v2\/types\/product"}],"version-history":[{"count":3,"href":"https:\/\/bobobooks.de\/de\/wp-json\/wp\/v2\/product\/4493\/revisions"}],"predecessor-version":[{"id":10961,"href":"https:\/\/bobobooks.de\/de\/wp-json\/wp\/v2\/product\/4493\/revisions\/10961"}],"wp:featuredmedia":[{"embeddable":true,"href":"https:\/\/bobobooks.de\/de\/wp-json\/wp\/v2\/media\/26237"}],"wp:attachment":[{"href":"https:\/\/bobobooks.de\/de\/wp-json\/wp\/v2\/media?parent=4493"}],"wp:term":[{"taxonomy":"product_brand","embeddable":true,"href":"https:\/\/bobobooks.de\/de\/wp-json\/wp\/v2\/product_brand?post=4493"},{"taxonomy":"product_cat","embeddable":true,"href":"https:\/\/bobobooks.de\/de\/wp-json\/wp\/v2\/product_cat?post=4493"},{"taxonomy":"product_tag","embeddable":true,"href":"https:\/\/bobobooks.de\/de\/wp-json\/wp\/v2\/product_tag?post=4493"}],"curies":[{"name":"wp","href":"https:\/\/api.w.org\/{rel}","templated":true}]}}