{"id":4489,"date":"2021-09-04T20:59:14","date_gmt":"2021-09-04T18:59:14","guid":{"rendered":"https:\/\/bobobooks.de\/?post_type=product&#038;p=4489"},"modified":"2026-01-01T16:22:37","modified_gmt":"2026-01-01T15:22:37","slug":"lieben-sie-das-leben-so-sehr-wie-sie-bier-lieben","status":"publish","type":"product","link":"https:\/\/bobobooks.de\/de\/ai-sheng-huo-ru-ai-pi-jiu\/","title":{"rendered":"Lieben Sie das Leben so sehr, wie Sie Bier lieben."},"content":{"rendered":"<p>Als eines der wichtigsten L\u00e4nder in Europa ist das kulturelle Engagement Deutschlands mit China bisher nicht ausreichend beachtet worden. Der Autor dieses Buches steht seit vielen Jahren an vorderster Front des deutsch-chinesischen Kulturaustausches und hat viele der humanistischen Anekdoten erlebt und miterlebt, die sich bei der Begegnung ergeben.<\/p>\n<p>Wie kommt die chinesische Kultur nach Deutschland? Wie akzeptiert und betrachtet Deutschland die chinesische Kultur und Kulturschaffende? Was ist die tiefe Beschaffenheit und Struktur der deutschen Kultur? Der Autor bringt uns warme Antworten durch eine reale kulturelle Geschichte.<\/p>\n<p>Und als Leiter der Frankfurter Buchmesse, der gr\u00f6\u00dften Buchmesse der Welt, und des China-Gesch\u00e4fts des internationalen Verlagsriesen Acheter nimmt der Autor auch den Standpunkt eines Reporters ein, um die kulturelle Reise chinesischer Schriftsteller wie Yu Hua, Mai Jia, Liu Cixin, Bei Dao, Wang Anyi usw. in Deutschland tiefgr\u00fcndig zu rekonstruieren und eine weitere M\u00f6glichkeit der zeitgen\u00f6ssischen chinesischen Literatur im Kontext der wechselseitigen Kommunikation zwischen der chinesischen und der westlichen Kultur zu entdecken.<\/p>","protected":false},"excerpt":{"rendered":"<p>\u4f5c\u4e3a\u6b27\u6d32\u6700\u91cd\u8981\u7684\u56fd\u5bb6\u4e4b\u4e00\uff0c\u5fb7\u56fd\u4e0e\u4e2d\u56fd\u5728\u6587\u5316\u9886\u57df\u7684\u4ea4\u5f80\uff0c\u4e00\u76f4\u4ee5\u6765\u90fd\u6ca1\u6709\u5f97\u5230\u8db3\u591f\u7684\u5173\u6ce8\u3002\u672c\u4e66\u4f5c\u8005\u5e38\u5e74\u5904\u4e8e\u4e2d\u5fb7\u6587\u5316\u4ea4 [&hellip;]<\/p>\n","protected":false},"featured_media":25856,"template":"","meta":{"advanced_seo_description":"","jetpack_seo_html_title":"","jetpack_seo_noindex":false,"jetpack_post_was_ever_published":false},"product_brand":[],"product_cat":[132641,132758],"product_tag":[],"class_list":{"0":"post-4489","1":"product","2":"type-product","3":"status-publish","4":"has-post-thumbnail","6":"product_cat-132641","7":"product_cat-132758","9":"first","10":"instock","11":"taxable","12":"shipping-taxable","13":"purchasable","14":"product-type-simple"},"exclude_global_add_ons":[],"addons":[],"jetpack_sharing_enabled":true,"_links":{"self":[{"href":"https:\/\/bobobooks.de\/de\/wp-json\/wp\/v2\/product\/4489","targetHints":{"allow":["GET"]}}],"collection":[{"href":"https:\/\/bobobooks.de\/de\/wp-json\/wp\/v2\/product"}],"about":[{"href":"https:\/\/bobobooks.de\/de\/wp-json\/wp\/v2\/types\/product"}],"version-history":[{"count":2,"href":"https:\/\/bobobooks.de\/de\/wp-json\/wp\/v2\/product\/4489\/revisions"}],"predecessor-version":[{"id":10936,"href":"https:\/\/bobobooks.de\/de\/wp-json\/wp\/v2\/product\/4489\/revisions\/10936"}],"wp:featuredmedia":[{"embeddable":true,"href":"https:\/\/bobobooks.de\/de\/wp-json\/wp\/v2\/media\/25856"}],"wp:attachment":[{"href":"https:\/\/bobobooks.de\/de\/wp-json\/wp\/v2\/media?parent=4489"}],"wp:term":[{"taxonomy":"product_brand","embeddable":true,"href":"https:\/\/bobobooks.de\/de\/wp-json\/wp\/v2\/product_brand?post=4489"},{"taxonomy":"product_cat","embeddable":true,"href":"https:\/\/bobobooks.de\/de\/wp-json\/wp\/v2\/product_cat?post=4489"},{"taxonomy":"product_tag","embeddable":true,"href":"https:\/\/bobobooks.de\/de\/wp-json\/wp\/v2\/product_tag?post=4489"}],"curies":[{"name":"wp","href":"https:\/\/api.w.org\/{rel}","templated":true}]}}