{"id":4487,"date":"2021-09-04T20:59:14","date_gmt":"2021-09-04T18:59:14","guid":{"rendered":"https:\/\/bobobooks.de\/?post_type=product&#038;p=4487"},"modified":"2026-01-01T16:22:36","modified_gmt":"2026-01-01T15:22:36","slug":"eine-lange-pause","status":"publish","type":"product","link":"https:\/\/bobobooks.de\/de\/man-chang-de-zhong-chang-xiu-xi\/","title":{"rendered":"Eine lange Pause"},"content":{"rendered":"<p>The Long Halftime Walk ist ein abendf\u00fcllender Roman des amerikanischen Autors Ben Fontaine und das Originaldrehbuch f\u00fcr den Film Billy Lynn's Halftime Walk von Ang Lee.<\/p>\n<p>-<\/p>\n<p>Billy Lynns Truppe von B-Soldaten errang im Irak einen kurzen Sieg in 3 Minuten und 43 Sekunden. \u00dcber Nacht wurden sie zu Amerikas Helden.<\/p>\n<p>Alle sagten \"Danke\", und Reporter und Hollywood-Regisseure str\u00f6mten zu der Veranstaltung. Sie wurden sogar zur Halbzeitshow des Super Bowls eingeladen.<\/p>\n<p>Mit dem brillanten Feuerwerk, das in seinen Ohren explodierte, und den Pailletten an seinen Backgroundt\u00e4nzern, die um seinen K\u00f6rper herumwirbelten, schien der Krieg unglaublich weit weg. Aber einen Moment lang dachte Billy, dass es besser war, im Krieg zu sein, besser als wie ein B\u00fchnenbild herumgeschoben zu werden. Gott war sein Zeuge, dass K\u00e4mpfen zwar schei\u00dfe war, aber er konnte nicht wirklich erkennen, was an diesem langweiligen, friedlichen Leben so toll war.<\/p>\n<p>An diesem Tag steht Billy Lynn vor der gr\u00f6\u00dften Herausforderung seines Lebens.<\/p>","protected":false},"excerpt":{"rendered":"<p>\u300a\u6f2b\u957f\u7684\u4e2d\u573a\u4f11\u606f\u300b\u662f\u7f8e\u56fd\u4f5c\u5bb6\u672c\u2022\u65b9\u767b\u7684\u957f\u7bc7\u5c0f\u8bf4\uff0c\u4e5f\u662f\u674e\u5b89\u7535\u5f71\u300a\u6bd4\u5229\u2022\u6797\u6069\u7684\u4e2d\u573a\u6218\u4e8b\u300b\u539f\u8457\u3002 \u00b7 \u6bd4\u5229\u2022\u6797\u6069\u6240\u5728 [&hellip;]<\/p>\n","protected":false},"featured_media":26235,"template":"","meta":{"advanced_seo_description":"","jetpack_seo_html_title":"","jetpack_seo_noindex":false,"jetpack_post_was_ever_published":false},"product_brand":[],"product_cat":[132931,132936],"product_tag":[],"class_list":{"0":"post-4487","1":"product","2":"type-product","3":"status-publish","4":"has-post-thumbnail","6":"product_cat-132931","7":"product_cat-132936","9":"first","10":"instock","11":"taxable","12":"shipping-taxable","13":"purchasable","14":"product-type-simple"},"exclude_global_add_ons":[],"addons":[],"jetpack_sharing_enabled":true,"_links":{"self":[{"href":"https:\/\/bobobooks.de\/de\/wp-json\/wp\/v2\/product\/4487","targetHints":{"allow":["GET"]}}],"collection":[{"href":"https:\/\/bobobooks.de\/de\/wp-json\/wp\/v2\/product"}],"about":[{"href":"https:\/\/bobobooks.de\/de\/wp-json\/wp\/v2\/types\/product"}],"version-history":[{"count":2,"href":"https:\/\/bobobooks.de\/de\/wp-json\/wp\/v2\/product\/4487\/revisions"}],"predecessor-version":[{"id":10953,"href":"https:\/\/bobobooks.de\/de\/wp-json\/wp\/v2\/product\/4487\/revisions\/10953"}],"wp:featuredmedia":[{"embeddable":true,"href":"https:\/\/bobobooks.de\/de\/wp-json\/wp\/v2\/media\/26235"}],"wp:attachment":[{"href":"https:\/\/bobobooks.de\/de\/wp-json\/wp\/v2\/media?parent=4487"}],"wp:term":[{"taxonomy":"product_brand","embeddable":true,"href":"https:\/\/bobobooks.de\/de\/wp-json\/wp\/v2\/product_brand?post=4487"},{"taxonomy":"product_cat","embeddable":true,"href":"https:\/\/bobobooks.de\/de\/wp-json\/wp\/v2\/product_cat?post=4487"},{"taxonomy":"product_tag","embeddable":true,"href":"https:\/\/bobobooks.de\/de\/wp-json\/wp\/v2\/product_tag?post=4487"}],"curies":[{"name":"wp","href":"https:\/\/api.w.org\/{rel}","templated":true}]}}