{"id":4449,"date":"2021-09-22T17:58:29","date_gmt":"2021-09-22T15:58:29","guid":{"rendered":"https:\/\/bobobooks.de\/?post_type=product&#038;p=4449"},"modified":"2026-01-01T16:22:29","modified_gmt":"2026-01-01T15:22:29","slug":"man-sollte-nicht-aufgrund-von-emotionen-verlieren","status":"publish","type":"product","link":"https:\/\/bobobooks.de\/de\/ni-bu-gai-shu-zai-qing-xu-shang\/","title":{"rendered":"Man sollte nicht aufgrund von Emotionen verlieren."},"content":{"rendered":"<p>Jeder versteht das gro\u00dfe Ganze, aber es ist schwer, die kleinen Gef\u00fchle zu kontrollieren. Emotionen m\u00f6gen klein sein, aber sie sind m\u00e4chtig. Der Umgang mit negativen Emotionen ist f\u00fcr die meisten Menschen zu einem Problem geworden.<\/p>\n<p>Was ist mit den manchmal unbewussten Emotionen, der schlechten Sprache und der Verletzlichkeit der Menschen? Dieses Buch analysiert die Ursachen von Emotionen aus verschiedenen Blickwinkeln.<\/p>\n<p>Unabh\u00e4ngig von Arbeit und Leben ist es notwendig, die eigenen Emotionen zu managen, rationales Denken zu nutzen und den Wert der emotionalen Intelligenz zu verbessern. In diesem Buch wird nicht nur erkl\u00e4rt, wie man alle Arten von Emotionen erkennt und versteht, sondern es werden auch Theorie und Fallbeispiele kombiniert, um den Menschen zu zeigen, wie sie ihre Emotionen steuern und in Sekundenschnelle hochgradig emotional intelligent werden k\u00f6nnen.<\/p>\n<p>Sie k\u00f6nnen durch dieses Buch lernen:<\/p>\n<p>Wie man negative Emotionen losl\u00e4sst;<\/p>\n<p>Wie man Emotionen trainiert, um rationaler zu werden;<\/p>\n<p>Wie Sie Ihre Emotionen kontrollieren und lernen, sich im Leben \"zur\u00fcckzuhalten\";<\/p>\n<p>Wie man Emotionen managt und in Sekundenschnelle hochemotional wird.<\/p>\n<p>Der Autor erkl\u00e4rt und l\u00f6st die \"Probleme\", die sich hinter den Emotionen der Menschen verbergen, unter den Aspekten des Verstehens von Emotionen, der Kontrolle von Emotionen, des Managements von Emotionen und der Ver\u00e4nderung von Emotionen. Man ist nicht deshalb erfolglos, weil man weniger wei\u00df, sondern weil man oft nicht in der Lage ist, seine Emotionen zu steuern.<\/p>","protected":false},"excerpt":{"rendered":"<p>\u4eba\u4eba\u90fd\u61c2\u5927\u9053\u7406\uff0c\u5374\u96be\u4ee5\u63a7\u5236\u5c0f\u60c5\u7eea\u3002\u60c5\u7eea\u867d\u5c0f\uff0c\u4f46\u529b\u91cf\u5de8\u5927\u3002\u5982\u4f55\u7ba1\u7406\u8d1f\u9762\u60c5\u7eea\uff0c\u73b0\u5df2\u6210\u4e3a\u56f0\u6270\u591a\u6570\u4eba\u7684\u95ee\u9898\u3002 \u6709\u65f6\u65e0\u610f [&hellip;]<\/p>\n","protected":false},"featured_media":26262,"template":"","meta":{"advanced_seo_description":"","jetpack_seo_html_title":"","jetpack_seo_noindex":false,"jetpack_post_was_ever_published":false},"product_brand":[],"product_cat":[132721,132779],"product_tag":[],"class_list":{"0":"post-4449","1":"product","2":"type-product","3":"status-publish","4":"has-post-thumbnail","6":"product_cat-132721","7":"product_cat-132779","9":"first","10":"instock","11":"taxable","12":"shipping-taxable","13":"purchasable","14":"product-type-simple"},"exclude_global_add_ons":[],"addons":[],"jetpack_sharing_enabled":true,"_links":{"self":[{"href":"https:\/\/bobobooks.de\/de\/wp-json\/wp\/v2\/product\/4449","targetHints":{"allow":["GET"]}}],"collection":[{"href":"https:\/\/bobobooks.de\/de\/wp-json\/wp\/v2\/product"}],"about":[{"href":"https:\/\/bobobooks.de\/de\/wp-json\/wp\/v2\/types\/product"}],"version-history":[{"count":2,"href":"https:\/\/bobobooks.de\/de\/wp-json\/wp\/v2\/product\/4449\/revisions"}],"predecessor-version":[{"id":10941,"href":"https:\/\/bobobooks.de\/de\/wp-json\/wp\/v2\/product\/4449\/revisions\/10941"}],"wp:featuredmedia":[{"embeddable":true,"href":"https:\/\/bobobooks.de\/de\/wp-json\/wp\/v2\/media\/26262"}],"wp:attachment":[{"href":"https:\/\/bobobooks.de\/de\/wp-json\/wp\/v2\/media?parent=4449"}],"wp:term":[{"taxonomy":"product_brand","embeddable":true,"href":"https:\/\/bobobooks.de\/de\/wp-json\/wp\/v2\/product_brand?post=4449"},{"taxonomy":"product_cat","embeddable":true,"href":"https:\/\/bobobooks.de\/de\/wp-json\/wp\/v2\/product_cat?post=4449"},{"taxonomy":"product_tag","embeddable":true,"href":"https:\/\/bobobooks.de\/de\/wp-json\/wp\/v2\/product_tag?post=4449"}],"curies":[{"name":"wp","href":"https:\/\/api.w.org\/{rel}","templated":true}]}}