{"id":4309,"date":"2021-08-30T21:28:15","date_gmt":"2021-08-30T19:28:15","guid":{"rendered":"https:\/\/bobobooks.de\/?post_type=product&#038;p=4309"},"modified":"2026-01-01T16:22:28","modified_gmt":"2026-01-01T15:22:28","slug":"sprichwortgeschichten-aus-china","status":"publish","type":"product","link":"https:\/\/bobobooks.de\/de\/sprichwortgeschichten-aus-china\/","title":{"rendered":"Chinesische Redewendungen und Geschichten (Chinesisch-Deutsch zweisprachig)"},"content":{"rendered":"<p>\u4e2d\u56fd\u4f5c\u4e3a\u8c1a\u8bed\u4e4b\u4e61\uff0c\u8bb8\u591a\u6d41\u4f20\u81f3\u4eca\u7684\u6210\u8bed\u6545\u4e8b\u4e2d\u8574\u542b\u7740\u53e4\u8001\u7684\u667a\u6167\u548c\u4eba\u751f\u54f2\u5b66\u3002\u8fd9\u672c\u4e66\u5305\u542b\u4e86\u5341\u4e8c\u7bc7\u7ecf\u5178\u6210\u8bed\u6545\u4e8b\uff0c\u6bcf\u7bc7\u90fd\u5e26\u6709\u4e2d\u5fb7\u53cc\u8bed\u7684\u89e3\u8bfb\uff0c\u914d\u4ee5\u751f\u52a8\u5f62\u8c61\u7684\u6c34\u58a8\u753b\uff0c\u662f\u5e2e\u52a9\u4e2d\u5fb7\u8bfb\u8005\u4e86\u89e3\u4e2d\u56fd\u6210\u8bed\u6587\u5316\u7684\u4f73\u4f5c\u3002<\/p>\n<p>Was r\u00e4t die Schildkr\u00f6te der Kr\u00f6te, die auf dem Grund des Brunnens lebt? Wer nach China reist, sollte das wissen, denn China ist das Land der Sprichw\u00f6rter. Dieser Titel stellt die chinesische Spruchweisheiten in Form kleiner Geschichten vor und erkl\u00e4rt, in welchen Situationen sie noch heute verwendet werden \u2013 auf Deutsch und auf Chinesisch. Mit chinesischen Tuschezeichnungen illustriert.<\/p>","protected":false},"excerpt":{"rendered":"<p>\u4e2d\u56fd\u4f5c\u4e3a\u8c1a\u8bed\u4e4b\u4e61\uff0c\u8bb8\u591a\u6d41\u4f20\u81f3\u4eca\u7684\u6210\u8bed\u6545\u4e8b\u4e2d\u8574\u542b\u7740\u53e4\u8001\u7684\u667a\u6167\u548c\u4eba\u751f\u54f2\u5b66\u3002\u8fd9\u672c\u4e66\u5305\u542b\u4e86\u5341\u4e8c\u7bc7\u7ecf\u5178\u6210\u8bed\u6545\u4e8b\uff0c\u6bcf\u7bc7\u90fd\u5e26 [&hellip;]<\/p>\n","protected":false},"featured_media":25503,"template":"","meta":{"advanced_seo_description":"","jetpack_seo_html_title":"","jetpack_seo_noindex":false},"product_brand":[],"product_cat":[132679,132918,133054,133412],"product_tag":[],"class_list":{"0":"post-4309","1":"product","2":"type-product","3":"status-publish","4":"has-post-thumbnail","6":"product_cat-132679","7":"product_cat-booksingerman","8":"product_cat-133054","9":"product_cat-chinesisch","11":"first","12":"outofstock","13":"taxable","14":"shipping-taxable","15":"purchasable","16":"product-type-simple"},"exclude_global_add_ons":[],"addons":[],"jetpack_sharing_enabled":true,"_links":{"self":[{"href":"https:\/\/bobobooks.de\/de\/wp-json\/wp\/v2\/product\/4309","targetHints":{"allow":["GET"]}}],"collection":[{"href":"https:\/\/bobobooks.de\/de\/wp-json\/wp\/v2\/product"}],"about":[{"href":"https:\/\/bobobooks.de\/de\/wp-json\/wp\/v2\/types\/product"}],"version-history":[{"count":8,"href":"https:\/\/bobobooks.de\/de\/wp-json\/wp\/v2\/product\/4309\/revisions"}],"predecessor-version":[{"id":25533,"href":"https:\/\/bobobooks.de\/de\/wp-json\/wp\/v2\/product\/4309\/revisions\/25533"}],"wp:featuredmedia":[{"embeddable":true,"href":"https:\/\/bobobooks.de\/de\/wp-json\/wp\/v2\/media\/25503"}],"wp:attachment":[{"href":"https:\/\/bobobooks.de\/de\/wp-json\/wp\/v2\/media?parent=4309"}],"wp:term":[{"taxonomy":"product_brand","embeddable":true,"href":"https:\/\/bobobooks.de\/de\/wp-json\/wp\/v2\/product_brand?post=4309"},{"taxonomy":"product_cat","embeddable":true,"href":"https:\/\/bobobooks.de\/de\/wp-json\/wp\/v2\/product_cat?post=4309"},{"taxonomy":"product_tag","embeddable":true,"href":"https:\/\/bobobooks.de\/de\/wp-json\/wp\/v2\/product_tag?post=4309"}],"curies":[{"name":"wp","href":"https:\/\/api.w.org\/{rel}","templated":true}]}}