{"id":4308,"date":"2021-08-30T21:28:15","date_gmt":"2021-08-30T19:28:15","guid":{"rendered":"https:\/\/bobobooks.de\/?post_type=product&#038;p=4308"},"modified":"2026-01-01T16:22:28","modified_gmt":"2026-01-01T15:22:28","slug":"die-weise-schlange-mythen-marchen-legenden-aus-china","status":"publish","type":"product","link":"https:\/\/bobobooks.de\/de\/die-weise-schlange\/","title":{"rendered":"Die wei\u00dfe Schlange - Eine Sammlung chinesischer Mythologiegeschichten (Deutsch)"},"content":{"rendered":"<h3>Chinesische M\u00e4rchen, Mythen und Legenden<\/h3>\n<p>Verfolgen Sie, wie der g\u00f6ttliche Knabe Ne Zha es mit den D\u00e4monen des Drachenk\u00f6nigs aufnimmt. Fliegen Sie mit dem sch\u00f6nen Chang E zum Mond. Oder begleiten Sie den Affenk\u00f6nig Sun Wukong auf seinen Abenteuern!<span class=\"Apple-converted-space\">\u00a0<\/span><\/p>\n<p>Wer ein fremdes Land verstehen will, tut gut daran, dessen geistige Wurzeln kennen zu lernen. Zu den \u00e4ltesten Wurzeln geh\u00f6ren jeweils die Mythen, M\u00e4rchen und Legenden einer Kultur. Zu den \u00e4ltesten Wurzeln geh\u00f6ren jeweils die Mythen, M\u00e4rchen und Legenden einer Kultur. China besitzt einen riesigen Schatz davon.<span class=\"Apple-converted-space\">\u00a0<\/span><\/p>\n<p>Manches klingt vertraut, doch China ist anders. Seine jahrtausendealten religi\u00f6sen und philosophischen Str\u00f6mungen, seine Traditionen und Lebensweisen unterscheiden sich vielf\u00e4ltig von denen des Westens. Lebensweisen unterscheiden sich vielf\u00e4ltig von denen des Westens. Daher st\u00f6\u00dft man bei der Ann\u00e4herung an die chinesische Kultur immer wieder auf R\u00e4tsel und entdeckt Ungewohntes.<span class=\"Apple-converted-space\">\u00a0<\/span><\/p>\n<p>Die Legende der Wei\u00dfen Schlange - Eine Sammlung chinesischer Mythologiegeschichten enth\u00e4lt eine Reihe traditioneller chinesischer Mythologiegeschichten, darunter die Legende der Wei\u00dfen Schlange, Nezhas Follies in the Sea und Chang'e's Race to the Moon. Um China zu verstehen, muss man die Wurzeln der chinesischen Kultur kennen. Alte mythologische Geschichten vermitteln den Glauben, die Religionen und Philosophien des chinesischen Volkes \u00fcber die Jahrtausende hinweg und sind eine wertvolle Quelle f\u00fcr das Verst\u00e4ndnis der chinesischen Kultur.<\/p>","protected":false},"excerpt":{"rendered":"<p>Chinesische M\u00e4rchen, Mythen und Legenden Verfolgen Sie, [&hellip;]<\/p>\n","protected":false},"featured_media":25486,"template":"","meta":{"advanced_seo_description":"","jetpack_seo_html_title":"","jetpack_seo_noindex":false,"jetpack_post_was_ever_published":false},"product_brand":[],"product_cat":[132918,132919],"product_tag":[],"class_list":{"0":"post-4308","1":"product","2":"type-product","3":"status-publish","4":"has-post-thumbnail","6":"product_cat-booksingerman","7":"product_cat-chinesische_roman","9":"first","10":"outofstock","11":"taxable","12":"shipping-taxable","13":"purchasable","14":"product-type-simple"},"exclude_global_add_ons":[],"addons":[],"jetpack_sharing_enabled":true,"_links":{"self":[{"href":"https:\/\/bobobooks.de\/de\/wp-json\/wp\/v2\/product\/4308","targetHints":{"allow":["GET"]}}],"collection":[{"href":"https:\/\/bobobooks.de\/de\/wp-json\/wp\/v2\/product"}],"about":[{"href":"https:\/\/bobobooks.de\/de\/wp-json\/wp\/v2\/types\/product"}],"version-history":[{"count":8,"href":"https:\/\/bobobooks.de\/de\/wp-json\/wp\/v2\/product\/4308\/revisions"}],"predecessor-version":[{"id":25543,"href":"https:\/\/bobobooks.de\/de\/wp-json\/wp\/v2\/product\/4308\/revisions\/25543"}],"wp:featuredmedia":[{"embeddable":true,"href":"https:\/\/bobobooks.de\/de\/wp-json\/wp\/v2\/media\/25486"}],"wp:attachment":[{"href":"https:\/\/bobobooks.de\/de\/wp-json\/wp\/v2\/media?parent=4308"}],"wp:term":[{"taxonomy":"product_brand","embeddable":true,"href":"https:\/\/bobobooks.de\/de\/wp-json\/wp\/v2\/product_brand?post=4308"},{"taxonomy":"product_cat","embeddable":true,"href":"https:\/\/bobobooks.de\/de\/wp-json\/wp\/v2\/product_cat?post=4308"},{"taxonomy":"product_tag","embeddable":true,"href":"https:\/\/bobobooks.de\/de\/wp-json\/wp\/v2\/product_tag?post=4308"}],"curies":[{"name":"wp","href":"https:\/\/api.w.org\/{rel}","templated":true}]}}