{"id":3798,"date":"2021-08-05T18:05:40","date_gmt":"2021-08-05T16:05:40","guid":{"rendered":"https:\/\/bobobooks.de\/?post_type=product&#038;p=3798"},"modified":"2026-03-22T21:31:31","modified_gmt":"2026-03-22T20:31:31","slug":"hulan-river-biographie","status":"publish","type":"product","link":"https:\/\/bobobooks.de\/de\/hu_lan_he_zhuan\/","title":{"rendered":"Hulan River Biographie"},"content":{"rendered":"<p>Das Leben in der kleinen Stadt am Hulan-Fluss mag ein wenig langweilig sein, aber ob es nun das Binden von bunten L\u00e4den, das Loslassen von Flusslaternen, das Springen des Gro\u00dfen Gottes, das Tempelfest des Niang Niang, das wilde Tableau-Theater oder Wind, Frost, Regen, Schnee und flammende Wolken der n\u00f6rdlichen Natur sind, Xiao Hong stellt mit ihrer malerischen Sprache \"die groben Linien, die gro\u00dfen roten und gr\u00fcnen Farben mit Primitivit\u00e4t vor dem grauen Hintergrund des t\u00e4glichen Lebens dar\" und Xiao Hong verwendet eine malerische Sprache, um \"die groben Linien, die gro\u00dfen roten und gr\u00fcnen Farben der primitiven Natur vor dem grauen Hintergrund des t\u00e4glichen Lebens darzustellen\" und skizziert eine Szene voller kindlicher Bilder. In dem Roman gibt es eine Gruppe von Nebenfiguren, die in ihrer Umgebung gefangen sind, etwas gef\u00fchllos und zufrieden mit dem Status quo: die verspottete Wang Da Sister, die arme Schwiegertochter des Klassentreffens und die sich von Lebensmitteln ern\u00e4hrende Yau Er Er Bo. ...... Aber Xiao Hong will nicht nur das Leiden der Unterschicht darstellen. In Kapitel 7 beschreibt sie in farbenfroher Ausf\u00fchrlichkeit den selbstbewussten M\u00fcller Feng Crooked Mouth, der ein Vaterersatz f\u00fcr seine Mutter ist, und hebt damit die respektable Seite der Menschlichkeit der niederen Leute hervor.<\/p>","protected":false},"excerpt":{"rendered":"<p>\u547c\u5170\u6cb3\u5c0f\u57ce\u7684\u751f\u6d3b\u6216\u8bb8\u6709\u4e00\u70b9\u6c89\u95f7\uff0c\u4f46\u65e0\u8bba\u662f\u624e\u5f69\u94fa\u3001\u653e\u6cb3\u706f\u3001\u8df3\u5927\u795e\u3001\u5a18\u5a18\u5e99\u4f1a\u3001\u91ce\u53f0\u5b50\u620f\uff0c\u8fd8\u662f\u5317\u65b9\u5927\u81ea\u7136\u7684\u98ce\u971c\u96e8\u96ea\u3001 [&hellip;]<\/p>\n","protected":false},"featured_media":24981,"template":"","meta":{"advanced_seo_description":"","jetpack_seo_html_title":"","jetpack_seo_noindex":false,"jetpack_post_was_ever_published":false},"product_brand":[],"product_cat":[132922,132928],"product_tag":[],"class_list":{"0":"post-3798","1":"product","2":"type-product","3":"status-publish","4":"has-post-thumbnail","6":"product_cat-132922","7":"product_cat-132928","9":"first","10":"instock","11":"taxable","12":"shipping-taxable","13":"purchasable","14":"product-type-simple"},"exclude_global_add_ons":[],"addons":[],"jetpack_sharing_enabled":true,"_links":{"self":[{"href":"https:\/\/bobobooks.de\/de\/wp-json\/wp\/v2\/product\/3798","targetHints":{"allow":["GET"]}}],"collection":[{"href":"https:\/\/bobobooks.de\/de\/wp-json\/wp\/v2\/product"}],"about":[{"href":"https:\/\/bobobooks.de\/de\/wp-json\/wp\/v2\/types\/product"}],"version-history":[{"count":2,"href":"https:\/\/bobobooks.de\/de\/wp-json\/wp\/v2\/product\/3798\/revisions"}],"predecessor-version":[{"id":10943,"href":"https:\/\/bobobooks.de\/de\/wp-json\/wp\/v2\/product\/3798\/revisions\/10943"}],"wp:featuredmedia":[{"embeddable":true,"href":"https:\/\/bobobooks.de\/de\/wp-json\/wp\/v2\/media\/24981"}],"wp:attachment":[{"href":"https:\/\/bobobooks.de\/de\/wp-json\/wp\/v2\/media?parent=3798"}],"wp:term":[{"taxonomy":"product_brand","embeddable":true,"href":"https:\/\/bobobooks.de\/de\/wp-json\/wp\/v2\/product_brand?post=3798"},{"taxonomy":"product_cat","embeddable":true,"href":"https:\/\/bobobooks.de\/de\/wp-json\/wp\/v2\/product_cat?post=3798"},{"taxonomy":"product_tag","embeddable":true,"href":"https:\/\/bobobooks.de\/de\/wp-json\/wp\/v2\/product_tag?post=3798"}],"curies":[{"name":"wp","href":"https:\/\/api.w.org\/{rel}","templated":true}]}}