{"id":24418,"date":"2025-05-29T13:26:58","date_gmt":"2025-05-29T11:26:58","guid":{"rendered":"https:\/\/bobobooks.de\/shop\/%e4%b8%8d%e5%8e%9f%e8%b0%85%e4%b9%9f%e6%b2%a1%e5%85%b3%e7%b3%bb\/"},"modified":"2026-01-01T16:25:24","modified_gmt":"2026-01-01T15:25:24","slug":"es-ist-in-ordnung-wenn-du-nicht-vergibst","status":"publish","type":"product","link":"https:\/\/bobobooks.de\/de\/bu_yuan_liang_ye_mei_guan_xi\/","title":{"rendered":"Es ist in Ordnung, wenn du nicht vergibst."},"content":{"rendered":"<p>Zu den traumatischen Ereignissen geh\u00f6ren nicht nur episodische, stark irritierende Ereignisse (z. B. Kriege, Naturkatastrophen, terroristische Ereignisse), sondern auch dem\u00fctigende, erniedrigende, schikanierende, verr\u00e4terische, emotional vernachl\u00e4ssigende, \u00fcberkontrollierende und andere Verletzungen, die w\u00e4hrend des Aufwachsens erlitten wurden. Es f\u00e4llt Ihnen vielleicht schwer, \u00fcber diese Verletzungen zu sprechen, aber das Trauma kann weitaus gr\u00f6\u00dfer sein als ein einzelnes Ereignis.<\/p>\n<p>Zu viele Menschen ignorieren das Trauma einer solchen Erziehung und entwickeln \"unerkl\u00e4rlicherweise\" Beziehungsst\u00f6rungen, emotionale Probleme und werden sogar mit Borderline-Pers\u00f6nlichkeitsst\u00f6rung, narzisstischer Pers\u00f6nlichkeitsst\u00f6rung, Angstst\u00f6rung, Depression und Zwangsst\u00f6rung fehldiagnostiziert. ......<\/p>\n<p>Der Autor dieses Buches, Pete Walker, ist ein international anerkannter Trauma-Heiler. Er litt an einem schweren komplexen posttraumatischen Stresssyndrom (CPTSD) und hat dieses klassische Buch auf der Grundlage seiner eigenen Heilungserfahrungen und seiner \u00fcber drei\u00dfigj\u00e4hrigen Praxis als Psychotherapeut geschrieben.<\/p>\n<p>In diesem Buch liefert er eine eingehende Analyse der Ursachen, Symptome und Arten von CPTSD sowie wirksame Selbstheilungsinstrumente, die den Lesern helfen, den Teufelskreis auf der emotionalen, der gedanklichen und der k\u00f6rperlichen Ebene zu durchbrechen. Diese umfassende, systematische und abwechslungsreiche Therapie macht es den Lesern leichter, ihre eigene Situation klar zu sehen, die blinden Flecken zu durchbrechen und Heilungsfortschritte zu erzielen.<\/p>","protected":false},"excerpt":{"rendered":"<p>\u521b\u4f24\u4e8b\u4ef6\u4e0d\u4ec5\u4ec5\u5305\u62ec\u5076\u53d1\u7684\u3001\u4e25\u91cd\u7684\u523a\u6fc0\u6027\u4e8b\u4ef6\uff08\u5982\u6218\u4e89\u3001\u5929\u707e\u3001\u6050\u6016\u4e8b\u4ef6\uff09\uff0c\u8fd8\u5305\u62ec\u5728\u6210\u957f\u8fc7\u7a0b\u4e2d\u906d\u53d7\u7684\u7f9e\u8fb1\u3001\u8d2c\u4f4e\u3001\u6b3a\u51cc [&hellip;]<\/p>\n","protected":false},"featured_media":24477,"template":"","meta":{"advanced_seo_description":"","jetpack_seo_html_title":"","jetpack_seo_noindex":false,"jetpack_post_was_ever_published":false},"product_brand":[],"product_cat":[132905,132721,132779],"product_tag":[],"class_list":{"0":"post-24418","1":"product","2":"type-product","3":"status-publish","4":"has-post-thumbnail","6":"product_cat-132905","7":"product_cat-132721","8":"product_cat-132779","10":"first","11":"outofstock","12":"taxable","13":"shipping-taxable","14":"purchasable","15":"product-type-simple"},"exclude_global_add_ons":[],"addons":[],"jetpack_sharing_enabled":true,"_links":{"self":[{"href":"https:\/\/bobobooks.de\/de\/wp-json\/wp\/v2\/product\/24418","targetHints":{"allow":["GET"]}}],"collection":[{"href":"https:\/\/bobobooks.de\/de\/wp-json\/wp\/v2\/product"}],"about":[{"href":"https:\/\/bobobooks.de\/de\/wp-json\/wp\/v2\/types\/product"}],"version-history":[{"count":2,"href":"https:\/\/bobobooks.de\/de\/wp-json\/wp\/v2\/product\/24418\/revisions"}],"predecessor-version":[{"id":24478,"href":"https:\/\/bobobooks.de\/de\/wp-json\/wp\/v2\/product\/24418\/revisions\/24478"}],"wp:featuredmedia":[{"embeddable":true,"href":"https:\/\/bobobooks.de\/de\/wp-json\/wp\/v2\/media\/24477"}],"wp:attachment":[{"href":"https:\/\/bobobooks.de\/de\/wp-json\/wp\/v2\/media?parent=24418"}],"wp:term":[{"taxonomy":"product_brand","embeddable":true,"href":"https:\/\/bobobooks.de\/de\/wp-json\/wp\/v2\/product_brand?post=24418"},{"taxonomy":"product_cat","embeddable":true,"href":"https:\/\/bobobooks.de\/de\/wp-json\/wp\/v2\/product_cat?post=24418"},{"taxonomy":"product_tag","embeddable":true,"href":"https:\/\/bobobooks.de\/de\/wp-json\/wp\/v2\/product_tag?post=24418"}],"curies":[{"name":"wp","href":"https:\/\/api.w.org\/{rel}","templated":true}]}}