{"id":24412,"date":"2025-05-29T13:26:56","date_gmt":"2025-05-29T11:26:56","guid":{"rendered":"https:\/\/bobobooks.de\/shop\/%e9%9b%aa%e6%98%a5%e7%a7%8b\/"},"modified":"2026-01-01T16:25:20","modified_gmt":"2026-01-01T15:25:20","slug":"schnee-und-herbst","status":"publish","type":"product","link":"https:\/\/bobobooks.de\/de\/xue_chun_qiu\/","title":{"rendered":"\u96ea\u6625\u79cb(\u4f5c\u5bb6\u7b7e\u540d\u672c)"},"content":{"rendered":"<p>Der erste abendf\u00fcllende Roman der jungen Autorin Zheng Zaihuan handelt von den drei Frauen Daxue, Chunlan und Qiu Rong, die in den letzten drei\u00dfig Jahren aufgewachsen sind. Sie sind gefangen im Trauma ihrer Kindheit und ihrer Familie, k\u00e4mpfen darum, ihrer Heimatstadt und ihrem festen Schicksal zu entfliehen, und versuchen, in einem fremden Land zu \u00fcberleben. Sie treten auf N\u00e4hmaschinen, waschen ihr Haar, dr\u00fccken ihre F\u00fc\u00dfe, machen Manik\u00fcre, arbeiten als Kellnerinnen in Restaurants und verkaufen Kosmetika \u00fcber den Ladentisch. ...... sieht ihre konkreten und lebendigen Gesichter, stellt die Szene ihrer Arbeit und ihres Lebens wieder her, macht die st\u00e4dtischen Arbeiter zu den Protagonisten der Geschichte und schreibt \u00fcber die seelischen Schmerzen der \"zweiten Generation\" der Arbeiter. Die Arbeiter der \"zweiten Generation\" sind die Protagonisten der Geschichte, die \u00fcber die verborgenen Schmerzen des Arbeitergeistes schreibt. Sie rebellieren, fliehen und k\u00e4mpfen, aber sie wollen nur eine Person, ein wirkliches Selbst werden.<\/p>","protected":false},"excerpt":{"rendered":"<p>\u9752\u5e74\u4f5c\u5bb6\u90d1\u5728\u6b22\u9996\u90e8\u957f\u7bc7\u5c0f\u8bf4\uff0c\u4e66\u5199\u5927\u96ea\u3001\u6625\u84dd\u3001\u79cb\u8363\u4e09\u4e2a\u5973\u6027\u4e09\u5341\u5e74\u7684\u6210\u957f\u4e4b\u8def\uff0c\u5173\u4e8e\u5979\u4eec\u5982\u4f55\u53d7\u56f0\u4e8e\u7ae5\u5e74\u3001\u5bb6\u5ead\u7684\u4f24\u75db\uff0c [&hellip;]<\/p>\n","protected":false},"featured_media":24569,"template":"","meta":{"advanced_seo_description":"","jetpack_seo_html_title":"","jetpack_seo_noindex":false,"jetpack_post_was_ever_published":false},"product_brand":[],"product_cat":[132922,132924],"product_tag":[],"class_list":{"0":"post-24412","1":"product","2":"type-product","3":"status-publish","4":"has-post-thumbnail","6":"product_cat-132922","7":"product_cat-132924","9":"first","10":"instock","11":"taxable","12":"shipping-taxable","13":"purchasable","14":"product-type-simple"},"exclude_global_add_ons":[],"addons":[],"jetpack_sharing_enabled":true,"_links":{"self":[{"href":"https:\/\/bobobooks.de\/de\/wp-json\/wp\/v2\/product\/24412","targetHints":{"allow":["GET"]}}],"collection":[{"href":"https:\/\/bobobooks.de\/de\/wp-json\/wp\/v2\/product"}],"about":[{"href":"https:\/\/bobobooks.de\/de\/wp-json\/wp\/v2\/types\/product"}],"version-history":[{"count":3,"href":"https:\/\/bobobooks.de\/de\/wp-json\/wp\/v2\/product\/24412\/revisions"}],"predecessor-version":[{"id":26019,"href":"https:\/\/bobobooks.de\/de\/wp-json\/wp\/v2\/product\/24412\/revisions\/26019"}],"wp:featuredmedia":[{"embeddable":true,"href":"https:\/\/bobobooks.de\/de\/wp-json\/wp\/v2\/media\/24569"}],"wp:attachment":[{"href":"https:\/\/bobobooks.de\/de\/wp-json\/wp\/v2\/media?parent=24412"}],"wp:term":[{"taxonomy":"product_brand","embeddable":true,"href":"https:\/\/bobobooks.de\/de\/wp-json\/wp\/v2\/product_brand?post=24412"},{"taxonomy":"product_cat","embeddable":true,"href":"https:\/\/bobobooks.de\/de\/wp-json\/wp\/v2\/product_cat?post=24412"},{"taxonomy":"product_tag","embeddable":true,"href":"https:\/\/bobobooks.de\/de\/wp-json\/wp\/v2\/product_tag?post=24412"}],"curies":[{"name":"wp","href":"https:\/\/api.w.org\/{rel}","templated":true}]}}