{"id":24405,"date":"2025-05-29T13:26:55","date_gmt":"2025-05-29T11:26:55","guid":{"rendered":"https:\/\/bobobooks.de\/shop\/%e9%98%bf%e5%8c%85\/"},"modified":"2026-03-25T21:48:08","modified_gmt":"2026-03-25T20:48:08","slug":"dialekt-tolpel","status":"publish","type":"product","link":"https:\/\/bobobooks.de\/de\/a_bao\/","title":{"rendered":"(Dialekt) T\u00f6lpel"},"content":{"rendered":"<p>Die Schule abgebrochen, vom Menschenhandel betroffen, aber nicht vom Schicksal gebeutelt.<\/p>\n<p>Ganz unten, Analphabeten, die aber lautstark von sich reden machen<\/p>\n<p>Eine Frau namens Pao beschreibt ihr \"tier\u00e4hnliches Schicksal\".<\/p>\n<p>Sie wurde in einem armen Miao-Dorf in S\u00fcdost-Guizhou geboren, \"A Bao\" ist ihr Miao-Name, nach dem fr\u00fchen Tod ihrer Mutter hat sie ihr ganzes Leben lang gelitten, war besch\u00e4ftigt - junge Stiefmutter blockiert, konnte nicht studieren, Teenager babysitten, heiraten, ein Kind zur Welt bringen, arbeiten, um die Familie zu unterst\u00fctzen, Erfahrung Sie wurde entf\u00fchrt und auf dem Talentmarkt verkauft, auf dem R\u00fcckweg aufgenommen, und als sie nach Hause zur\u00fcckkehrte, hatte ihr Mann bereits eine \"neue Person\" gefunden, die bei ihr einzog. ...... Die Not, ein Einkommen am unteren Ende der Leiter zu verdienen, die schwere Krankheit ihrer Familienmitglieder, die sie mehrmals ihre gesamten Ersparnisse kostete, von Ort zu Ort zu ziehen, nach dem Tod ihres Mannes erneut zu heiraten, betrogen und gemobbt zu werden, und als sie \u00e4lter wurde, musste sie sich immer noch um ihre Tochter k\u00fcmmern, obwohl sie es nicht mehr konnte. Kann nicht tun, muss immer noch ihre Tochter geben, um das Kind zu erziehen ......<\/p>\n<p>Sie sagte: \"Ich bin eine sehr verbitterte Frau. All das Leid, das ich ertragen musste, treibt mir jedes Mal Tr\u00e4nen in die Augen, wenn ich daran denke, aber ich gebe niemandem die Schuld, sondern nur meinem eigenen schlechten Leben.\"<\/p>\n<p>In diesem Sinne beklagte sich Pao nie, sondern litt schweigend, biss die Z\u00e4hne zusammen, glaubte daran, dass \"keine gute Tat ungestraft bleibt\" und \"leben\", und tat sein Bestes, um eine Schwierigkeit nach der anderen zu \u00fcberwinden.<\/p>\n<p>Bao, die kaum lesen kann, nutzte die Sprache-zu-Text-Funktion ihres Mobiltelefons, um ihre Geschichte handschriftlich zu verfassen und abzuschreiben.<\/p>\n<p>Ich wollte meinen T\u00f6chtern und Enkelinnen sp\u00e4ter einmal erz\u00e4hlen, was sie in ihrem Leben durchgemacht hat, und ich hoffe, dass sie nicht so leiden m\u00fcssen wie sie.<\/p>\n<p>Es ist der Kampf einer Frau, die<\/p>\n<p>Es geht mehr um den Adel einer Person.<\/p>\n<p>Die Empfehlung des Herausgebers:<\/p>\n<p>Soziologisch und anthropologisch gesehen ist A Bao eine pers\u00f6nliche Erz\u00e4hlung \u00fcber das Schicksal der Unterschicht in der \u00c4ra der Reform und \u00d6ffnung Chinas. Die Bem\u00fchungen und K\u00e4mpfe des Protagonisten, der vom Land in die Stadt kommt, die verschiedenen Dilemmas, mit denen er in seinem Leben konfrontiert wird, und der Weg aus der Stadt sind nicht weniger als eine ernsthafte anthropologische Feldforschung, die vor Ort geschrieben wurde.<\/p>\n<p>In einem literarischen Sinne ist dies die wahre Geschichte eines pers\u00f6nlichen Lebens - lebendig, und nichts bleibt unversucht.<\/p>","protected":false},"excerpt":{"rendered":"<p>\u88ab\u8f8d\u5b66\uff0c\u88ab\u62d0\u5356\uff0c\u4f46\u4e0d\u88ab\u547d\u8fd0\u538b\u5012 \u5728\u5e95\u5c42\uff0c\u4e0d\u8bc6\u5b57\uff0c\u5374\u5927\u58f0\u8bb2\u51fa\u81ea\u5df1 \u4e00\u4e2a\u53eb\u963f\u5305\u7684\u5973\u4eba\u81ea\u8ff0\u5979\u201c\u7272\u53e3\u4e00\u6837\u7684\u547d\u8fd0\u201d\u3002 \u5979 [&hellip;]<\/p>\n","protected":false},"featured_media":24566,"template":"","meta":{"advanced_seo_description":"","jetpack_seo_html_title":"","jetpack_seo_noindex":false,"jetpack_post_was_ever_published":false},"product_brand":[],"product_cat":[132922,133478,133482,133485],"product_tag":[],"class_list":{"0":"post-24405","1":"product","2":"type-product","3":"status-publish","4":"has-post-thumbnail","6":"product_cat-132922","7":"product_cat-133478","8":"product_cat-133482","9":"product_cat-133485","11":"first","12":"instock","13":"taxable","14":"shipping-taxable","15":"purchasable","16":"product-type-simple"},"exclude_global_add_ons":[],"addons":[],"jetpack_sharing_enabled":true,"_links":{"self":[{"href":"https:\/\/bobobooks.de\/de\/wp-json\/wp\/v2\/product\/24405","targetHints":{"allow":["GET"]}}],"collection":[{"href":"https:\/\/bobobooks.de\/de\/wp-json\/wp\/v2\/product"}],"about":[{"href":"https:\/\/bobobooks.de\/de\/wp-json\/wp\/v2\/types\/product"}],"version-history":[{"count":2,"href":"https:\/\/bobobooks.de\/de\/wp-json\/wp\/v2\/product\/24405\/revisions"}],"predecessor-version":[{"id":24567,"href":"https:\/\/bobobooks.de\/de\/wp-json\/wp\/v2\/product\/24405\/revisions\/24567"}],"wp:featuredmedia":[{"embeddable":true,"href":"https:\/\/bobobooks.de\/de\/wp-json\/wp\/v2\/media\/24566"}],"wp:attachment":[{"href":"https:\/\/bobobooks.de\/de\/wp-json\/wp\/v2\/media?parent=24405"}],"wp:term":[{"taxonomy":"product_brand","embeddable":true,"href":"https:\/\/bobobooks.de\/de\/wp-json\/wp\/v2\/product_brand?post=24405"},{"taxonomy":"product_cat","embeddable":true,"href":"https:\/\/bobobooks.de\/de\/wp-json\/wp\/v2\/product_cat?post=24405"},{"taxonomy":"product_tag","embeddable":true,"href":"https:\/\/bobobooks.de\/de\/wp-json\/wp\/v2\/product_tag?post=24405"}],"curies":[{"name":"wp","href":"https:\/\/api.w.org\/{rel}","templated":true}]}}