{"id":24182,"date":"2025-06-01T11:26:36","date_gmt":"2025-06-01T09:26:36","guid":{"rendered":"https:\/\/bobobooks.de\/shop\/%e5%b0%8f%e9%ba%a6%e6%96%87%e6%98%8e%ef%bc%9a%e9%bb%84%e9%87%91%e7%9f%b3%e6%b2%b9%e4%ba%89%e5%a4%ba%e6%88%98\/"},"modified":"2026-01-01T16:25:08","modified_gmt":"2026-01-01T15:25:08","slug":"%e5%b0%8f%e9%ba%a6%e6%96%87%e6%98%8e%ef%bc%9a%e9%bb%84%e9%87%91%e7%9f%b3%e6%b2%b9%e4%ba%89%e5%a4%ba%e6%88%98","status":"publish","type":"product","link":"https:\/\/bobobooks.de\/de\/xiao_mai_wen_ming\/","title":{"rendered":"Zivilisation des Weizens"},"content":{"rendered":"<p>Weizen ist ein unverzichtbares Nahrungsmittel f\u00fcr den Menschen, das t\u00e4glich auf dem Tisch von Milliarden von Menschen steht. W\u00e4hrend der Weizenkonsum immer globaler wird, ist seine Produktion extrem ungleichm\u00e4\u00dfig \u00fcber den Globus verteilt. Die Schwankungen des Klimawandels erinnern auch st\u00e4ndig daran, wie anf\u00e4llig eine Kulturpflanze ist, die nur einmal im Jahr geerntet wird, und wie gro\u00df das Potenzial f\u00fcr soziale Unruhen und Panik ist, wenn es zu Weizenknappheit kommt und die Preise in die H\u00f6he schnellen.<\/p>\n<p>Die Ern\u00e4hrung einer wachsenden Bev\u00f6lkerung vor dem Hintergrund zunehmender Ressourcenknappheit und sich verschiebender globaler Machtstrukturen ist zweifelsohne eine der komplexesten Herausforderungen des 21. Jahrhunderts. Jahrhunderts. Angesichts dieser soziodemografischen Dynamik und regionaler Unterschiede gewinnt die Rolle des internationalen Handels an Bedeutung und die Strategien aller Beteiligten in Bezug auf Weizen werden klarer, wobei neben den Herausforderungen, die sich aus der nachhaltigen Produktion von Weizen ergeben, auch die Herausforderungen des Weizentransports und der Investitionen bew\u00e4ltigt werden m\u00fcssen, um sicherzustellen, dass das Weizenangebot flexibel auf die wachsende Nachfrage reagieren kann.<\/p>\n<p>Dieses Buch zeigt die wichtige Rolle des Weizens bei der Aufrechterhaltung der nationalen Stabilit\u00e4t und der internationalen Beziehungen auf, wobei der Schwerpunkt auf den europ\u00e4ischen und franz\u00f6sischen Beitr\u00e4gen liegt, um den Weizen weiterhin als Symbol des Friedens darzustellen, insbesondere in der heutigen Zeit, in der einige L\u00e4nder versuchen, den Weizen als Kriegsinstrument einzusetzen.<\/p>\n<p>Dies ist ein Buch zum Verst\u00e4ndnis des Schicksals der kommenden Welt.<\/p>","protected":false},"excerpt":{"rendered":"<p>\u5c0f\u9ea6\u662f\u4eba\u7c7b\u751f\u6d3b\u4e2d\u4e0d\u53ef\u6216\u7f3a\u7684\u7cae\u98df\uff0c\u6bcf\u5929\u90fd\u51fa\u73b0\u5728\u6570\u5341\u4ebf\u4eba\u7684\u9910\u684c\u4e0a\u3002\u867d\u7136\u5c0f\u9ea6\u7684\u6d88\u8d39\u65e5\u8d8b\u5168\u7403\u5316\uff0c\u4f46\u5c0f\u9ea6\u7684\u751f\u4ea7\u5728\u5168\u7403\u7684\u5206 [&hellip;]<\/p>\n","protected":false},"featured_media":24733,"template":"","meta":{"advanced_seo_description":"","jetpack_seo_html_title":"","jetpack_seo_noindex":false,"jetpack_post_was_ever_published":false},"product_brand":[],"product_cat":[132633,132711,132730,132900],"product_tag":[],"class_list":{"0":"post-24182","1":"product","2":"type-product","3":"status-publish","4":"has-post-thumbnail","6":"product_cat-132633","7":"product_cat-132711","8":"product_cat-132730","9":"product_cat-132900","11":"first","12":"instock","13":"taxable","14":"shipping-taxable","15":"purchasable","16":"product-type-simple"},"exclude_global_add_ons":[],"addons":[],"jetpack_sharing_enabled":true,"_links":{"self":[{"href":"https:\/\/bobobooks.de\/de\/wp-json\/wp\/v2\/product\/24182","targetHints":{"allow":["GET"]}}],"collection":[{"href":"https:\/\/bobobooks.de\/de\/wp-json\/wp\/v2\/product"}],"about":[{"href":"https:\/\/bobobooks.de\/de\/wp-json\/wp\/v2\/types\/product"}],"version-history":[{"count":3,"href":"https:\/\/bobobooks.de\/de\/wp-json\/wp\/v2\/product\/24182\/revisions"}],"predecessor-version":[{"id":24734,"href":"https:\/\/bobobooks.de\/de\/wp-json\/wp\/v2\/product\/24182\/revisions\/24734"}],"wp:featuredmedia":[{"embeddable":true,"href":"https:\/\/bobobooks.de\/de\/wp-json\/wp\/v2\/media\/24733"}],"wp:attachment":[{"href":"https:\/\/bobobooks.de\/de\/wp-json\/wp\/v2\/media?parent=24182"}],"wp:term":[{"taxonomy":"product_brand","embeddable":true,"href":"https:\/\/bobobooks.de\/de\/wp-json\/wp\/v2\/product_brand?post=24182"},{"taxonomy":"product_cat","embeddable":true,"href":"https:\/\/bobobooks.de\/de\/wp-json\/wp\/v2\/product_cat?post=24182"},{"taxonomy":"product_tag","embeddable":true,"href":"https:\/\/bobobooks.de\/de\/wp-json\/wp\/v2\/product_tag?post=24182"}],"curies":[{"name":"wp","href":"https:\/\/api.w.org\/{rel}","templated":true}]}}