{"id":24172,"date":"2025-06-01T11:26:35","date_gmt":"2025-06-01T09:26:35","guid":{"rendered":"https:\/\/bobobooks.de\/shop\/%e6%97%a0%e5%b0%bd%e4%b8%8e%e6%9c%89%e9%99%90%ef%bc%9a36%e5%b2%81%e5%bd%93%e5%a6%88%e5%a6%88\/"},"modified":"2026-03-25T21:59:14","modified_gmt":"2026-03-25T20:59:14","slug":"endlos-und-endlich-mit-36-jahren-mutter-werden","status":"publish","type":"product","link":"https:\/\/bobobooks.de\/de\/wu_jin_yu_you_xian\/","title":{"rendered":"Endlos und endlich: Mit 36 Jahren Mutter werden"},"content":{"rendered":"<p>Wie verzweifelt muss man sein, um Kinder zu bekommen?<\/p>\n<p>\"Mit 36 Jahren habe ich entbunden und hatte das Gef\u00fchl, etwas zuzulassen.\"<\/p>\n<p>Writers Buchweizen Bekenntnisse<\/p>\n<p>Sie stellt sich den Entscheidungen und dem Prozess der Geburt mit Ehrlichkeit und Mut \u00fcber die Liebe, die chaotisch, anstrengend und neu ist.<\/p>\n<p>\"Was bedeutet es wirklich, eine 'Mutter' zu sein? In diesem Buch gibt es keine endg\u00fcltigen Antworten, die<\/p>\n<p>Aber ich kann Ihnen genau sagen, was passiert ist und wie es passiert ist.<\/p>\n<p>Aus dem Kreislauf der \"Haben oder nicht haben\"-Debatte ausbrechen und den Frauen eine Stimme geben, die aktuell ist und von ihnen kommt.<\/p>\n<p>Geschrieben f\u00fcr diejenigen von uns, die schon unz\u00e4hlige schlaflose N\u00e4chte in einem Wirrwarr verbracht haben.<\/p>\n<p>++++++<\/p>\n<p>Mit 16 war ich ehrgeizig und stellte mir ein fernes und l\u00e4cherliches Leben f\u00fcr Frauen vor.<\/p>\n<p>Mit 30 Jahren, obwohl ich in einer festen Beziehung lebte, war es immer noch nicht mein Lebensplan, Kinder zu bekommen.<\/p>\n<p>Im Alter von 36 Jahren wurde ich nach langem Z\u00f6gern Mutter.<\/p>\n<p>Mit 42 Jahren war ich erstaunt, wie sehr ich mich seit der Geburt ver\u00e4ndert hatte, und wollte mich gr\u00fcndlich sezieren.<\/p>\n<p>Ich w\u00fcnschte, ich w\u00e4re zwei Menschen, zwei Leben, eines, in dem ich die Reise des \"Mutterwerdens\" durchlaufen k\u00f6nnte, und eines, in dem ich die \"Mutter\"-Identit\u00e4t ganz ausblenden k\u00f6nnte.<\/p>\n<p>++++++<\/p>\n<p>[Beschreibung des Inhalts]<\/p>\n<p>Der Junge war etwa 6 Jahre alt, und als ich einmal sah, dass er sein Hemd nicht zumachen konnte, sagte ich: \"Lass dir von Mama helfen.\"<\/p>\n<p>Er sagte: \"Du sagst nicht 'Mama', du sagst nur 'ich'\".<\/p>\n<p>Ich erstarrte und merkte nicht, dass ich schon lange nicht mehr \"ich\" gesagt hatte.<\/p>\n<p>Ich w\u00fcnschte, ich w\u00e4re zwei Menschen, zwei Leben, eines, in dem ich die Reise des \"Mutterwerdens\" durchlaufen k\u00f6nnte, und eines, in dem ich die \"Mutter\"-Identit\u00e4t ganz ausblenden k\u00f6nnte.<\/p>\n<p>Was bedeutet es wirklich, eine \"Mutter\" zu sein? In diesem Buch gibt es keine endg\u00fcltigen Antworten, aber ich kann Ihnen genau sagen, was passiert ist und wie es passiert ist.<\/p>\n<p>Endless and Finite: Becoming a Mum at 36 ist Buckwheat's neuester Roman, eine Selbstanalyse, die aus ihren eigenen Lebenserfahrungen entstanden ist. Mit Ehrlichkeit und Mut schildert sie die schwierigen Entscheidungen und den inneren Aufruhr, den die Geburt eines Kindes mit sich bringt, sowie die Verwirrung, Ersch\u00f6pfung und Wiedergeburt des \"Mutterwerdens\". Das Buch versucht nicht, endg\u00fcltige Antworten zu geben, sondern zeigt die vielen Facetten der Mutterschaft anhand einer komplexen und neuen Liebesbeziehung.<\/p>\n<p>Mit ihrem authentischen und bewegenden Schreiben taucht sie in ihre eigene innere Welt ein und begibt sich auf eine einzigartige Erz\u00e4hlung des weiblichen Subjekts, wobei sie auf ihrer Reise durch die Zeit neue Bedeutungen erkundet. \"Das Unendliche verschr\u00e4nkt sich mit dem Endlichen, und mit einem Kind wird ein neues Ich geboren\".<\/p>","protected":false},"excerpt":{"rendered":"<p>\u4eba\u7a76\u7adf\u8981\u591a\u4e48\u7edd\u671b\u624d\u4f1a\u53bb\u751f\u5b69\u5b50\uff1f \u201c36\u5c81\u65f6\u6211\u751f\u4e0b\u4e86\u5c0f\u5b69\uff0c\u611f\u89c9\u662f\u5411\u4ec0\u4e48\u4e1c\u897f\u8ba4\u8f93\u4e86\u3002\u201d \u4f5c\u5bb6 \u835e\u9ea6 \u5256\u767d\u4e4b\u4f5c \u4ee5\u5766 [&hellip;]<\/p>\n","protected":false},"featured_media":24730,"template":"","meta":{"advanced_seo_description":"","jetpack_seo_html_title":"","jetpack_seo_noindex":false},"product_brand":[],"product_cat":[133485,132641,132883,133482],"product_tag":[],"class_list":{"0":"post-24172","1":"product","2":"type-product","3":"status-publish","4":"has-post-thumbnail","6":"product_cat-133485","7":"product_cat-132641","8":"product_cat-132883","9":"product_cat-133482","11":"first","12":"instock","13":"taxable","14":"shipping-taxable","15":"purchasable","16":"product-type-simple"},"exclude_global_add_ons":[],"addons":[],"jetpack_sharing_enabled":true,"_links":{"self":[{"href":"https:\/\/bobobooks.de\/de\/wp-json\/wp\/v2\/product\/24172","targetHints":{"allow":["GET"]}}],"collection":[{"href":"https:\/\/bobobooks.de\/de\/wp-json\/wp\/v2\/product"}],"about":[{"href":"https:\/\/bobobooks.de\/de\/wp-json\/wp\/v2\/types\/product"}],"version-history":[{"count":3,"href":"https:\/\/bobobooks.de\/de\/wp-json\/wp\/v2\/product\/24172\/revisions"}],"predecessor-version":[{"id":24731,"href":"https:\/\/bobobooks.de\/de\/wp-json\/wp\/v2\/product\/24172\/revisions\/24731"}],"wp:featuredmedia":[{"embeddable":true,"href":"https:\/\/bobobooks.de\/de\/wp-json\/wp\/v2\/media\/24730"}],"wp:attachment":[{"href":"https:\/\/bobobooks.de\/de\/wp-json\/wp\/v2\/media?parent=24172"}],"wp:term":[{"taxonomy":"product_brand","embeddable":true,"href":"https:\/\/bobobooks.de\/de\/wp-json\/wp\/v2\/product_brand?post=24172"},{"taxonomy":"product_cat","embeddable":true,"href":"https:\/\/bobobooks.de\/de\/wp-json\/wp\/v2\/product_cat?post=24172"},{"taxonomy":"product_tag","embeddable":true,"href":"https:\/\/bobobooks.de\/de\/wp-json\/wp\/v2\/product_tag?post=24172"}],"curies":[{"name":"wp","href":"https:\/\/api.w.org\/{rel}","templated":true}]}}