{"id":23303,"date":"2024-12-21T18:57:14","date_gmt":"2024-12-21T17:57:14","guid":{"rendered":"https:\/\/bobobooks.de\/shop\/science-fiction-aus-china-sechs-geschichten-vvon-heute-uber-morgen\/"},"modified":"2026-01-01T16:25:01","modified_gmt":"2026-01-01T15:25:01","slug":"science-fiction-aus-china-sechs-geschichten-vvon-heute-uber-morgen","status":"publish","type":"product","link":"https:\/\/bobobooks.de\/de\/science-fiction-aus-china-sechs-geschichten-von-heute-uber-morgen\/","title":{"rendered":"Science-Fiction aus China &#8211; Sechs Geschichten vvon heute \u00fcber morgen"},"content":{"rendered":"<p>Sechs Geschichten von heute \u00fcber morgen \u2013 der Name ist Programm: Dieser Sammelband gibt einen Einblick in den vielseitigen Science-Fiction-Kosmos Chinas. Die Stories von international bekannten Autoren wie Chen Qiufan und Regina Kanyu Wang stellen <em class=\"element-background-basic-colors marker\" data-color=\"04b\">Gerechtigkeitsfragen,<\/em> loten Genre-Grenzen aus, sind geladen mit \u00fcberraschenden Bildern und zeigen ein China fernab westlicher Klischees. Auf die sechs Kurzgeschichten antworten f\u00fcnf junge Autor:innen aus Berlin und Studierende der Berliner Kunsthochschule Wei\u00dfensee und des Lette-Vereins.<br \/>\nDer Band geht zur\u00fcck auf eine Diskussionsreihe im Berliner Kunsthaus Acud, in der von September 2019 bis Oktober 2020 auf Einladung des Kapsel-Magazins herausragende Vertreter:innen des chinesischen Science-Fiction-Kosmos zu Gast waren. Es diskutierten die Autor:innen Chen Qiufan, Ken Liu, Xia Jia, Chi Hui, Jiang Bo und Regina Kanyu Wang mit Wissenschaftler:innen, wie Song Mingwei, Mao Yishu und Gao Xiaoxue, und Berliner K\u00fcnstler:innen \u00fcber Literatur und Zukunft. Den Ausgangspunkt der Diskussionen bildeten die Geschichten in dieser Anthologie.<\/p>\n<p>Der Sammelband dokumentiert das k\u00fcnstlerische Gespr\u00e4ch \u00fcber die sechs Erz\u00e4hlungen aus China, das in zwei begleitenden Workshops gef\u00fchrt wurde. Auf die Geschichten aus China antworten die Berliner Schriftsteller:innen Anja K\u00fcmmel, Rudi Nuss, Anja Engst, Julia Dorsch und Philipp B\u00f6hm. Sie spinnen die Geschichten weiter, reflektieren und kommentieren aus einer europ\u00e4ischen Perspektive. Die Bildwelten aus den Geschichten mit Stift und Pinsel fangen ein: der Illustrator Christoph K\u00f6ster sowie Ezequiel Hyon, Claudia Schramke, Christina Janjira Meyer, Isabel Rudek, Judith Weber und Bilge Emir. Das Buch gestaltete Marius Wenker.<\/p>","protected":false},"excerpt":{"rendered":"<p>Sechs Geschichten von heute \u00fcber morgen \u2013 der Name ist  [&hellip;]<\/p>\n","protected":false},"featured_media":25401,"template":"","meta":{"advanced_seo_description":"","jetpack_seo_html_title":"","jetpack_seo_noindex":false,"jetpack_post_was_ever_published":false},"product_brand":[],"product_cat":[132918,133410],"product_tag":[],"class_list":{"0":"post-23303","1":"product","2":"type-product","3":"status-publish","4":"has-post-thumbnail","6":"product_cat-booksingerman","7":"product_cat-scifi","9":"first","10":"outofstock","11":"taxable","12":"shipping-taxable","13":"purchasable","14":"product-type-simple"},"exclude_global_add_ons":[],"addons":[],"jetpack_sharing_enabled":true,"_links":{"self":[{"href":"https:\/\/bobobooks.de\/de\/wp-json\/wp\/v2\/product\/23303","targetHints":{"allow":["GET"]}}],"collection":[{"href":"https:\/\/bobobooks.de\/de\/wp-json\/wp\/v2\/product"}],"about":[{"href":"https:\/\/bobobooks.de\/de\/wp-json\/wp\/v2\/types\/product"}],"version-history":[{"count":7,"href":"https:\/\/bobobooks.de\/de\/wp-json\/wp\/v2\/product\/23303\/revisions"}],"predecessor-version":[{"id":25531,"href":"https:\/\/bobobooks.de\/de\/wp-json\/wp\/v2\/product\/23303\/revisions\/25531"}],"wp:featuredmedia":[{"embeddable":true,"href":"https:\/\/bobobooks.de\/de\/wp-json\/wp\/v2\/media\/25401"}],"wp:attachment":[{"href":"https:\/\/bobobooks.de\/de\/wp-json\/wp\/v2\/media?parent=23303"}],"wp:term":[{"taxonomy":"product_brand","embeddable":true,"href":"https:\/\/bobobooks.de\/de\/wp-json\/wp\/v2\/product_brand?post=23303"},{"taxonomy":"product_cat","embeddable":true,"href":"https:\/\/bobobooks.de\/de\/wp-json\/wp\/v2\/product_cat?post=23303"},{"taxonomy":"product_tag","embeddable":true,"href":"https:\/\/bobobooks.de\/de\/wp-json\/wp\/v2\/product_tag?post=23303"}],"curies":[{"name":"wp","href":"https:\/\/api.w.org\/{rel}","templated":true}]}}