{"id":23301,"date":"2024-12-21T18:57:14","date_gmt":"2024-12-21T17:57:14","guid":{"rendered":"https:\/\/bobobooks.de\/shop\/kapsel-der-einsiedler\/"},"modified":"2026-01-01T16:25:01","modified_gmt":"2026-01-01T15:25:01","slug":"kapsel-der-einsiedler","status":"publish","type":"product","link":"https:\/\/bobobooks.de\/de\/kapsel-der-einsiedler\/","title":{"rendered":"Kapsel &#8211; Der Einsiedler"},"content":{"rendered":"<p>Die f\u00fcnfte Ausgabe der Zeitschrift Kapsel enth\u00e4lt die Kurzgeschichte \u00bbDer Einsiedler\u00ab des Naturwissenschaftlers und Autors Liu Yang aus Sichuan. In der 2014 in China erstmals ver\u00f6ffentlichten Sci-Fi-Geschichte baut sich ein junger Unternehmer unter der Erde eine ge\u00adheime Zuflucht, in der er sich in seinen B\u00fcchern vergr\u00e4bt und nicht bemerkt, wie sich drau\u00dfen die Welt immer schneller dreht. Losgel\u00f6st vom Takt der Welt beginnt f\u00fcr ihn eine Reise, die ihn bis ans Ende des Universums f\u00fchrt. Liu Yangs Hintergrund als Naturwissenschaftler inspiriert sein Schreiben. Ist \u00bbDer Einsiedler\u00ab eine Verbindung von Science und Facts? Seien Sie gespannt auf ein beeindruckendes wie ausgefallenes Gedanken\u00ad\u00adexperiment \u00fcber verborgene Kr\u00e4fte unserer Welt. Auf die zweisprachig \u2013 auf Chinesisch und auf Deutsch \u2013 gedruckte Geschichte von Liu Yang antworten die Schriftsteller:innen Regina Kanyu Wang, Anja Engst, Julia Dorsch, Anna Hetzer, Rudi Nuss und Tim Holland mit deutschen und Peter Watts mit einem englischen Beitrag. In einem Interview befragt zudem der Literaturwissenschaftler Jiang Zhenyu, ein wichtiger Erforscher von Science-Fiction, Liu Yang zu seinen \u00adGeschichten und zum Genre. Die Texte illustrieren Christoph K\u00f6ster, Julius Wagner, Claudia Schramke, Alina Albertine Warnecke, Martha Burger, Robert L\u00f6bel und Marius Wenker.<\/p>","protected":false},"excerpt":{"rendered":"<p>Die f\u00fcnfte Ausgabe der Zeitschrift Kapsel enth\u00e4lt die K [&hellip;]<\/p>\n","protected":false},"featured_media":25229,"template":"","meta":{"advanced_seo_description":"","jetpack_seo_html_title":"","jetpack_seo_noindex":false,"jetpack_post_was_ever_published":false},"product_brand":[],"product_cat":[132918,133410],"product_tag":[],"class_list":{"0":"post-23301","1":"product","2":"type-product","3":"status-publish","4":"has-post-thumbnail","6":"product_cat-booksingerman","7":"product_cat-scifi","9":"first","10":"instock","11":"taxable","12":"shipping-taxable","13":"purchasable","14":"product-type-simple"},"exclude_global_add_ons":[],"addons":[],"jetpack_sharing_enabled":true,"_links":{"self":[{"href":"https:\/\/bobobooks.de\/de\/wp-json\/wp\/v2\/product\/23301","targetHints":{"allow":["GET"]}}],"collection":[{"href":"https:\/\/bobobooks.de\/de\/wp-json\/wp\/v2\/product"}],"about":[{"href":"https:\/\/bobobooks.de\/de\/wp-json\/wp\/v2\/types\/product"}],"version-history":[{"count":3,"href":"https:\/\/bobobooks.de\/de\/wp-json\/wp\/v2\/product\/23301\/revisions"}],"predecessor-version":[{"id":25231,"href":"https:\/\/bobobooks.de\/de\/wp-json\/wp\/v2\/product\/23301\/revisions\/25231"}],"wp:featuredmedia":[{"embeddable":true,"href":"https:\/\/bobobooks.de\/de\/wp-json\/wp\/v2\/media\/25229"}],"wp:attachment":[{"href":"https:\/\/bobobooks.de\/de\/wp-json\/wp\/v2\/media?parent=23301"}],"wp:term":[{"taxonomy":"product_brand","embeddable":true,"href":"https:\/\/bobobooks.de\/de\/wp-json\/wp\/v2\/product_brand?post=23301"},{"taxonomy":"product_cat","embeddable":true,"href":"https:\/\/bobobooks.de\/de\/wp-json\/wp\/v2\/product_cat?post=23301"},{"taxonomy":"product_tag","embeddable":true,"href":"https:\/\/bobobooks.de\/de\/wp-json\/wp\/v2\/product_tag?post=23301"}],"curies":[{"name":"wp","href":"https:\/\/api.w.org\/{rel}","templated":true}]}}