{"id":23291,"date":"2024-12-21T18:57:12","date_gmt":"2024-12-21T17:57:12","guid":{"rendered":"https:\/\/bobobooks.de\/shop\/indien-der-illustrierte-guide\/"},"modified":"2026-01-01T16:25:00","modified_gmt":"2026-01-01T15:25:00","slug":"indien-der-illustrierte-guide","status":"publish","type":"product","link":"https:\/\/bobobooks.de\/de\/indien-der-illustrierte-guide\/","title":{"rendered":"Indien. Der illustrierte Guide"},"content":{"rendered":"<p>Indien ist ein Land, oder besser gesagt ein Subkontinent, von dem eine faszinierende Intensit\u00e4t ausgeht. Die gr\u00f6\u00dfte Demokratie der Welt mit \u00fcber einer Milliarde Einwohner:innen birgt eine beeindruckende kulturelle, gesellschaftliche und spirituelle Vielfalt, die mehr als Yoga, Curry und Bollywood zu bieten hat. Dieser illustrierte Guide erkundet alle Aspekte des Lebens in Indien auf informative und leicht zug\u00e4ngliche Weise, von den jahrhundertealten Traditionen und farbenfrohen Festen \u00fcber Reisetipps zu den beliebtesten Destinationen bis hin zu Einblicken in das digitale und hypermoderne Indien. Anhand bezaubernder Illustrationen und anschaulicher Kurzinfos erfahren Indien-Fans etwa, wie man einen Sari anlegt, sich in einem indischen Haus verh\u00e4lt oder welches Streetfood man unbedingt probieren sollte. Unverzichtbar f\u00fcr alle, die eine Reise planen oder sich von der Faszination Indiens in den Bann ziehen lassen wollen.<\/p>","protected":false},"excerpt":{"rendered":"<p>Indien ist ein Land, oder besser gesagt ein Subkontinen [&hellip;]<\/p>\n","protected":false},"featured_media":25304,"template":"","meta":{"advanced_seo_description":"","jetpack_seo_html_title":"","jetpack_seo_noindex":false,"jetpack_post_was_ever_published":false},"product_brand":[],"product_cat":[132918,133487],"product_tag":[],"class_list":{"0":"post-23291","1":"product","2":"type-product","3":"status-publish","4":"has-post-thumbnail","6":"product_cat-booksingerman","7":"product_cat-133487","9":"first","10":"instock","11":"taxable","12":"shipping-taxable","13":"purchasable","14":"product-type-simple"},"exclude_global_add_ons":[],"addons":[],"jetpack_sharing_enabled":true,"_links":{"self":[{"href":"https:\/\/bobobooks.de\/de\/wp-json\/wp\/v2\/product\/23291","targetHints":{"allow":["GET"]}}],"collection":[{"href":"https:\/\/bobobooks.de\/de\/wp-json\/wp\/v2\/product"}],"about":[{"href":"https:\/\/bobobooks.de\/de\/wp-json\/wp\/v2\/types\/product"}],"version-history":[{"count":5,"href":"https:\/\/bobobooks.de\/de\/wp-json\/wp\/v2\/product\/23291\/revisions"}],"predecessor-version":[{"id":25529,"href":"https:\/\/bobobooks.de\/de\/wp-json\/wp\/v2\/product\/23291\/revisions\/25529"}],"wp:featuredmedia":[{"embeddable":true,"href":"https:\/\/bobobooks.de\/de\/wp-json\/wp\/v2\/media\/25304"}],"wp:attachment":[{"href":"https:\/\/bobobooks.de\/de\/wp-json\/wp\/v2\/media?parent=23291"}],"wp:term":[{"taxonomy":"product_brand","embeddable":true,"href":"https:\/\/bobobooks.de\/de\/wp-json\/wp\/v2\/product_brand?post=23291"},{"taxonomy":"product_cat","embeddable":true,"href":"https:\/\/bobobooks.de\/de\/wp-json\/wp\/v2\/product_cat?post=23291"},{"taxonomy":"product_tag","embeddable":true,"href":"https:\/\/bobobooks.de\/de\/wp-json\/wp\/v2\/product_tag?post=23291"}],"curies":[{"name":"wp","href":"https:\/\/api.w.org\/{rel}","templated":true}]}}