{"id":23279,"date":"2024-12-21T18:57:11","date_gmt":"2024-12-21T17:57:11","guid":{"rendered":"https:\/\/bobobooks.de\/shop\/das-meeresfruchterestaurant\/"},"modified":"2026-01-01T16:24:59","modified_gmt":"2026-01-01T15:24:59","slug":"das-meeresfruchterestaurant","status":"publish","type":"product","link":"https:\/\/bobobooks.de\/de\/das-meeresfruchterestaurant\/","title":{"rendered":"Das Meeresfr\u00fcchterestaurant"},"content":{"rendered":"<p>Science Fiction Kurzgeschichten<\/p>\n<p class=\"column\">Meeresfr\u00fcchte sind der jungen Literaturwissenschaftlerin und Restaurantkritikerin ein Gr\u00e4uel, doch ausgerechnet im neuenglischen Inverness, wo sie eine Stelle als Gastautorin annimmt, begegnen ihr auf Schritt und Tritt furchteinfl\u00f6\u00dfende Kraken und Oktopusse. Und das geisterhafte blaue Leuchten, hat sie sich das wirklich nur eingebildet? Au\u00dferdem ist da noch dieser merkw\u00fcrdie Professor Laydon, dessen scheinbar knochenlose H\u00e4nde irgendwie an Weichtiere erinnern \u2026\u2028Diese und weitere Geschichten aus dem Reich der Science Fiction hat die junge chinesische Autorin Regina Kanyu Wang in diesem Buch versammelt. Das Besondere an ihren Erz\u00e4hlungen ist, dass bei allen technischen Neuerungen die menschliche Psyche imMittelpunkt steht und die Autorin die Frage verfolgt: Wie wird es uns Menschen in m\u00f6glichen Zuk\u00fcnften wie diesen ergehen?<\/p>\n<p>Die Autorin<\/p>\n<p class=\"layoutArea\">Regina Kanyu Wang ist Schriftstellerin, Forscherin und Herausgeberin. Sie promoviert derzeit im Rahmen des CoFUTURES-Projekts an der Universit\u00e4t Oslo. Sie schreibt Science Fiction, Sachb\u00fccher und akademische Essays. F\u00fcr ihre Science Fiction Erz\u00e4hlungen hat sie zahlreiche Preise gewonnen, darunter die \u201eSF Comet International Writing Competition\u201c oder die Auszeichnung \u201eAnnual Best Works of Shanghai Writers\u2018 Association\u201c. \u2028Wang ist Mitherausgeberin zahlreicher Zeitschriften und Sammelb\u00e4nde wie etwa der \u201eWorld Science Fiction Frontier\u201c, einer vom China Science Fiction Research Center herausgegebenen Zeitschrift. Soeben wurde sie f\u00fcr den Hugo Award nominiert.<\/p>","protected":false},"excerpt":{"rendered":"<p>Science Fiction Kurzgeschichten Meeresfr\u00fcchte sind der  [&hellip;]<\/p>\n","protected":false},"featured_media":25316,"template":"","meta":{"advanced_seo_description":"","jetpack_seo_html_title":"","jetpack_seo_noindex":false,"jetpack_post_was_ever_published":false},"product_brand":[],"product_cat":[132918,133410],"product_tag":[],"class_list":{"0":"post-23279","1":"product","2":"type-product","3":"status-publish","4":"has-post-thumbnail","6":"product_cat-booksingerman","7":"product_cat-scifi","9":"first","10":"instock","11":"taxable","12":"shipping-taxable","13":"purchasable","14":"product-type-simple"},"exclude_global_add_ons":[],"addons":[],"jetpack_sharing_enabled":true,"_links":{"self":[{"href":"https:\/\/bobobooks.de\/de\/wp-json\/wp\/v2\/product\/23279","targetHints":{"allow":["GET"]}}],"collection":[{"href":"https:\/\/bobobooks.de\/de\/wp-json\/wp\/v2\/product"}],"about":[{"href":"https:\/\/bobobooks.de\/de\/wp-json\/wp\/v2\/types\/product"}],"version-history":[{"count":4,"href":"https:\/\/bobobooks.de\/de\/wp-json\/wp\/v2\/product\/23279\/revisions"}],"predecessor-version":[{"id":25319,"href":"https:\/\/bobobooks.de\/de\/wp-json\/wp\/v2\/product\/23279\/revisions\/25319"}],"wp:featuredmedia":[{"embeddable":true,"href":"https:\/\/bobobooks.de\/de\/wp-json\/wp\/v2\/media\/25316"}],"wp:attachment":[{"href":"https:\/\/bobobooks.de\/de\/wp-json\/wp\/v2\/media?parent=23279"}],"wp:term":[{"taxonomy":"product_brand","embeddable":true,"href":"https:\/\/bobobooks.de\/de\/wp-json\/wp\/v2\/product_brand?post=23279"},{"taxonomy":"product_cat","embeddable":true,"href":"https:\/\/bobobooks.de\/de\/wp-json\/wp\/v2\/product_cat?post=23279"},{"taxonomy":"product_tag","embeddable":true,"href":"https:\/\/bobobooks.de\/de\/wp-json\/wp\/v2\/product_tag?post=23279"}],"curies":[{"name":"wp","href":"https:\/\/api.w.org\/{rel}","templated":true}]}}