{"id":23273,"date":"2024-12-21T18:57:09","date_gmt":"2024-12-21T17:57:09","guid":{"rendered":"https:\/\/bobobooks.de\/shop\/das-ummauerte-ich\/"},"modified":"2026-01-01T16:24:58","modified_gmt":"2026-01-01T15:24:58","slug":"das-ummauerte-ich","status":"publish","type":"product","link":"https:\/\/bobobooks.de\/de\/das-ummauerte-ich\/","title":{"rendered":"Das ummauerte Ich"},"content":{"rendered":"<p>Die Tiefenstruktur der chinesischen Mentalit\u00e4t<\/p>\n<p class=\"column\">Im Zusammenhang mit China taucht der Begriff \u203aSystemrivalit\u00e4t\u2039 immer h\u00e4ufiger auf. Aber worin genau besteht diese Rivalit\u00e4t? Worin unterscheidet sich das chinesische Denken und F\u00fchlen so grundlegend von unserem europ\u00e4ischen?<br \/>\nDer Historiker Sun Longji zeichnet mit dieser scharfen Pers\u00f6nlichkeitsanalyse ein ausf\u00fchrliches Psychogramm der chinesischen Mentalit\u00e4t. Deren Tiefenstruktur, mit einer \u203agrammatikalischen Struktur\u2039 vergleichbar, hat die Jahrhunderte unver\u00e4ndert \u00fcberdauert und k\u00f6nne, so Sun, durchaus als Erfolgsrezept betrachtet werden, \u2013 zumindest in wirtschaftlicher Hinsicht.\u2028Doch was bedeutet die chinesische Erziehungsweise f\u00fcr den Einzelnen? Wo bleibt noch Raum f\u00fcr das \u203aSelbst\u2039? Und wie ist der Personenkult um Chinas F\u00fchrungspers\u00f6nlichkeiten erkl\u00e4rbar?<br \/>\nDie Geschichte ist entscheidend f\u00fcr das Verst\u00e4ndnis jedes Landes. Dies gilt insbesondere f\u00fcr China, dessen heutige Gesellschaft ohne den R\u00fcckbezug auf seine lange Geschichte kaum zu begreifen ist.<\/p>\n<p>Der Autor<\/p>\n<p class=\"layoutArea\">Sun Longji,<\/p>\n<p>Der Herausgeber<\/p>\n<p><span class=\"\">Prof. Dr. Thomas Heberer studierte Ethnologie, Philosophie, Politologie und Sinologie\u00a0 in Frankfurt am Main, G\u00f6ttingen, Mainz und Heidelberg. Nach seiner Promotion im Jahre 1977 arbeitete er zun\u00e4chst f\u00fcr mehr als vier Jahre als Lektor und \u00dcbersetzer im Verlag f\u00fcr Fremdsprachige Literatur in Peking. 1989 habilitierte in Bremen. Nach Stationen in Bremen und Trier \u00fcbernahm er im Jahre 1998 den Lehrstuhl f\u00fcr Politikwissenschaft mit dem Schwerpunkt Ostasien an der Universit\u00e4t Duisburg-Essen. Seit 2009 fungiert er zugleich als Ko-Direktor des Konfuzius-Instituts Metropole Ruhr an der Universit\u00e4t Duisburg-Essen. Seit 2013 hat er eine Seniorprofessur f\u00fcr Politik und Gesellschaft Chinas inne. Seine Forschungsschwerpunkte sind die Prozesse, Strukturen und Akteure des politischen, sozialen und institutionellen Wandels in China. Seit 1981 f\u00fchrt er auf fast j\u00e4hrlicher Basis Feldforschung in China durch.<\/span><span class=\"\"> Mit \u00fcber 50 Jahren Forschungst\u00e4tigkeiten zu China geh\u00f6rt er zu den f\u00fchrenden Chinaexperten in Deutschland.<\/span><\/p>","protected":false},"excerpt":{"rendered":"<p>Die Tiefenstruktur der chinesischen Mentalit\u00e4t Im Zusam [&hellip;]<\/p>\n","protected":false},"featured_media":25320,"template":"","meta":{"advanced_seo_description":"","jetpack_seo_html_title":"","jetpack_seo_noindex":false,"jetpack_post_was_ever_published":false},"product_brand":[],"product_cat":[132918,132921],"product_tag":[],"class_list":{"0":"post-23273","1":"product","2":"type-product","3":"status-publish","4":"has-post-thumbnail","6":"product_cat-booksingerman","7":"product_cat-interkultur","9":"first","10":"instock","11":"taxable","12":"shipping-taxable","13":"purchasable","14":"product-type-simple"},"exclude_global_add_ons":[],"addons":[],"jetpack_sharing_enabled":true,"_links":{"self":[{"href":"https:\/\/bobobooks.de\/de\/wp-json\/wp\/v2\/product\/23273","targetHints":{"allow":["GET"]}}],"collection":[{"href":"https:\/\/bobobooks.de\/de\/wp-json\/wp\/v2\/product"}],"about":[{"href":"https:\/\/bobobooks.de\/de\/wp-json\/wp\/v2\/types\/product"}],"version-history":[{"count":3,"href":"https:\/\/bobobooks.de\/de\/wp-json\/wp\/v2\/product\/23273\/revisions"}],"predecessor-version":[{"id":25322,"href":"https:\/\/bobobooks.de\/de\/wp-json\/wp\/v2\/product\/23273\/revisions\/25322"}],"wp:featuredmedia":[{"embeddable":true,"href":"https:\/\/bobobooks.de\/de\/wp-json\/wp\/v2\/media\/25320"}],"wp:attachment":[{"href":"https:\/\/bobobooks.de\/de\/wp-json\/wp\/v2\/media?parent=23273"}],"wp:term":[{"taxonomy":"product_brand","embeddable":true,"href":"https:\/\/bobobooks.de\/de\/wp-json\/wp\/v2\/product_brand?post=23273"},{"taxonomy":"product_cat","embeddable":true,"href":"https:\/\/bobobooks.de\/de\/wp-json\/wp\/v2\/product_cat?post=23273"},{"taxonomy":"product_tag","embeddable":true,"href":"https:\/\/bobobooks.de\/de\/wp-json\/wp\/v2\/product_tag?post=23273"}],"curies":[{"name":"wp","href":"https:\/\/api.w.org\/{rel}","templated":true}]}}