{"id":23259,"date":"2024-12-21T18:57:07","date_gmt":"2024-12-21T17:57:07","guid":{"rendered":"https:\/\/bobobooks.de\/shop\/spiegel\/"},"modified":"2026-01-01T16:24:56","modified_gmt":"2026-01-01T15:24:56","slug":"spiegel","status":"publish","type":"product","link":"https:\/\/bobobooks.de\/de\/spiegel\/","title":{"rendered":"Spiegel"},"content":{"rendered":"<p>China in der nahen Zukunft. Der junge, ehrgeizige Beamte Song Cheng st\u00f6\u00dft auf einen gewaltigen Korruptionsskandal. Doch pl\u00f6tzlich wird er selbst ins Gef\u00e4ngnis geworfen. Dort taucht ein geheimnisvoller Mann mit einem Supercomputer auf, der ebenfalls <em class=\"element-background-basic-colors marker\" data-color=\"04b\">verfolgt<\/em> wird \u2013 weil er alles wei\u00df. Einfach alles. Wie kann das sein? Und welche Konsequenzen hat das?<\/p>\n<p>&nbsp;<\/p>\n<p>Mit seiner Novelle Spiegel erweist sich Cixin Liu, Autor des Weltbestsellers Die drei Sonnen, einmal mehr als scharfer Beobachter der chinesischen Gegenwart und als literarischer Vision\u00e4r der Welt von morgen. Dieses Buch enth\u00e4lt eine Leseprobe aus Der dunkle Wald, dem Nachfolger zu Die drei Sonnen, sowie ausf\u00fchrliche Anmerkungen zur \u00dcbersetzung und ein Nachwort.<\/p>","protected":false},"excerpt":{"rendered":"<p>China in der nahen Zukunft. Der junge, ehrgeizige Beamt [&hellip;]<\/p>\n","protected":false},"featured_media":25367,"template":"","meta":{"advanced_seo_description":"","jetpack_seo_html_title":"","jetpack_seo_noindex":false,"jetpack_post_was_ever_published":false},"product_brand":[],"product_cat":[132918,133410],"product_tag":[],"class_list":{"0":"post-23259","1":"product","2":"type-product","3":"status-publish","4":"has-post-thumbnail","6":"product_cat-booksingerman","7":"product_cat-scifi","9":"first","10":"instock","11":"taxable","12":"shipping-taxable","13":"purchasable","14":"product-type-simple"},"exclude_global_add_ons":[],"addons":[],"jetpack_sharing_enabled":true,"_links":{"self":[{"href":"https:\/\/bobobooks.de\/de\/wp-json\/wp\/v2\/product\/23259","targetHints":{"allow":["GET"]}}],"collection":[{"href":"https:\/\/bobobooks.de\/de\/wp-json\/wp\/v2\/product"}],"about":[{"href":"https:\/\/bobobooks.de\/de\/wp-json\/wp\/v2\/types\/product"}],"version-history":[{"count":3,"href":"https:\/\/bobobooks.de\/de\/wp-json\/wp\/v2\/product\/23259\/revisions"}],"predecessor-version":[{"id":25369,"href":"https:\/\/bobobooks.de\/de\/wp-json\/wp\/v2\/product\/23259\/revisions\/25369"}],"wp:featuredmedia":[{"embeddable":true,"href":"https:\/\/bobobooks.de\/de\/wp-json\/wp\/v2\/media\/25367"}],"wp:attachment":[{"href":"https:\/\/bobobooks.de\/de\/wp-json\/wp\/v2\/media?parent=23259"}],"wp:term":[{"taxonomy":"product_brand","embeddable":true,"href":"https:\/\/bobobooks.de\/de\/wp-json\/wp\/v2\/product_brand?post=23259"},{"taxonomy":"product_cat","embeddable":true,"href":"https:\/\/bobobooks.de\/de\/wp-json\/wp\/v2\/product_cat?post=23259"},{"taxonomy":"product_tag","embeddable":true,"href":"https:\/\/bobobooks.de\/de\/wp-json\/wp\/v2\/product_tag?post=23259"}],"curies":[{"name":"wp","href":"https:\/\/api.w.org\/{rel}","templated":true}]}}