{"id":23237,"date":"2024-12-21T18:57:04","date_gmt":"2024-12-21T17:57:04","guid":{"rendered":"https:\/\/bobobooks.de\/shop\/iron-widow-rache-im-herzen\/"},"modified":"2026-01-01T16:24:52","modified_gmt":"2026-01-01T15:24:52","slug":"iron-widow-rache-im-herzen","status":"publish","type":"product","link":"https:\/\/bobobooks.de\/de\/iron-widow-rache-im-herzen\/","title":{"rendered":"Iron Widow &#8211; Rache im Herzen"},"content":{"rendered":"<p>Die 18-j\u00e4hrige Zetian tritt der Armee bei, um Rache an dem M\u00f6rder ihrer Schwester zu nehmen. Sie wird <em class=\"element-background-basic-colors marker\" data-color=\"04b\">Konkubinen-Pilotin<\/em>einer Kampfmaschine, die nur von der Qi-Magie eines Mannes und einer Frau gemeinsam aktiviert werden kann. Doch die Macht des m\u00e4nnlichen Piloten ist viel gr\u00f6\u00dfer als die seiner Partnerin, und ist er nicht vorsichtig genug, brennt er die ihm untergeordnete Pilotin aus. Bei Zetian ist es anders, und die junge Frau erlangt ihre Rache auf spektakul\u00e4re Weise. Pl\u00f6tzlich ist sie eine Macht, mit der zu rechnen ist. Wird sie das Land im Kampf gegen die Bestien jenseits der Gro\u00dfen Mauer zerst\u00f6ren, wie viele f\u00fcrchten? Oder ist sie die letzte Hoffnung auf den Sieg?<\/p>","protected":false},"excerpt":{"rendered":"<p>Die 18-j\u00e4hrige Zetian tritt der Armee bei, um Rache an  [&hellip;]<\/p>\n","protected":false},"featured_media":25340,"template":"","meta":{"advanced_seo_description":"","jetpack_seo_html_title":"","jetpack_seo_noindex":false,"jetpack_post_was_ever_published":false},"product_brand":[],"product_cat":[132918,133410],"product_tag":[],"class_list":{"0":"post-23237","1":"product","2":"type-product","3":"status-publish","4":"has-post-thumbnail","6":"product_cat-booksingerman","7":"product_cat-scifi","9":"first","10":"instock","11":"taxable","12":"shipping-taxable","13":"purchasable","14":"product-type-simple"},"exclude_global_add_ons":[],"addons":[],"jetpack_sharing_enabled":true,"_links":{"self":[{"href":"https:\/\/bobobooks.de\/de\/wp-json\/wp\/v2\/product\/23237","targetHints":{"allow":["GET"]}}],"collection":[{"href":"https:\/\/bobobooks.de\/de\/wp-json\/wp\/v2\/product"}],"about":[{"href":"https:\/\/bobobooks.de\/de\/wp-json\/wp\/v2\/types\/product"}],"version-history":[{"count":3,"href":"https:\/\/bobobooks.de\/de\/wp-json\/wp\/v2\/product\/23237\/revisions"}],"predecessor-version":[{"id":25341,"href":"https:\/\/bobobooks.de\/de\/wp-json\/wp\/v2\/product\/23237\/revisions\/25341"}],"wp:featuredmedia":[{"embeddable":true,"href":"https:\/\/bobobooks.de\/de\/wp-json\/wp\/v2\/media\/25340"}],"wp:attachment":[{"href":"https:\/\/bobobooks.de\/de\/wp-json\/wp\/v2\/media?parent=23237"}],"wp:term":[{"taxonomy":"product_brand","embeddable":true,"href":"https:\/\/bobobooks.de\/de\/wp-json\/wp\/v2\/product_brand?post=23237"},{"taxonomy":"product_cat","embeddable":true,"href":"https:\/\/bobobooks.de\/de\/wp-json\/wp\/v2\/product_cat?post=23237"},{"taxonomy":"product_tag","embeddable":true,"href":"https:\/\/bobobooks.de\/de\/wp-json\/wp\/v2\/product_tag?post=23237"}],"curies":[{"name":"wp","href":"https:\/\/api.w.org\/{rel}","templated":true}]}}