{"id":23225,"date":"2024-12-21T18:57:03","date_gmt":"2024-12-21T17:57:03","guid":{"rendered":"https:\/\/bobobooks.de\/shop\/der-schwur-der-adlerkrieger-band2\/"},"modified":"2026-01-01T16:24:51","modified_gmt":"2026-01-01T15:24:51","slug":"der-schwur-der-adlerkrieger-band2","status":"publish","type":"product","link":"https:\/\/bobobooks.de\/de\/der_schwur_der_adlerkrieger_band_2\/","title":{"rendered":"Der Schwur der Adlerkrieger Band2"},"content":{"rendered":"<p>Kaum in der Jin-Hauptstadt Zhongdu angekommen, erf\u00e4hrt der tapfere Kung-Fu-K\u00e4mpfer Guo Jing nicht nur die Wahrheit \u00fcber den gewaltsamen Tod seines Vaters, sondern findet auch noch heraus, dass er gegen seinen Willen gleich zwei Frauen versprochen ist. Dabei geh\u00f6rt sein Herz doch der sch\u00f6nen Rebellin Huang Rong! Gemeinsam mit ihr macht er sich auf die gef\u00e4hrliche Reise durch China, um das seit Langem verschollene Buch <span class=\"a-text-italic\">Der Wahre Weg der Neun Yin <\/span>zu finden. Mit dieser Schrift kann jeder Kung-Fu-K\u00fcnstler unbesiegbar werden, und sollte sie in den falschen H\u00e4nden landen, w\u00e4re das Schicksal des ganzen Reiches besiegelt &#8230;<\/p>","protected":false},"excerpt":{"rendered":"<p>Kaum in der Jin-Hauptstadt Zhongdu angekommen, erf\u00e4hrt  [&hellip;]<\/p>\n","protected":false},"featured_media":25354,"template":"","meta":{"advanced_seo_description":"","jetpack_seo_html_title":"","jetpack_seo_noindex":false,"jetpack_post_was_ever_published":false},"product_brand":[],"product_cat":[132918,132919],"product_tag":[],"class_list":{"0":"post-23225","1":"product","2":"type-product","3":"status-publish","4":"has-post-thumbnail","6":"product_cat-booksingerman","7":"product_cat-chinesische_roman","9":"first","10":"instock","11":"taxable","12":"shipping-taxable","13":"purchasable","14":"product-type-simple"},"exclude_global_add_ons":[],"addons":[],"jetpack_sharing_enabled":true,"_links":{"self":[{"href":"https:\/\/bobobooks.de\/de\/wp-json\/wp\/v2\/product\/23225","targetHints":{"allow":["GET"]}}],"collection":[{"href":"https:\/\/bobobooks.de\/de\/wp-json\/wp\/v2\/product"}],"about":[{"href":"https:\/\/bobobooks.de\/de\/wp-json\/wp\/v2\/types\/product"}],"version-history":[{"count":5,"href":"https:\/\/bobobooks.de\/de\/wp-json\/wp\/v2\/product\/23225\/revisions"}],"predecessor-version":[{"id":25527,"href":"https:\/\/bobobooks.de\/de\/wp-json\/wp\/v2\/product\/23225\/revisions\/25527"}],"wp:featuredmedia":[{"embeddable":true,"href":"https:\/\/bobobooks.de\/de\/wp-json\/wp\/v2\/media\/25354"}],"wp:attachment":[{"href":"https:\/\/bobobooks.de\/de\/wp-json\/wp\/v2\/media?parent=23225"}],"wp:term":[{"taxonomy":"product_brand","embeddable":true,"href":"https:\/\/bobobooks.de\/de\/wp-json\/wp\/v2\/product_brand?post=23225"},{"taxonomy":"product_cat","embeddable":true,"href":"https:\/\/bobobooks.de\/de\/wp-json\/wp\/v2\/product_cat?post=23225"},{"taxonomy":"product_tag","embeddable":true,"href":"https:\/\/bobobooks.de\/de\/wp-json\/wp\/v2\/product_tag?post=23225"}],"curies":[{"name":"wp","href":"https:\/\/api.w.org\/{rel}","templated":true}]}}