{"id":23204,"date":"2024-12-21T00:18:23","date_gmt":"2024-12-20T23:18:23","guid":{"rendered":"https:\/\/bobobooks.de\/shop\/%e4%b8%80%e9%97%b4%e5%8f%aa%e5%b1%9e%e4%ba%8e%e8%87%aa%e5%b7%b1%e7%9a%84%e6%88%bf%e9%97%b4\/"},"modified":"2026-03-25T21:32:05","modified_gmt":"2026-03-25T20:32:05","slug":"ein-zimmer-ganz-fur-mich-allein","status":"publish","type":"product","link":"https:\/\/bobobooks.de\/de\/yi_jian_zhi_shu_yu_zi_ji_de_fang_jian\/","title":{"rendered":"Ein Zimmer ganz f\u00fcr mich allein."},"content":{"rendered":"<p>Im Oktober 1928 hielt Woolf zwei frauenorientierte Vorlesungen an der Universit\u00e4t Cambridge - \"Women and the Novel\". Auf dieser Grundlage schrieb sie dann A Room of One's Own, das 1929 ver\u00f6ffentlicht wurde.<\/p>\n<p>Woolf spricht \u00fcber das \u00dcberleben der Frauen in einer patriarchalischen Gesellschaft, die Voreingenommenheit der Geschichte gegen\u00fcber den Frauen, das gemeinsame Schicksal der Frauen und die Auswirkungen der Armut der Frauen auf ihre Kreativit\u00e4t; sie schl\u00e4gt vor, dass die Frauen ihre eigene Situation erkennen, aktiv nach unabh\u00e4ngiger wirtschaftlicher Macht und sozialem Status streben, unabh\u00e4ngig denken, frei leben und die gr\u00f6\u00dften St\u00e4rken der Frauen voll zur Geltung bringen sollten, um sich selbst zu verwirklichen.<\/p>\n<p>\"Es gibt eine hochentwickelte sch\u00f6pferische Kraft in den Frauen, die komplex und m\u00e4chtig ist ....... Ihre Kreativit\u00e4t unterscheidet sich extrem von der des Mannes. Diese Kraft wurde durch jahrhundertelange strenge Disziplin ersetzt, sie ist unersetzlich und es w\u00e4re eine absolute Schande, wenn sie beschnitten oder verschwendet w\u00fcrde.\"<\/p>","protected":false},"excerpt":{"rendered":"<p>1928\u5e7410\u6708\uff0c\u4f0d\u5c14\u592b\u5728\u5251\u6865\u5927\u5b66\u505a\u4e86\u4e24\u573a\u9762\u5411\u5973\u6027\u7684\u6f14\u8bb2\u2014\u2014\u201c\u5973\u6027\u4e0e\u5c0f\u8bf4\u201d\u3002\u4e4b\u540e\u5979\u5728\u6b64\u57fa\u7840\u4e0a\u64b0\u5199\u300a\u4e00\u95f4\u53ea\u5c5e\u4e8e\u81ea [&hellip;]<\/p>\n","protected":false},"featured_media":26036,"template":"","meta":{"advanced_seo_description":"","jetpack_seo_html_title":"","jetpack_seo_noindex":false,"jetpack_post_was_ever_published":false},"product_brand":[],"product_cat":[133482,133485],"product_tag":[],"class_list":{"0":"post-23204","1":"product","2":"type-product","3":"status-publish","4":"has-post-thumbnail","6":"product_cat-133482","7":"product_cat-133485","9":"first","10":"instock","11":"taxable","12":"shipping-taxable","13":"purchasable","14":"product-type-simple"},"exclude_global_add_ons":[],"addons":[],"jetpack_sharing_enabled":true,"_links":{"self":[{"href":"https:\/\/bobobooks.de\/de\/wp-json\/wp\/v2\/product\/23204","targetHints":{"allow":["GET"]}}],"collection":[{"href":"https:\/\/bobobooks.de\/de\/wp-json\/wp\/v2\/product"}],"about":[{"href":"https:\/\/bobobooks.de\/de\/wp-json\/wp\/v2\/types\/product"}],"version-history":[{"count":3,"href":"https:\/\/bobobooks.de\/de\/wp-json\/wp\/v2\/product\/23204\/revisions"}],"predecessor-version":[{"id":23659,"href":"https:\/\/bobobooks.de\/de\/wp-json\/wp\/v2\/product\/23204\/revisions\/23659"}],"wp:featuredmedia":[{"embeddable":true,"href":"https:\/\/bobobooks.de\/de\/wp-json\/wp\/v2\/media\/26036"}],"wp:attachment":[{"href":"https:\/\/bobobooks.de\/de\/wp-json\/wp\/v2\/media?parent=23204"}],"wp:term":[{"taxonomy":"product_brand","embeddable":true,"href":"https:\/\/bobobooks.de\/de\/wp-json\/wp\/v2\/product_brand?post=23204"},{"taxonomy":"product_cat","embeddable":true,"href":"https:\/\/bobobooks.de\/de\/wp-json\/wp\/v2\/product_cat?post=23204"},{"taxonomy":"product_tag","embeddable":true,"href":"https:\/\/bobobooks.de\/de\/wp-json\/wp\/v2\/product_tag?post=23204"}],"curies":[{"name":"wp","href":"https:\/\/api.w.org\/{rel}","templated":true}]}}