{"id":23182,"date":"2024-12-21T00:18:19","date_gmt":"2024-12-20T23:18:19","guid":{"rendered":"https:\/\/bobobooks.de\/shop\/%e7%ac%ac%e4%b8%83%e5%a4%a9\/"},"modified":"2026-03-25T21:29:18","modified_gmt":"2026-03-25T20:29:18","slug":"siebter-tag","status":"publish","type":"product","link":"https:\/\/bobobooks.de\/de\/di_qi_tian\/","title":{"rendered":"Siebter Tag"},"content":{"rendered":"<p>\u2605Portelli Lattes Grinzana-Literaturpreis, Italien<\/p>\n<p>\u2605Chinese Literary Media Awards - Herausragender Schriftsteller des Jahres<\/p>\n<p>\u2605 Die zehn besten Romane des Jahres von Asia Weekly<\/p>\n<p>Eine Seele verbringt sieben Tage damit, die Geschichte ihres Lebens zu erz\u00e4hlen.<\/p>\n<p>Ein Mann namens Yang Fei stirbt, aber sein Geist scheint nicht weit gereist zu sein. Er reiste durch eine neblige Erinnerungsspur und begegnete Seelen in allen Formen und Gr\u00f6\u00dfen:<\/p>\n<p>Er hatte die Liebe seines Lebens getroffen, sie hatten sich geliebt und waren vom Schicksal getrennt worden, ohne sich um die Welt zu k\u00fcmmern;<\/p>\n<p>Er lernte das junge Paar kennen, das neben ihm wohnte und dessen Hoffnungen und Entt\u00e4uschungen durch die d\u00fcnnen W\u00e4nde des gemieteten Hauses in seine Tr\u00e4ume geschl\u00fcpft waren;<\/p>\n<p>Er trifft ein Paar prominenter Zeitungsleute, die in Ungnade gelebt haben und gl\u00fccklich gestorben sind, um gemeinsam Schach zu spielen;<\/p>\n<p>Schlie\u00dflich trifft er seinen Adoptivvater, der seit Jahren vermisst wird, und versteht endlich, warum er damals ohne Abschied gegangen ist ......<\/p>\n<p>Der siebte Tag, Yu Huas f\u00fcnfter abendf\u00fcllender Roman, ist ein Werk, in dem Verzweiflung und W\u00e4rme auf eine Weise miteinander verwoben sind, die \"mutig ist, ohne engstirnig zu sein, humorvoll, ohne gediegen zu sein\". Einsame Seelen treffen sich und erz\u00e4hlen sich, ihre Stimmen verflechten sich zu einem Wald von Geschichten, endlich nicht mehr allein.<\/p>\n<p>\"Wir sa\u00dfen am Lagerfeuer, und tausend Worte verdunkelten die gro\u00dfe Stille, die so viel von einem bescheidenen Leben war, das zu sich selbst sprach.\"<\/p>\n<p>\"Wir sitzen in Stille, nicht um etwas anderes zu tun, als zu sp\u00fcren, dass wir nicht einer sind, sondern eine Gruppe.<\/p>\n<p>\"Wie ein Baum, der in den Wald zur\u00fcckkehrt, ein Wassertropfen, der in den Fluss zur\u00fcckkehrt, ein Staubkorn, das in die Erde zur\u00fcckkehrt.\"<\/p>","protected":false},"excerpt":{"rendered":"<p>\u2605\u610f\u5927\u5229\u6ce2\u7279\u5229\u00b7\u62c9\u7279\u65af\u00b7\u683c\u6797\u624e\u7eb3\u6587\u5b66\u5956 \u2605\u534e\u8bed\u6587\u5b66\u4f20\u5a92\u5927\u5956\u00b7\u5e74\u5ea6\u6770\u51fa\u4f5c\u5bb6 \u2605\u300a\u4e9a\u6d32\u5468\u520a\u300b\u5e74\u5ea6\u5341\u5927\u5c0f\u8bf4 \u4e00\u4e2a\u7075\u9b42 [&hellip;]<\/p>\n","protected":false},"featured_media":24995,"template":"","meta":{"advanced_seo_description":"","jetpack_seo_html_title":"","jetpack_seo_noindex":false,"jetpack_post_was_ever_published":false},"product_brand":[],"product_cat":[132922,132924],"product_tag":[],"class_list":{"0":"post-23182","1":"product","2":"type-product","3":"status-publish","4":"has-post-thumbnail","6":"product_cat-132922","7":"product_cat-132924","9":"first","10":"instock","11":"taxable","12":"shipping-taxable","13":"purchasable","14":"product-type-simple"},"exclude_global_add_ons":[],"addons":[],"jetpack_sharing_enabled":true,"_links":{"self":[{"href":"https:\/\/bobobooks.de\/de\/wp-json\/wp\/v2\/product\/23182","targetHints":{"allow":["GET"]}}],"collection":[{"href":"https:\/\/bobobooks.de\/de\/wp-json\/wp\/v2\/product"}],"about":[{"href":"https:\/\/bobobooks.de\/de\/wp-json\/wp\/v2\/types\/product"}],"version-history":[{"count":3,"href":"https:\/\/bobobooks.de\/de\/wp-json\/wp\/v2\/product\/23182\/revisions"}],"predecessor-version":[{"id":23588,"href":"https:\/\/bobobooks.de\/de\/wp-json\/wp\/v2\/product\/23182\/revisions\/23588"}],"wp:featuredmedia":[{"embeddable":true,"href":"https:\/\/bobobooks.de\/de\/wp-json\/wp\/v2\/media\/24995"}],"wp:attachment":[{"href":"https:\/\/bobobooks.de\/de\/wp-json\/wp\/v2\/media?parent=23182"}],"wp:term":[{"taxonomy":"product_brand","embeddable":true,"href":"https:\/\/bobobooks.de\/de\/wp-json\/wp\/v2\/product_brand?post=23182"},{"taxonomy":"product_cat","embeddable":true,"href":"https:\/\/bobobooks.de\/de\/wp-json\/wp\/v2\/product_cat?post=23182"},{"taxonomy":"product_tag","embeddable":true,"href":"https:\/\/bobobooks.de\/de\/wp-json\/wp\/v2\/product_tag?post=23182"}],"curies":[{"name":"wp","href":"https:\/\/api.w.org\/{rel}","templated":true}]}}