{"id":23176,"date":"2024-12-21T00:18:18","date_gmt":"2024-12-20T23:18:18","guid":{"rendered":"https:\/\/bobobooks.de\/shop\/%e5%86%b7%e5%88%b0%e4%b8%8b%e9%9b%aa\/"},"modified":"2026-03-25T21:27:24","modified_gmt":"2026-03-25T20:27:24","slug":"kalt-genug-um-zu-schneien","status":"publish","type":"product","link":"https:\/\/bobobooks.de\/de\/leng_dao_xia_xue\/","title":{"rendered":"Kalt genug, um zu schneien."},"content":{"rendered":"<p>An einem regnerischen Oktobertag verlassen Mutter und Tochter ihre Heimatl\u00e4nder und treffen sich in Tokio: Sie schlendern am Fluss entlang, um dem Taifun zu entgehen, essen gemeinsam in Caf\u00e9s und Restaurants und besuchen eine Galerie, um einige der radikalsten modernen Kunstwerke der Stadt zu sehen. W\u00e4hrenddessen unterhalten sie sich \u00fcber das Wetter, Horoskope, Kleidung und Gegenst\u00e4nde, aber auch \u00fcber Familie, Entfernung und Erinnerungen.<\/p>\n<p>Die Mutter wuchs in Hongkong auf und wanderte aus, bevor ihre beiden T\u00f6chter geboren wurden. Sie sind h\u00f6flich, aber nicht intim zueinander. Eine Mischung aus Entt\u00e4uschung und Hoffnung tr\u00fcbte ihren Umgang miteinander, als ob ein Knoten aus Sehnsucht und Verzweiflung gekn\u00fcpft worden w\u00e4re. Die Reise war vielleicht nicht so erfolgreich, wie die T\u00f6chter gehofft hatten, obwohl fast alles nach Plan verlief und es keine b\u00f6sen \u00dcberraschungen gab.<\/p>\n<p>Cold Until It Snows ist ein sehr d\u00fcnnes Buch \u00fcber die stoische, anz\u00fcgliche und entfremdende Mutter-Tochter-Beziehung. Es stellt auch die Frage, ob wir eine gemeinsame Sprache haben, die wir sprechen k\u00f6nnen, welche Dimensionen die Liebe hat und ob wir es wert sind, die innere Welt eines anderen wirklich zu kennen.<\/p>\n<p>---------- ---------- ---------- --<\/p>\n<p>Aus \u00fcber 1.500 Eintr\u00e4gen<\/p>\n<p>Gewinnerin eines von drei britischen, amerikanischen und australischen Verlagen gemeinsam gestifteten Preises f\u00fcr Belletristik<\/p>\n<p>\u00dcbersetzt in 20 Sprachen<\/p>\n<p>\"Vielleicht<\/p>\n<p>Nicht alles zu verstehen.<\/p>\n<p>Und das ist in Ordnung.\"<\/p>","protected":false},"excerpt":{"rendered":"<p>\u4e00\u4e2a\u5341\u6708\u7684\u96e8\u5929\uff0c\u4e00\u5bf9\u6bcd\u5973\u5206\u522b\u79bb\u5f00\u81ea\u5df1\u751f\u6d3b\u7684\u56fd\u5bb6\uff0c\u5230\u4e1c\u4eac\u89c1\u9762\uff1a\u5979\u4eec\u6f2b\u6b65\u5728\u6cb3\u9053\u65c1\uff0c \u8eb2\u907f\u53f0\u98ce\uff0c\u5206\u4eab\u5496\u5561\u9986\u548c\u9910\u5385\u7684\u7f8e [&hellip;]<\/p>\n","protected":false},"featured_media":24812,"template":"","meta":{"advanced_seo_description":"","jetpack_seo_html_title":"","jetpack_seo_noindex":false,"jetpack_post_was_ever_published":false},"product_brand":[],"product_cat":[132931,132936],"product_tag":[],"class_list":{"0":"post-23176","1":"product","2":"type-product","3":"status-publish","4":"has-post-thumbnail","6":"product_cat-132931","7":"product_cat-132936","9":"first","10":"instock","11":"taxable","12":"shipping-taxable","13":"purchasable","14":"product-type-simple"},"exclude_global_add_ons":[],"addons":[],"jetpack_sharing_enabled":true,"_links":{"self":[{"href":"https:\/\/bobobooks.de\/de\/wp-json\/wp\/v2\/product\/23176","targetHints":{"allow":["GET"]}}],"collection":[{"href":"https:\/\/bobobooks.de\/de\/wp-json\/wp\/v2\/product"}],"about":[{"href":"https:\/\/bobobooks.de\/de\/wp-json\/wp\/v2\/types\/product"}],"version-history":[{"count":3,"href":"https:\/\/bobobooks.de\/de\/wp-json\/wp\/v2\/product\/23176\/revisions"}],"predecessor-version":[{"id":23603,"href":"https:\/\/bobobooks.de\/de\/wp-json\/wp\/v2\/product\/23176\/revisions\/23603"}],"wp:featuredmedia":[{"embeddable":true,"href":"https:\/\/bobobooks.de\/de\/wp-json\/wp\/v2\/media\/24812"}],"wp:attachment":[{"href":"https:\/\/bobobooks.de\/de\/wp-json\/wp\/v2\/media?parent=23176"}],"wp:term":[{"taxonomy":"product_brand","embeddable":true,"href":"https:\/\/bobobooks.de\/de\/wp-json\/wp\/v2\/product_brand?post=23176"},{"taxonomy":"product_cat","embeddable":true,"href":"https:\/\/bobobooks.de\/de\/wp-json\/wp\/v2\/product_cat?post=23176"},{"taxonomy":"product_tag","embeddable":true,"href":"https:\/\/bobobooks.de\/de\/wp-json\/wp\/v2\/product_tag?post=23176"}],"curies":[{"name":"wp","href":"https:\/\/api.w.org\/{rel}","templated":true}]}}