{"id":23170,"date":"2024-12-21T00:18:17","date_gmt":"2024-12-20T23:18:17","guid":{"rendered":"https:\/\/bobobooks.de\/shop\/%e6%88%91%e8%83%bd%e5%b8%ae%e4%b8%8a%e4%bb%80%e4%b9%88%e5%bf%99%ef%bc%9f-%e4%b8%80%e4%bd%8d%e8%b5%84%e6%b7%b1%e7%b2%be%e7%a5%9e%e7%a7%91%e5%8c%bb%e7%94%9f%e7%9a%84%e7%8e%b0%e5%9c%ba\/"},"modified":"2026-03-27T22:56:07","modified_gmt":"2026-03-27T21:56:07","slug":"wie-kann-ich-helfen","status":"publish","type":"product","link":"https:\/\/bobobooks.de\/de\/wo_neng_bang_shang_shen_me_mang\/","title":{"rendered":"Wie kann ich helfen?"},"content":{"rendered":"<p>\u2605 Was kann ein Psychiater tun? Ein Buch der Hoffnung und des Trostes, geschrieben aus \u00fcber drei\u00dfig Jahren klinischer Erfahrung, ehrlich, offen und ber\u00fchrend<\/p>\n<p>\u2605Zhao Min, Pr\u00e4sident des Shanghai Mental Health Centre und Direktor des National Mental Disease Medical Centre Aufrichtig empfohlen von<\/p>\n<p>[Inhalt]<\/p>\n<p>Die Pr\u00e4valenz psychischer Erkrankungen in der modernen Gesellschaft ist nach wie vor hoch, aber die meisten Patienten werden nicht behandelt. Dies ist sowohl auf das Stigma zur\u00fcckzuf\u00fchren, das psychischen Erkrankungen anhaftet, als auch auf die Tatsache, dass Psychiater oft missverstanden werden und kein Vertrauen genie\u00dfen.<\/p>\n<p>Welche Unterst\u00fctzung gibt es, wenn eine Person psychiatrische Hilfe in Anspruch nehmen m\u00f6chte? Was kann ein Psychiater tun, um zu helfen? Die erfahrenen Psychiater David Goldblum und Pierre Braden erz\u00e4hlen in diesem Buch Geschichten aus dem wirklichen Leben und versuchen, diese und viele andere Fragen zu beantworten, die die Menschen interessieren.<\/p>\n<p>In der Psychiatrie sieht und behandelt Dr. Goldblum Patienten mit Schizophrenie, Depressionen, bipolaren St\u00f6rungen, Angstst\u00f6rungen, wahnhaften St\u00f6rungen, Essst\u00f6rungen, posttraumatischen Belastungsst\u00f6rungen, Borderline-Pers\u00f6nlichkeitsst\u00f6rungen und anderen Arten von psychischen St\u00f6rungen, wobei in dem Buch Kliniken aus dem wirklichen Leben dargestellt werden.<\/p>\n<p>Gleichzeitig lassen uns die Autoren an ihren Gedanken und Erkenntnissen aus ihrer Arbeit teilhaben: die Notlage psychisch kranker Menschen, die Grenzen der Psychiatrie, die Kompromisse, die sich hinter den Behandlungsoptionen verbergen, ethische Fragen wie k\u00f6rperliche Einschr\u00e4nkungen und Zwangsbehandlung, die Bedeutung sozialer Unterst\u00fctzung und die Beziehung zwischen Arzt und Patient. ...... Diese hochrelevanten Perspektiven werden den Lesern tiefgreifende Anregungen bieten.<\/p>\n<p>Als ein Werk der medizinischen Geisteswissenschaften f\u00fcr ein popul\u00e4res Publikum ist dieses Buch leicht zu lesen, mit intellektueller Tiefe und humanistischem Anliegen.<\/p>\n<p>[Fachliche Empfehlungen]<\/p>\n<p>Psychische Gesundheit ist der Grundstein f\u00fcr eine erfolgreiche Karriere und ein gl\u00fcckliches Leben, psychische Erkrankungen k\u00f6nnen Sie und mich in jedem beeinflussen, aber die Menschen wissen wenig \u00fcber psychische Erkrankungen, und auch gibt es viele kognitive Missverst\u00e4ndnisse, Psychiater arbeiten, um die \u00d6ffentlichkeit ist noch mehr geheimnisvoll und neugierig, von dem Ph\u00e4nomen in den letzten Jahren, \"No. 600\" Netzwerk rot Dies l\u00e4sst sich an dem Ph\u00e4nomen der \"No.600\"-Internetprominenz der letzten Jahre ablesen. Als ich die \"No. 600 Psychiatrist's Record\" mit Shanghai Radio plante, hatte ich die Ehre, das Buch \"What Can I Do to Help? A Senior Psychiatrist's On-Site Medical Record\" zu lesen, das die t\u00e4gliche klinische Arbeit kanadischer Psychiater beschreibt, die mit einem tiefen Gef\u00fchl des Wohlwollens eine Vielzahl moderner medizinischer und psychologischer Behandlungen anwenden und ihr Bestes tun, um ihren Patienten zu helfen, sich zu erholen oder mit ihren Krankheiten zu tanzen, was eindeutig auch ein lebendiges Zeugnis des Herzens der \u00c4rzte von No. 600 ist. Als Leiter von Nr. 600 und leitender Psychiater empfehle ich Ihnen die Lekt\u00fcre dieses Buches, um uns beim Aufbau eines sozialen Unterst\u00fctzungsnetzes f\u00fcr psychische Gesundheit zu helfen.<\/p>","protected":false},"excerpt":{"rendered":"<p>\u2605\u7cbe\u795e\u79d1\u533b\u751f\u80fd\u505a\u4ec0\u4e48\uff1f\u4e09\u5341\u591a\u5e74\u4e34\u5e8a\u7ecf\u9a8c\u5199\u6210\u7684\u5e0c\u671b\u4e0e\u6170\u85c9\u4e4b\u4e66\uff0c\u771f\u8bda\u3001\u5766\u7387\u3001\u611f\u4eba \u2605\u4e0a\u6d77\u5e02\u7cbe\u795e\u536b\u751f\u4e2d\u5fc3\u9662\u957f\u3001\u56fd\u5bb6\u7cbe [&hellip;]<\/p>\n","protected":false},"featured_media":25884,"template":"","meta":{"advanced_seo_description":"","jetpack_seo_html_title":"","jetpack_seo_noindex":false},"product_brand":[],"product_cat":[132633,132899,133047],"product_tag":[],"class_list":{"0":"post-23170","1":"product","2":"type-product","3":"status-publish","4":"has-post-thumbnail","6":"product_cat-132633","7":"product_cat-132899","8":"product_cat-133047","10":"first","11":"instock","12":"taxable","13":"shipping-taxable","14":"purchasable","15":"product-type-simple"},"exclude_global_add_ons":[],"addons":[],"jetpack_sharing_enabled":true,"_links":{"self":[{"href":"https:\/\/bobobooks.de\/de\/wp-json\/wp\/v2\/product\/23170","targetHints":{"allow":["GET"]}}],"collection":[{"href":"https:\/\/bobobooks.de\/de\/wp-json\/wp\/v2\/product"}],"about":[{"href":"https:\/\/bobobooks.de\/de\/wp-json\/wp\/v2\/types\/product"}],"version-history":[{"count":4,"href":"https:\/\/bobobooks.de\/de\/wp-json\/wp\/v2\/product\/23170\/revisions"}],"predecessor-version":[{"id":24441,"href":"https:\/\/bobobooks.de\/de\/wp-json\/wp\/v2\/product\/23170\/revisions\/24441"}],"wp:featuredmedia":[{"embeddable":true,"href":"https:\/\/bobobooks.de\/de\/wp-json\/wp\/v2\/media\/25884"}],"wp:attachment":[{"href":"https:\/\/bobobooks.de\/de\/wp-json\/wp\/v2\/media?parent=23170"}],"wp:term":[{"taxonomy":"product_brand","embeddable":true,"href":"https:\/\/bobobooks.de\/de\/wp-json\/wp\/v2\/product_brand?post=23170"},{"taxonomy":"product_cat","embeddable":true,"href":"https:\/\/bobobooks.de\/de\/wp-json\/wp\/v2\/product_cat?post=23170"},{"taxonomy":"product_tag","embeddable":true,"href":"https:\/\/bobobooks.de\/de\/wp-json\/wp\/v2\/product_tag?post=23170"}],"curies":[{"name":"wp","href":"https:\/\/api.w.org\/{rel}","templated":true}]}}