{"id":23168,"date":"2024-12-21T00:18:17","date_gmt":"2024-12-20T23:18:17","guid":{"rendered":"https:\/\/bobobooks.de\/shop\/%e6%8b%9c%e5%8d%a0%e5%ba%ad\/"},"modified":"2026-03-27T23:02:16","modified_gmt":"2026-03-27T22:02:16","slug":"byzantinisches-oder-ostromisches-reich-395-1453","status":"publish","type":"product","link":"https:\/\/bobobooks.de\/de\/bai_zhan_ting\/","title":{"rendered":"Byzanz - die legend\u00e4re Geschichte eines mittelalterlichen Reiches"},"content":{"rendered":"<p>Was ist Byzanz? Die Erw\u00e4hnung von Byzanz beschw\u00f6rt unweigerlich ein doppeltes Bild herauf: Intrigen, Meuchelmord und Entmannung auf der einen Seite, gro\u00dfer Reichtum und glitzerndes Gold und Schmuck auf der anderen. In Wirklichkeit war das mittelalterliche Byzanz kein allt\u00e4glicher Schauplatz von Haken und heuchlerischem Verrat. Die Byzantiner waren nicht nur ein Synonym f\u00fcr Reichtum, sie waren auch kein geheimnisvoller und r\u00e4tselhafter Haufen. Die byzantinische Geschichte hat eine lange Liste herausragender F\u00fchrer und Feldherren, kreativer Theologen und begabter K\u00fcnstler hervorgebracht ......<\/p>\n<p>Die byzantinische Zivilisation mit ihrer tausendj\u00e4hrigen Geschichte beeinflusste w\u00e4hrend des gesamten Mittelalters alle L\u00e4nder des \u00f6stlichen Mittelmeers, des Balkans und Westeuropas, und auch wenn ihr Einfluss zwischenzeitlich schwankte, verschwand sie nie ganz. Die byzantinische Zivilisation war eine Mischung aus heidnischer und christlicher Zivilisation, eine Kombination aus griechischer und r\u00f6mischer Zivilisation, mit den Merkmalen einer sp\u00e4tklassischen Zivilisation und einigen mittelalterlichen Merkmalen. Die byzantinische Kultur und Kunst hatte einen tiefgreifenden und nachhaltigen Einfluss auf andere L\u00e4nder und Regionen.<\/p>\n<p>Judith Herrings urspr\u00fcngliche Absicht beim Schreiben dieses Buches war es, der \u00d6ffentlichkeit die obskure Geschichte von Byzanz auf m\u00f6glichst zug\u00e4ngliche und unterhaltsame Weise zug\u00e4nglich zu machen. W\u00e4hrend fr\u00fchere Werke \u00fcber die byzantinische Zivilisation entweder voll von schwierigem Jargon, langen und langweiligen Erz\u00e4hlungen waren oder rei\u00dferische oder melodramatische Episoden \u00fcberflogen, um Neugierige anzusprechen, vermeidet Judith solche Forschungs- und Schreibweisen und verkn\u00fcpft stattdessen Jahrtausende der Geschichte mit verschiedenen Themen.<\/p>\n<p>Judith Herring er\u00f6rtert anschaulich und pr\u00e4gnant alle Aspekte der byzantinischen Geschichte, Kultur und Gesellschaft, f\u00fchrt den Leser durch die kunstvollen Hofrituale von Byzanz, beschreibt die wundersch\u00f6ne Hagia Sophia, die gro\u00dfartigen Wettrennen der zweir\u00e4drigen Kutschen, das geheimnisvolle M\u00f6nchtum und die diplomatischen Diplomaten ...... enth\u00fcllt eine Zivilisation, die sich von der des Westens sehr unterschied. Die byzantinische Zivilisation, die sich von der des Westens stark unterscheidet, wird aus vielen Blickwinkeln beleuchtet.<\/p>","protected":false},"excerpt":{"rendered":"<p>\u4ec0\u4e48\u662f\u62dc\u5360\u5ead\uff1f\u63d0\u5230\u62dc\u5360\u5ead\uff0c\u4eba\u4eec\u65e0\u5f62\u4e2d\u5c31\u4f1a\u4ea7\u751f\u53cc\u91cd\u8054\u60f3\uff0c\u4e00\u9762\u662f\u9634\u8c0b\u3001\u6697\u6740\u3001\u9609\u5272\uff0c\u53e6\u4e00\u9762\u662f\u5de8\u989d\u8d22\u5bcc\u548c\u95ea\u95ea\u53d1\u5149\u7684\u91d1\u94f6 [&hellip;]<\/p>\n","protected":false},"featured_media":24768,"template":"","meta":{"advanced_seo_description":"","jetpack_seo_html_title":"","jetpack_seo_noindex":false,"jetpack_post_was_ever_published":false},"product_brand":[],"product_cat":[132711,132730,132888,132894],"product_tag":[],"class_list":{"0":"post-23168","1":"product","2":"type-product","3":"status-publish","4":"has-post-thumbnail","6":"product_cat-132711","7":"product_cat-132730","8":"product_cat-132888","9":"product_cat-132894","11":"first","12":"outofstock","13":"taxable","14":"shipping-taxable","15":"purchasable","16":"product-type-simple"},"exclude_global_add_ons":[],"addons":[],"jetpack_sharing_enabled":true,"_links":{"self":[{"href":"https:\/\/bobobooks.de\/de\/wp-json\/wp\/v2\/product\/23168","targetHints":{"allow":["GET"]}}],"collection":[{"href":"https:\/\/bobobooks.de\/de\/wp-json\/wp\/v2\/product"}],"about":[{"href":"https:\/\/bobobooks.de\/de\/wp-json\/wp\/v2\/types\/product"}],"version-history":[{"count":3,"href":"https:\/\/bobobooks.de\/de\/wp-json\/wp\/v2\/product\/23168\/revisions"}],"predecessor-version":[{"id":23568,"href":"https:\/\/bobobooks.de\/de\/wp-json\/wp\/v2\/product\/23168\/revisions\/23568"}],"wp:featuredmedia":[{"embeddable":true,"href":"https:\/\/bobobooks.de\/de\/wp-json\/wp\/v2\/media\/24768"}],"wp:attachment":[{"href":"https:\/\/bobobooks.de\/de\/wp-json\/wp\/v2\/media?parent=23168"}],"wp:term":[{"taxonomy":"product_brand","embeddable":true,"href":"https:\/\/bobobooks.de\/de\/wp-json\/wp\/v2\/product_brand?post=23168"},{"taxonomy":"product_cat","embeddable":true,"href":"https:\/\/bobobooks.de\/de\/wp-json\/wp\/v2\/product_cat?post=23168"},{"taxonomy":"product_tag","embeddable":true,"href":"https:\/\/bobobooks.de\/de\/wp-json\/wp\/v2\/product_tag?post=23168"}],"curies":[{"name":"wp","href":"https:\/\/api.w.org\/{rel}","templated":true}]}}