{"id":23166,"date":"2024-12-21T00:18:17","date_gmt":"2024-12-20T23:18:17","guid":{"rendered":"https:\/\/bobobooks.de\/shop\/%e9%a3%9f%e5%8d%97%e4%b9%8b%e5%be%92\/"},"modified":"2026-03-25T21:26:53","modified_gmt":"2026-03-25T20:26:53","slug":"lit-prostituierte-die-den-suden-essen","status":"publish","type":"product","link":"https:\/\/bobobooks.de\/de\/shi_nan_zhi_tu\/","title":{"rendered":"lit. Prostituierte, die den S\u00fcden essen"},"content":{"rendered":"<p>[Beschreibung des Inhalts]<\/p>\n<p>Tang Meng, der gefr\u00e4\u00dfigste aller Han-Abgesandten.<\/p>\n<p>Kommen Sie in das Land der besten Esser, die S\u00fcdvietnamesen.<\/p>\n<p>Die F\u00fclle der Zutaten hier ist ein Traumland f\u00fcr Feinschmecker. Doch hinter dem Essen verbergen sich eine Nord-S\u00fcd-Konfrontation, ethnische Spaltungen, Machtk\u00e4mpfe, der Aufstieg und Fall der Staatspolitik ...... alle m\u00f6glichen verr\u00e4terischen Wolken, die noch komplexer sind als der Geschmack der Zutaten aus Lingnan.<\/p>\n<p>Dieser faule Han-Abgesandte ger\u00e4t in den Strudel der politischen Auseinandersetzungen in Lingnan. Der einzige Partner, dem er vertrauen kann, ist das Essen, und die einzige M\u00f6glichkeit, das Problem zu l\u00f6sen, besteht darin, das beste Essen zu finden.<\/p>\n<p>Niemand erwartet, dass ein Hauch von subtilen Geschmack, aber es ist im Zusammenhang mit der Han-und S\u00fcd-Vietnam das Schicksal, und auch die gesamte chinesische Karte ......<\/p>\n<p>[Editor's Pick]<\/p>\n<p>The Apprentice of Eating South ist ein brandneuer historischer Roman von Ma Boyong aus dem Jahr 2024. Tang Meng, ein gefr\u00e4\u00dfiger Botschafter der Han, kommt nach S\u00fcdvietnam, dem heiligen Land der Feinschmecker, und h\u00e4tte nie erwartet, in die politischen Auseinandersetzungen am Hof von S\u00fcdvietnam verwickelt zu werden. Angesichts der Konfrontation zwischen dem Norden und dem S\u00fcden, der Kluft zwischen den ethnischen Gruppen, des Kampfes um die Macht und des Aufstiegs und Falls der nationalen Politik ...... ist die Situation t\u00fcckisch und dicht, und das Einzige, worauf er sich verlassen kann, ist das Essen, und das Einzige, was die Situation durchbrechen kann, ist das Herz, das dem ultimativen Essen nachjagt. Niemand h\u00e4tte gedacht, dass Tang Mengs sensibler Geschmackssinn die Kenntnisse der Han \u00fcber das chinesische Territorium erweitert hatte ......<\/p>\n<p>Essen l\u00fcgt nicht, und jeder offenbart sein wahres Wesen in seiner Gegenwart.<\/p>\n<p>1. ein brandneuer historischer Roman in voller L\u00e4nge aus dem Jahr 2024 von Ma Boyong.<\/p>\n<p>2. die Geschichte von Tang Meng, dem \"Feinschmecker\" der westlichen Han-Dynastie, der auf einer Mission nach S\u00fcdvietnam ging und vom \"Liegen\" zum \"Flachreisen\" wurde.<\/p>\n<p>3. ein Geschmack von unbekannten Zutaten der Sauce, ein Eingeborener des n\u00f6rdlichen Bodens des Jujube-Kerns, verbunden mit einer versteckten Legende der Ver\u00e4nderung der chinesischen Landkarte, die Geschichte der s\u00fcdwestlichen Seidenstra\u00dfe Pionierarbeit wurde auch so entfaltet.<\/p>\n<p>4 Der ber\u00fchmte Maler Shi Xiaojie zeichnet den Einband, und das Buch wird mit einer f\u00fcnffachen, sechsfarbigen Postkartenillustration geliefert.<\/p>","protected":false},"excerpt":{"rendered":"<p>\u3010\u5185\u5bb9\u7b80\u4ecb\u3011 \u6700\u8d2a\u5403\u7684\u5927\u6c49\u4f7f\u8005\u5510\u8499\uff0c \u6765\u5230\u4e86\u6700\u4f1a\u5403\u7684\u5357\u8d8a\u4e4b\u56fd\u3002 \u8fd9\u91cc\u98df\u6750\u4e30\u5bcc\uff0c\u7b80\u76f4\u5c31\u662f\u9955\u992e\u4e4b\u5f92\u7684\u68a6\u60f3\u4e4b\u5730\u3002\u7136\u800c [&hellip;]<\/p>\n","protected":false},"featured_media":25883,"template":"","meta":{"advanced_seo_description":"","jetpack_seo_html_title":"","jetpack_seo_noindex":false},"product_brand":[],"product_cat":[132922,133477],"product_tag":[],"class_list":{"0":"post-23166","1":"product","2":"type-product","3":"status-publish","4":"has-post-thumbnail","6":"product_cat-132922","7":"product_cat-133477","9":"first","10":"instock","11":"taxable","12":"shipping-taxable","13":"purchasable","14":"product-type-simple"},"exclude_global_add_ons":[],"addons":[],"jetpack_sharing_enabled":true,"_links":{"self":[{"href":"https:\/\/bobobooks.de\/de\/wp-json\/wp\/v2\/product\/23166","targetHints":{"allow":["GET"]}}],"collection":[{"href":"https:\/\/bobobooks.de\/de\/wp-json\/wp\/v2\/product"}],"about":[{"href":"https:\/\/bobobooks.de\/de\/wp-json\/wp\/v2\/types\/product"}],"version-history":[{"count":3,"href":"https:\/\/bobobooks.de\/de\/wp-json\/wp\/v2\/product\/23166\/revisions"}],"predecessor-version":[{"id":23573,"href":"https:\/\/bobobooks.de\/de\/wp-json\/wp\/v2\/product\/23166\/revisions\/23573"}],"wp:featuredmedia":[{"embeddable":true,"href":"https:\/\/bobobooks.de\/de\/wp-json\/wp\/v2\/media\/25883"}],"wp:attachment":[{"href":"https:\/\/bobobooks.de\/de\/wp-json\/wp\/v2\/media?parent=23166"}],"wp:term":[{"taxonomy":"product_brand","embeddable":true,"href":"https:\/\/bobobooks.de\/de\/wp-json\/wp\/v2\/product_brand?post=23166"},{"taxonomy":"product_cat","embeddable":true,"href":"https:\/\/bobobooks.de\/de\/wp-json\/wp\/v2\/product_cat?post=23166"},{"taxonomy":"product_tag","embeddable":true,"href":"https:\/\/bobobooks.de\/de\/wp-json\/wp\/v2\/product_tag?post=23166"}],"curies":[{"name":"wp","href":"https:\/\/api.w.org\/{rel}","templated":true}]}}