{"id":23164,"date":"2024-12-21T00:18:16","date_gmt":"2024-12-20T23:18:16","guid":{"rendered":"https:\/\/bobobooks.de\/shop\/%e6%9c%80%e5%a5%bd%e7%9a%84%e5%91%8a%e5%88%ab\/"},"modified":"2026-01-01T16:24:43","modified_gmt":"2026-01-01T15:24:43","slug":"die-beste-verabschiedung","status":"publish","type":"product","link":"https:\/\/bobobooks.de\/de\/zui_hao_de_gao_bie\/","title":{"rendered":"Die beste Verabschiedung."},"content":{"rendered":"<p>Was tun wir, wenn ein unabh\u00e4ngiges, selbstbestimmtes Leben nicht mehr aufrechterhalten werden kann? Wor\u00fcber sollten wir mit unseren \u00c4rzten sprechen, wenn wir uns dem Ende des Lebens n\u00e4hern? Wie k\u00f6nnen wir das Ende des Lebens w\u00fcrdevoll \u00fcberschreiten? Die meisten Menschen haben keine klare Vorstellung von diesen Fragen und \u00fcberlassen ihr Schicksal einfach der Medizin, der Technik und fremden Menschen. Indem er seine jahrelange Erfahrung als Chirurg mit seinem flie\u00dfenden Schreibstil kombiniert, erz\u00e4hlt der weltweit t\u00e4tige Arzt Atu Govind ergreifende und zum Nachdenken anregende Geschichten, die eine ern\u00fcchternde, tiefgreifende Erkundung dessen bieten, was es bedeutet, im 21. Jahrhundert alt zu werden. Das Buch ist aufschlussreich, bewegend und bietet einen praktischen Fahrplan, was wir tun k\u00f6nnen und sollten, um die letzten Jahre unseres Lebens sinnvoll zu gestalten.<\/p>\n<p>Der Autor w\u00e4hlt ein Thema, mit dem sich normale Menschen oft nicht auseinandersetzen wollen - Altern und Tod - und durchk\u00e4mmt die verschiedenen Aspekte und Entwicklungen des Alters in der amerikanischen Gesellschaft sowie den falschen Umgang der medizinischen Gemeinschaft mit unheilbar Kranken. Das Buch handelt nicht nur von den Grenzen des Todes und der Medizin, sondern auch davon, wie man mit Autonomie, Freude und W\u00fcrde bis zum Ende des Lebens leben kann. Eine Reihe von Konzepten, die der Autor propagiert, wie \"Hospiz\", \"betreutes Wohnen\" und \"Patientenverf\u00fcgungen\", werden im Buch ausf\u00fchrlich erl\u00e4utert, was die zunehmend \u00e4lter werdende chinesische Gesellschaft inspirieren wird. Ich glaube, es wird die alternde chinesische Gesellschaft inspirieren.<\/p>\n<p>Von vielen Experten und Medien empfohlen. Kai-Fu Lee, CEO von Innovation Works: Als Arzt besch\u00e4ftigt sich Atu Govind mit den Grenzen der medizinischen Behandlung und der menschlichen W\u00fcrde. Als Sterbliche werden wir alle mit dem Ende unseres Lebens konfrontiert, und The Best Goodbye gibt uns wichtige Einblicke. Wei Miao, Chefredakteur des New Knowledge Magazine: Ich hoffe, dass Sie die Gelegenheit haben werden, Dr. Ato Gwendes Schriften zu lesen, die uns helfen, die Medizin besser zu verstehen und ihre Grenzen und M\u00f6glichkeiten zu erkennen. Malcolm Gladwell, Bestsellerautor: Dies ist eines der kraftvollsten und bewegendsten B\u00fccher von Atu Govind. NATURE MAGAZINE: Es ist selten, dass man ein Buch liest, das so zum Nachdenken anregt.<\/p>","protected":false},"excerpt":{"rendered":"<p>\u5f53\u72ec\u7acb\u3001\u81ea\u52a9\u7684\u751f\u6d3b\u4e0d\u80fd\u518d\u7ef4\u6301\u65f6\uff0c\u6211\u4eec\u8be5\u600e\u4e48\u529e\uff1f\u5728\u751f\u547d\u4e34\u8fd1\u7ec8\u70b9\u7684\u65f6\u523b\uff0c\u6211\u4eec\u8be5\u548c\u533b\u751f\u8c08\u4e9b\u4ec0\u4e48\uff1f\u5e94\u8be5\u5982\u4f55\u4f18\u96c5\u5730\u8de8\u8d8a\u751f [&hellip;]<\/p>\n","protected":false},"featured_media":25885,"template":"","meta":{"advanced_seo_description":"","jetpack_seo_html_title":"","jetpack_seo_noindex":false,"jetpack_post_was_ever_published":false},"product_brand":[],"product_cat":[132721,132779,132905],"product_tag":[],"class_list":{"0":"post-23164","1":"product","2":"type-product","3":"status-publish","4":"has-post-thumbnail","6":"product_cat-132721","7":"product_cat-132779","8":"product_cat-132905","10":"first","11":"instock","12":"taxable","13":"shipping-taxable","14":"purchasable","15":"product-type-simple"},"exclude_global_add_ons":[],"addons":[],"jetpack_sharing_enabled":true,"_links":{"self":[{"href":"https:\/\/bobobooks.de\/de\/wp-json\/wp\/v2\/product\/23164","targetHints":{"allow":["GET"]}}],"collection":[{"href":"https:\/\/bobobooks.de\/de\/wp-json\/wp\/v2\/product"}],"about":[{"href":"https:\/\/bobobooks.de\/de\/wp-json\/wp\/v2\/types\/product"}],"version-history":[{"count":3,"href":"https:\/\/bobobooks.de\/de\/wp-json\/wp\/v2\/product\/23164\/revisions"}],"predecessor-version":[{"id":23608,"href":"https:\/\/bobobooks.de\/de\/wp-json\/wp\/v2\/product\/23164\/revisions\/23608"}],"wp:featuredmedia":[{"embeddable":true,"href":"https:\/\/bobobooks.de\/de\/wp-json\/wp\/v2\/media\/25885"}],"wp:attachment":[{"href":"https:\/\/bobobooks.de\/de\/wp-json\/wp\/v2\/media?parent=23164"}],"wp:term":[{"taxonomy":"product_brand","embeddable":true,"href":"https:\/\/bobobooks.de\/de\/wp-json\/wp\/v2\/product_brand?post=23164"},{"taxonomy":"product_cat","embeddable":true,"href":"https:\/\/bobobooks.de\/de\/wp-json\/wp\/v2\/product_cat?post=23164"},{"taxonomy":"product_tag","embeddable":true,"href":"https:\/\/bobobooks.de\/de\/wp-json\/wp\/v2\/product_tag?post=23164"}],"curies":[{"name":"wp","href":"https:\/\/api.w.org\/{rel}","templated":true}]}}