{"id":23156,"date":"2024-12-21T00:18:15","date_gmt":"2024-12-20T23:18:15","guid":{"rendered":"https:\/\/bobobooks.de\/shop\/%e6%88%91%e8%b5%b0%e5%85%a5%e5%ae%81%e9%9d%99%e8%94%9a%e8%93%9d%e7%9a%84%e6%97%a5%e5%ad%90\/"},"modified":"2026-01-31T23:58:56","modified_gmt":"2026-01-31T22:58:56","slug":"ich-gehe-in-die-ruhigen-blauen-tage","status":"publish","type":"product","link":"https:\/\/bobobooks.de\/de\/wo_zou_ru_ning_jing_wei_lan_de_ri_zi\/","title":{"rendered":"Ich gehe in die ruhigen blauen Tage"},"content":{"rendered":"<p>Dieses Buch ist eine Sammlung von 38 Essays und Gedichten, die der Nobelpreistr\u00e4ger Hermann Hesse schrieb, nachdem er Deutschland verlassen und in einem sch\u00f6nen Bergdorf im Schweizer Kanton Tessin gelebt hatte, um seine Depression zu behandeln, sowie eine Auswahl seiner Illustrationen aus dieser Zeit. Hesses Praxis, im Tessin die Sch\u00f6nheit der Natur als Selbstheilung zu betrachten, wurde zum Vorbild f\u00fcr junge Menschen auf der ganzen Welt, und dieses Werk ist zu einem Leittext f\u00fcr die Selbstheilung geworden.<\/p>","protected":false},"excerpt":{"rendered":"<p>\u672c\u4e66\u662f\u8bfa\u8d1d\u5c14\u6587\u5b66\u5956\u83b7\u5f97\u8005\u8d6b\u5c14\u66fc\u00b7\u9ed1\u585e\u4e3a\u4e86\u6cbb\u7597\u81ea\u5df1\u7684\u6291\u90c1\u75c7\uff0c\u79bb\u5f00\u5fb7\u56fd\uff0c\u9690\u5c45\u745e\u58eb\u63d0\u5951\u8bfa\u5dde\u4e00\u4e2a\u7f8e\u4e3d\u7684\u5c0f\u5c71\u6751\u540e\uff0c\u89c2\u5bdf\u81ea [&hellip;]<\/p>\n","protected":false},"featured_media":25888,"template":"","meta":{"advanced_seo_description":"","jetpack_seo_html_title":"","jetpack_seo_noindex":false,"jetpack_post_was_ever_published":false},"product_brand":[],"product_cat":[132641,132883],"product_tag":[],"class_list":{"0":"post-23156","1":"product","2":"type-product","3":"status-publish","4":"has-post-thumbnail","6":"product_cat-132641","7":"product_cat-132883","9":"first","10":"instock","11":"taxable","12":"shipping-taxable","13":"purchasable","14":"product-type-simple"},"exclude_global_add_ons":[],"addons":[],"jetpack_sharing_enabled":true,"_links":{"self":[{"href":"https:\/\/bobobooks.de\/de\/wp-json\/wp\/v2\/product\/23156","targetHints":{"allow":["GET"]}}],"collection":[{"href":"https:\/\/bobobooks.de\/de\/wp-json\/wp\/v2\/product"}],"about":[{"href":"https:\/\/bobobooks.de\/de\/wp-json\/wp\/v2\/types\/product"}],"version-history":[{"count":3,"href":"https:\/\/bobobooks.de\/de\/wp-json\/wp\/v2\/product\/23156\/revisions"}],"predecessor-version":[{"id":23531,"href":"https:\/\/bobobooks.de\/de\/wp-json\/wp\/v2\/product\/23156\/revisions\/23531"}],"wp:featuredmedia":[{"embeddable":true,"href":"https:\/\/bobobooks.de\/de\/wp-json\/wp\/v2\/media\/25888"}],"wp:attachment":[{"href":"https:\/\/bobobooks.de\/de\/wp-json\/wp\/v2\/media?parent=23156"}],"wp:term":[{"taxonomy":"product_brand","embeddable":true,"href":"https:\/\/bobobooks.de\/de\/wp-json\/wp\/v2\/product_brand?post=23156"},{"taxonomy":"product_cat","embeddable":true,"href":"https:\/\/bobobooks.de\/de\/wp-json\/wp\/v2\/product_cat?post=23156"},{"taxonomy":"product_tag","embeddable":true,"href":"https:\/\/bobobooks.de\/de\/wp-json\/wp\/v2\/product_tag?post=23156"}],"curies":[{"name":"wp","href":"https:\/\/api.w.org\/{rel}","templated":true}]}}