{"id":23138,"date":"2024-12-21T00:18:13","date_gmt":"2024-12-20T23:18:13","guid":{"rendered":"https:\/\/bobobooks.de\/shop\/%e7%bd%97%e7%94%9f%e9%97%a8\/"},"modified":"2026-03-25T21:22:10","modified_gmt":"2026-03-25T20:22:10","slug":"rashomon-name","status":"publish","type":"product","link":"https:\/\/bobobooks.de\/de\/luo_sheng_men_2\/","title":{"rendered":"Rashomon (Name)"},"content":{"rendered":"<p>Das Tauziehen zwischen Moral und Realit\u00e4t, zwischen Leben und Tod, der Sprung in das tiefe, dunkle schwarze Loch der menschlichen Natur in Akutagawa.<\/p>\n<p>Nackte Wesen sind h\u00e4sslich, so weit das Auge reicht.<\/p>\n<p>Akutagawas Romane haben keine komplizierten Handlungen und Strukturen, sondern konzentrieren sich darauf, die feinen psychologischen Ver\u00e4nderungen der Figuren zu zeigen, und die Handlung und der Aufbau sind \u00e4u\u00dferst raffiniert. Das klassische Werk \"Rashomon\" stellt die Menschen vor die Wahl zwischen Leben und Tod unter der undurchdringlichen Darstellung von Wind und Regen, und das \"B\u00f6se\" ist unvermeidlich, was Akutagawas Hilflosigkeit und Verzweiflung gegen\u00fcber der menschlichen Natur zum Ausdruck bringt.<\/p>\n<p>Im Namen von Akutagawa haben wir die ber\u00fchmtesten \u00dcbersetzer der japanischen Literatur versammelt, um dieses klassische Werk zu pr\u00e4sentieren.<\/p>\n<p>Akutagawa Bunko's neue Reihe feiner \u00dcbersetzungen, ein Team von Gelehrten, die sich intensiv mit japanischer Literatur befassen: Wei Hai, Zheng Minqin, Ai Lian, Hou Wei ...... Die \u00dcbersetzungen sind elegant und spielerisch, tiefgr\u00fcndig und pr\u00e4gnant, voller Interesse und einzigartig und erm\u00f6glichen es Lesern jeder Generation, die Akutagawa-Klassiker aus verschiedenen Perspektiven und Gem\u00fctszust\u00e4nden zu erforschen oder sie erneut zu genie\u00dfen.<\/p>\n<p>Eine Sitzung mit dem literarischen Helden, ber\u00fchmter Maler x aufstrebender Designer: Handwerkliches Design, Bibliothekssammlung<\/p>\n<p>Blowing the Bunko-ben Horn, der zweite Teil der One Page Bunko Japanese Literature Classics Reihe!<\/p>\n<p>Die Gesamtvision von Akutagawa Bunko wurde von der Designerin Shio Wo unter Verwendung der Serie \"The New Floating World of Humanity\" des Illustrators HY Ho entworfen, die geisterhafte Illustrationen mit handgeschriebenen japanischen Titeln enth\u00e4lt.<\/p>\n<p>&nbsp;<\/p>\n<p>[Beschreibung des Inhalts]<\/p>\n<p>\"Manchmal gibt man sein ganzes Leben f\u00fcr einen Wunsch auf, von dem man nicht wei\u00df, ob er in Erf\u00fcllung gehen wird.\"<\/p>\n<p>Die Kurzgeschichtensammlung \"Rashomon\" umfasst 23 Werke Akutagawas, von denen das Meisterwerk \"Rashomon\" einen entlassenen Diener und eine alte Frau, die R\u00e4uberin ist, beschreibt, die vor der Wahl zwischen Leben und Tod stehen und \"das B\u00f6se mit dem B\u00f6sen \u00fcberwinden\", um zu \u00fcberleben, entgegen den Regeln der menschlichen Natur, die so nat\u00fcrlich zu sein scheint.<\/p>","protected":false},"excerpt":{"rendered":"<p>\u751f\u6b7b\u4e4b\u95f4\u9053\u5fb7\u4e0e\u73b0\u5b9e\u7684\u62c9\u626f\uff0c\u8df3\u5165\u82a5\u5ddd\u6df1\u5c42\u6697\u90c1\u7684\u4eba\u6027\u9ed1\u6d1e \u8d64\u88f8\u4f17\u751f\uff0c\u76ee\u4e4b\u6240\u53ca\u7686\u4e11\u6076\u3002 \u82a5\u5ddd\u7684\u5c0f\u8bf4\u6ca1\u6709\u96be\u61c2\u7684\u60c5\u8282\u548c\u67b6 [&hellip;]<\/p>\n","protected":false},"featured_media":25892,"template":"","meta":{"advanced_seo_description":"","jetpack_seo_html_title":"","jetpack_seo_noindex":false,"jetpack_post_was_ever_published":false},"product_brand":[],"product_cat":[132931,132935],"product_tag":[],"class_list":{"0":"post-23138","1":"product","2":"type-product","3":"status-publish","4":"has-post-thumbnail","6":"product_cat-132931","7":"product_cat-132935","9":"first","10":"instock","11":"taxable","12":"shipping-taxable","13":"purchasable","14":"product-type-simple"},"exclude_global_add_ons":[],"addons":[],"jetpack_sharing_enabled":true,"_links":{"self":[{"href":"https:\/\/bobobooks.de\/de\/wp-json\/wp\/v2\/product\/23138","targetHints":{"allow":["GET"]}}],"collection":[{"href":"https:\/\/bobobooks.de\/de\/wp-json\/wp\/v2\/product"}],"about":[{"href":"https:\/\/bobobooks.de\/de\/wp-json\/wp\/v2\/types\/product"}],"version-history":[{"count":3,"href":"https:\/\/bobobooks.de\/de\/wp-json\/wp\/v2\/product\/23138\/revisions"}],"predecessor-version":[{"id":23507,"href":"https:\/\/bobobooks.de\/de\/wp-json\/wp\/v2\/product\/23138\/revisions\/23507"}],"wp:featuredmedia":[{"embeddable":true,"href":"https:\/\/bobobooks.de\/de\/wp-json\/wp\/v2\/media\/25892"}],"wp:attachment":[{"href":"https:\/\/bobobooks.de\/de\/wp-json\/wp\/v2\/media?parent=23138"}],"wp:term":[{"taxonomy":"product_brand","embeddable":true,"href":"https:\/\/bobobooks.de\/de\/wp-json\/wp\/v2\/product_brand?post=23138"},{"taxonomy":"product_cat","embeddable":true,"href":"https:\/\/bobobooks.de\/de\/wp-json\/wp\/v2\/product_cat?post=23138"},{"taxonomy":"product_tag","embeddable":true,"href":"https:\/\/bobobooks.de\/de\/wp-json\/wp\/v2\/product_tag?post=23138"}],"curies":[{"name":"wp","href":"https:\/\/api.w.org\/{rel}","templated":true}]}}