{"id":22897,"date":"2024-10-28T09:37:17","date_gmt":"2024-10-28T08:37:17","guid":{"rendered":"https:\/\/bobobooks.de\/shop\/%e5%88%80%e9%94%8b\/"},"modified":"2026-02-08T10:22:53","modified_gmt":"2026-02-08T09:22:53","slug":"schneide-oder-spitze-eines-messers-schwertes-oder-werkzeugs","status":"publish","type":"product","link":"https:\/\/bobobooks.de\/de\/dao_feng\/","title":{"rendered":"Schneide oder Spitze eines Messers, Schwertes oder Werkzeugs"},"content":{"rendered":"<p>William Somerset Maugham sagte einmal: \"Es liegt eine Sch\u00f6nheit in dem au\u00dfergew\u00f6hnlichen Mut des Menschen, wenn er sich dem Wahnsinn der Welt heldenhaft stellt, die der Sch\u00f6nheit der Kunst weit \u00fcberlegen ist.\"<\/p>\n<p>Dieser weltgewandteste unserer Schriftsteller hat unerm\u00fcdlich daran gearbeitet, diese seltenen Leuchtturmseelen f\u00fcr die Welt zu sammeln. Larry Darrell von The Blade ist einer der verlockendsten von allen.<\/p>\n<p>\"Die Klinge ist der H\u00f6hepunkt von Maughams Werk, von der Konzeption der Geschichte, der Charakterisierung, der Beschreibung der Szenen und dem Erz\u00e4hlton her.\" (Selena Hastings, bekannte Kritikerin und ma\u00dfgebliche Biografin von Maugham).<\/p>\n<p>Eine brandneue \u00dcbersetzung von Chen Yikan, einem jungen \u00dcbersetzer, Literaturkritiker und hochgelobten \u00dcbersetzer mit einer Bewertung von 9,0 auf Douban. Empfohlen von \u00e4lteren \"Mao-Fans\", Hardcover-Sammlung.<\/p>\n<p>&nbsp;<\/p>\n<p>\"Ich bin ein Mann von der Erde, bedeckt mit Staub. Bei einigen Personen, die der sterblichen Welt n\u00e4her stehen, kann ich mich in sie hineinversetzen und ihr Herz betreten. Aber eine so seltene Seele kann ich mir nicht vorstellen, ich kann sie nur in ihrer ganzen Pracht bewundern.<\/p>\n<p>\"Larry wurde in den l\u00e4rmenden Schmelztiegel der Welt hineingezogen.<\/p>\n<p>\"Er ist zu bescheiden, um ein Beispiel f\u00fcr andere zu sein. Aber vielleicht werden einige z\u00f6gerliche Seelen von ihm angezogen, wie Motten vom Kerzenlicht, und werden am Ende dieselbe schillernde \u00dcberzeugung haben wie er: dass die letzte Erf\u00fcllung nur im spirituellen Leben liegt.\"<\/p>\n<p>&nbsp;<\/p>\n<p>Larry Darrell sch\u00e4tzte die geistige Welt \u00fcber alles und suchte ersch\u00f6pfend nach der letzten Antwort. Er gab ein privilegiertes materielles Leben auf und wich von der Norm ab, aber im Inneren war er ein voll entwickelter junger Amerikaner, der es wagte, in der Realit\u00e4t zu w\u00e4hlen, und in seinen Gedanken frei war.<\/p>\n<p>Auf seiner Suche nach spiritueller Erleuchtung und Fernweh begegnet Larry einigen der besten Charaktere, die Maugham je geschaffen hat - Elliot Templeton, ein spirituelles Relikt aus dem alten Europa, ein l\u00e4cherlicher Snob in einer extravaganten Welt, aber auch unglaublich gro\u00dfz\u00fcgig und g\u00fctig; Isabel Bradley, Larrys Verlobte, deren Entscheidung zwischen Liebe und Reichtum ihr Leben beeinflussen wird. Ihre Entscheidung zwischen Liebe und Reichtum wird ihr ganzes Leben beeinflussen. ...... In den hellen und d\u00fcsteren Zeiten des zwanzigsten Jahrhunderts leben die Menschen gem\u00e4\u00df ihrer eigenen Natur und ihren eigenen Werten, und am Ende bekommen sie alle, was sie in der Welt wollen. Maugham selbst wandert durch die Geschichte, beobachtet den Kampf seiner Figuren mit dem Schicksal und platziert eine Geschichte \u00fcber die Suche nach Erleuchtung perfekt neben dem Trubel der Realit\u00e4t.<\/p>","protected":false},"excerpt":{"rendered":"<p>\u5a01\u5ec9\u00b7\u8428\u9ed8\u585e\u7279\u00b7\u6bdb\u59c6\u66fe\u8bf4\uff1a\u201c\u5f53\u4eba\u82f1\u52c7\u5730\u9762\u5bf9\u7740\u4e16\u754c\u7684\u75af\u72c2\u65f6\uff0c\u4ed6\u90a3\u975e\u51e1\u7684\u52c7\u6c14\u4e2d\u6709\u4e00\u79cd\u7f8e\u8fdc\u80dc\u4e8e\u827a\u672f\u4e4b\u7f8e\u3002\u201d \u8fd9\u4e2a\u6211\u4eec [&hellip;]<\/p>\n","protected":false},"featured_media":24988,"template":"","meta":{"advanced_seo_description":"","jetpack_seo_html_title":"","jetpack_seo_noindex":false,"jetpack_post_was_ever_published":false},"product_brand":[],"product_cat":[132931,132935],"product_tag":[],"class_list":{"0":"post-22897","1":"product","2":"type-product","3":"status-publish","4":"has-post-thumbnail","6":"product_cat-132931","7":"product_cat-132935","9":"first","10":"instock","11":"taxable","12":"shipping-taxable","13":"purchasable","14":"product-type-simple"},"exclude_global_add_ons":[],"addons":[],"jetpack_sharing_enabled":true,"_links":{"self":[{"href":"https:\/\/bobobooks.de\/de\/wp-json\/wp\/v2\/product\/22897","targetHints":{"allow":["GET"]}}],"collection":[{"href":"https:\/\/bobobooks.de\/de\/wp-json\/wp\/v2\/product"}],"about":[{"href":"https:\/\/bobobooks.de\/de\/wp-json\/wp\/v2\/types\/product"}],"version-history":[{"count":3,"href":"https:\/\/bobobooks.de\/de\/wp-json\/wp\/v2\/product\/22897\/revisions"}],"predecessor-version":[{"id":23443,"href":"https:\/\/bobobooks.de\/de\/wp-json\/wp\/v2\/product\/22897\/revisions\/23443"}],"wp:featuredmedia":[{"embeddable":true,"href":"https:\/\/bobobooks.de\/de\/wp-json\/wp\/v2\/media\/24988"}],"wp:attachment":[{"href":"https:\/\/bobobooks.de\/de\/wp-json\/wp\/v2\/media?parent=22897"}],"wp:term":[{"taxonomy":"product_brand","embeddable":true,"href":"https:\/\/bobobooks.de\/de\/wp-json\/wp\/v2\/product_brand?post=22897"},{"taxonomy":"product_cat","embeddable":true,"href":"https:\/\/bobobooks.de\/de\/wp-json\/wp\/v2\/product_cat?post=22897"},{"taxonomy":"product_tag","embeddable":true,"href":"https:\/\/bobobooks.de\/de\/wp-json\/wp\/v2\/product_tag?post=22897"}],"curies":[{"name":"wp","href":"https:\/\/api.w.org\/{rel}","templated":true}]}}