{"id":22893,"date":"2024-10-28T09:37:17","date_gmt":"2024-10-28T08:37:17","guid":{"rendered":"https:\/\/bobobooks.de\/shop\/%e8%af%ad%e8%a8%80%e6%81%b6%e5%a5%b3\/"},"modified":"2026-03-27T23:16:24","modified_gmt":"2026-03-27T22:16:24","slug":"bosartige-frau-der-sprache-besonders-in-der-grammatik-der-europaischen-sprachen","status":"publish","type":"product","link":"https:\/\/bobobooks.de\/de\/yu_yan_e_nv\/","title":{"rendered":"b\u00f6sartige Frau der Sprache (besonders in der Grammatik der europ\u00e4ischen Sprachen)"},"content":{"rendered":"<p>M\u00fcssen Schimpfw\u00f6rter mit \"sie\" geschrieben werden? Kann ein Mann nicht wie eine Frau sprechen? Sind Frauen immer \"zickig\"?<\/p>\n<p>Geschlechtervorurteile sind \u00fcberall in der Alltagssprache versteckt! Es ist Zeit f\u00fcr eine feministische Sprachrevolution!<\/p>\n<p>Rekonstruktion unserer Sprache mit Bad Girl Power mit Word Dazzler Amanda Montell<\/p>\n<p>Die Bastion des Patriarchats inmitten der Heiterkeit ersch\u00fcttern.<\/p>\n<p>&nbsp;<\/p>\n<p>Menschen lernen Sprache von Geburt an, aber haben Sie sich jemals gefragt: Warum sprechen wir so, wie wir sprechen? Beeinflusst das Geschlecht die Art und Weise, wie wir sprechen? Gibt es auch in der Alltagssprache eine geschlechtsspezifische Voreingenommenheit? Ist die Sprache selbst frauenfeindlich?<\/p>\n<p>Es ist an der Zeit, die Sprache, die wir f\u00fcr selbstverst\u00e4ndlich halten, zu hinterfragen! In diesem Buch erfahren Sie, dass viele Schimpfw\u00f6rter nicht von vornherein \"beleidigend\" sind, dass M\u00e4nner eher plappern als Frauen und dass Klatsch und Tratsch noch nie ausschlie\u00dflich weiblich waren. ...... Die Linguistin Amanda Monteur zeigt Ihnen, wie Sie die patriarchalischen Strukturen hinter der Sprache durchbrechen und die Macht der Worte zu nutzen und mit einer neu definierten Sprache eine Welt zu schaffen, in der jeder respektiert wird.<\/p>\n<p>Sind Sie bereit? Begeben Sie sich auf ein temperamentvolles sprachliches Abenteuer mit heiterer Wissenschaft, lachenden Kommentaren und ansprechenden feministischen Ideen!<\/p>\n<p>&nbsp;<\/p>\n<p>[Editor's Pick]<\/p>\n<p>Ist Sprache \"schlecht\" f\u00fcr Frauen? Ein Blick auf die geschlechtsspezifischen Vorurteile in der Alltagssprache!<\/p>\n<p>Warum sind die meisten Schimpfw\u00f6rter eine Beleidigung f\u00fcr Frauen? Warum ist \"putzen\" eine Frau und \"Sicherheit\" standardm\u00e4\u00dfig ein Mann? Warum d\u00fcrfen M\u00e4nner nicht \"Weichei\" oder \"Weichei\" sein? Warum wird die Sprache der Frauen immer als oberfl\u00e4chlich und pr\u00e4tenti\u00f6s angesehen? Unter der Oberfl\u00e4che der Sprache, die wir f\u00fcr selbstverst\u00e4ndlich halten, verbergen sich geschlechtsspezifische Vorurteile. Schlagen Sie dieses Buch auf und folgen Sie der Linguistin Amanda Montel auf ihrer Reise durch das patriarchalische Sprachsystem! Denken Sie dar\u00fcber nach, wie sich das Geschlecht auf die Art und Weise auswirkt, wie wir sprechen und andere verstehen, und stellen Sie die allt\u00e4gliche Sprache in Frage, die Frauen erniedrigt und einschr\u00e4nkt.<\/p>\n<p>Die Macht des b\u00f6sen M\u00e4dchens nutzen, das Patriarchat mit ihren Worten zerschlagen und die Macht der Sprache zur\u00fcckgewinnen!<\/p>\n<p>Dies ist ein feministischer Leitfaden zur Sprache, der eine Vielzahl praktischer Strategien umfasst: wie man flucht, ohne frauenfeindlich zu sein, wie man andere auf geschlechtergerechte Weise anspricht, wie man Stimmen entgegentritt, die Frauen unterbrechen und angreifen, und wie man sich mit Leichtigkeit und Komfort ausdr\u00fcckt. ...... Die Fundgrube dieser b\u00f6sen Frau wird Sie lehren, die Strukturen der Ungleichheit, die der Sprache zugrunde liegen, aufzubrechen und die Art und Weise des Sprachgebrauchs neu zu gestalten. Sie werden lernen, die Sprache neu zu gestalten, sich selbst mit Sprache zu erm\u00e4chtigen und eine gleichberechtigtere, entspanntere, mitf\u00fchlendere und weniger beleidigte Welt mit einer wiedergefundenen und neu definierten Sprache aufzubauen.<\/p>\n<p>Linguistik hat so viel Spa\u00df gemacht!<\/p>\n<p>Der Cool Za Linguist begibt sich auf eine Reise in ein psychedelisches Universum, in dem sich Geschlecht und Sprache \u00fcberschneiden. Er reist zwischen Geschichte und Popkultur, um die Geheimnisse von Schimpfw\u00f6rtern, Klatsch und Tratsch, Pop-Slang, Blubberlauten und Clip-Sounds zu ergr\u00fcnden. Sie brauchen sich keine Sorgen zu machen, dass das schwindelerregende Sprachwissen und die Str\u00f6mungen des Sprachwandels Sie aus dem Konzept bringen k\u00f6nnten. Auf dem Weg dorthin gibt es unbeschwerte, lustige Geschichten, scharfe, spielerische Kommentare und eine feministische Denkweise, die alle unterhalten und Sie zum Lachen und Nachdenken \u00fcber die Macht der Sprache bringen werden.<\/p>","protected":false},"excerpt":{"rendered":"<p>\u810f\u8bdd\u4e00\u5b9a\u8fb1\u201c\u5979\u201d\uff1f\u7537\u4eba\u8bb2\u8bdd\u4e0d\u80fd\u201c\u5a18\u201d\u5417\uff1f\u5973\u4eba\u603b\u662f\u201c\u5a46\u5a46\u5988\u5988\u201d\uff1f \u65e5\u5e38\u8bed\u8a00\u4e2d\u5904\u5904\u9690\u85cf\u7740\u6027\u522b\u504f\u89c1\uff01\u662f\u65f6\u5019\u6380\u8d77\u4e00\u573a\u5973 [&hellip;]<\/p>\n","protected":false},"featured_media":26052,"template":"","meta":{"advanced_seo_description":"","jetpack_seo_html_title":"","jetpack_seo_noindex":false,"jetpack_post_was_ever_published":false},"product_brand":[],"product_cat":[132899,133482,133484,132633,132721,132779],"product_tag":[],"class_list":{"0":"post-22893","1":"product","2":"type-product","3":"status-publish","4":"has-post-thumbnail","6":"product_cat-132899","7":"product_cat-133482","8":"product_cat-133484","9":"product_cat-132633","10":"product_cat-132721","11":"product_cat-132779","13":"first","14":"instock","15":"taxable","16":"shipping-taxable","17":"purchasable","18":"product-type-simple"},"exclude_global_add_ons":[],"addons":[],"jetpack_sharing_enabled":true,"_links":{"self":[{"href":"https:\/\/bobobooks.de\/de\/wp-json\/wp\/v2\/product\/22893","targetHints":{"allow":["GET"]}}],"collection":[{"href":"https:\/\/bobobooks.de\/de\/wp-json\/wp\/v2\/product"}],"about":[{"href":"https:\/\/bobobooks.de\/de\/wp-json\/wp\/v2\/types\/product"}],"version-history":[{"count":4,"href":"https:\/\/bobobooks.de\/de\/wp-json\/wp\/v2\/product\/22893\/revisions"}],"predecessor-version":[{"id":23449,"href":"https:\/\/bobobooks.de\/de\/wp-json\/wp\/v2\/product\/22893\/revisions\/23449"}],"wp:featuredmedia":[{"embeddable":true,"href":"https:\/\/bobobooks.de\/de\/wp-json\/wp\/v2\/media\/26052"}],"wp:attachment":[{"href":"https:\/\/bobobooks.de\/de\/wp-json\/wp\/v2\/media?parent=22893"}],"wp:term":[{"taxonomy":"product_brand","embeddable":true,"href":"https:\/\/bobobooks.de\/de\/wp-json\/wp\/v2\/product_brand?post=22893"},{"taxonomy":"product_cat","embeddable":true,"href":"https:\/\/bobobooks.de\/de\/wp-json\/wp\/v2\/product_cat?post=22893"},{"taxonomy":"product_tag","embeddable":true,"href":"https:\/\/bobobooks.de\/de\/wp-json\/wp\/v2\/product_tag?post=22893"}],"curies":[{"name":"wp","href":"https:\/\/api.w.org\/{rel}","templated":true}]}}