{"id":22875,"date":"2024-10-28T09:37:15","date_gmt":"2024-10-28T08:37:15","guid":{"rendered":"https:\/\/bobobooks.de\/shop\/%e8%ae%b2%e4%ba%86%e5%be%88%e4%b9%85%e5%be%88%e4%b9%85%e7%9a%84%e4%b8%ad%e5%9b%bd%e5%a6%96%e6%80%aa%e6%95%85%e4%ba%8b2\/"},"modified":"2026-03-25T21:10:01","modified_gmt":"2026-03-25T20:10:01","slug":"geschichten-von-chinesischen-monstern-die-seit-langer-langer-zeit-erzahlt-werden-2","status":"publish","type":"product","link":"https:\/\/bobobooks.de\/de\/jiang_le_hen_jiu_hen_jiu_de_zhong_guo_yao_guai_gu_shi_2\/","title":{"rendered":"Geschichten von chinesischen Monstern, die seit langer, langer Zeit erz\u00e4hlt werden 2"},"content":{"rendered":"<p>Wahl des Herausgebers<\/p>\n<p>Ein traditionelles chinesisches M\u00e4rchenbuch, das die sch\u00f6pferische Phantasie noch mehr anregt als Die Reise nach Westen, Der Klassiker der Berge und Meere oder Liaozhai Zhiyi.<\/p>\n<p>Es gibt 100 Monster und 4 Kategorien, die eng mit unserem t\u00e4glichen Leben verbunden sind: Tiere, Pflanzen, Artefakte und Monster. Hier treffen Sie auf die spirituelle Welt der Alten und erforschen die tieferen Gene der chinesischen Kultur.<\/p>\n<p>- Tiere: Die Hirschdame, die von einem Hirsch geboren und von einem Holzf\u00e4ller aufgezogen wurde, und die Jinhua-Katze, die Kranke heilen und Menschen retten kann.<\/p>\n<p>- Pflanzen: Yunyang, der tief im Wald lebt und einen verhei\u00dfungsvollen Namen hat, lacht gerne \u00fcber den menschlichen Wald.<\/p>\n<p>- Artefakte: der Tintengeist, der diejenigen bewacht, die lesen und schreiben k\u00f6nnen, der alte Gesichtsgeist, der aus Kupferm\u00fcnzen besteht und das Gesicht liebt.<\/p>\n<p>- Monster: das vom Wind geborene Ungeheuer, das einen Menschen 500 Jahre alt werden lassen kann, der Mann im Ohr, der sich im Ohr eines Menschen versteckt<\/p>\n<p>Portrait eines Monsters, eine moderne und innovative chinesische Geschichte, die auf einer klassischen Legende basiert. Die Bilder werden in Schichten voller und satter Farben wiedergegeben, als ob man sich in der pr\u00e4chtigen Welt der chinesischen Monster und D\u00e4monen bef\u00e4nde. Die Welt der Geister und D\u00e4monen ist voll von Geschichten aus alten Zeiten, und die Geister und Monster haben ihre eigenen F\u00e4higkeiten.<\/p>\n<p>Zhang Yun, die erste Person der chinesischen D\u00e4monologie, sammelt seit mehr als 10 Jahren und nutzt die klassische Romantik als kreative Technik und moderne Konstruktion, um eine Biografie chinesischer D\u00e4monen und Monster zu schaffen, die den Leser auf die Spur ihrer Wurzeln f\u00fchrt und ihn in den Genuss des kulturellen Charmes chinesischer D\u00e4monen und Ungeheuer bringt.<\/p>\n<p>Der neue Illustrator Meow Jiu hat auf der Grundlage der Originalbeschreibung die Song-Maltechniken \u00fcbernommen und einen neuen chinesischen Stil entwickelt, um die chinesischen D\u00e4monen darzustellen, die Sie noch nie gesehen haben. Er reproduziert den Urheber von Japans \"Hundert Geister und Nachtwanderungen\", den f\u00fchrenden D\u00e4mon des chinesischen Fang Xiang-Clans.<\/p>\n<p>Dr. Shigeru Mizuki, der Monsterdoktor, sagte einmal, dass die japanischen Monster 70% aus China stammen. Wussten Sie, dass D\u00e4monen und Monster in China entstanden sind? Im Gegensatz zu Vampiren, Riesen oder Monstern im Westen, die ein blutr\u00fcnstiges Temperament zeigen, und im Gegensatz zu japanischen Monstern, die einen grimmigen Charakter haben, sind chinesische Monster 90% \"gute Monster\"!<\/p>\n<p>Haben Sie schon einmal eine originelle traditionelle D\u00e4monengeschichte geh\u00f6rt? Vielleicht sind das die Geschichten, die wir von unseren M\u00fcttern und V\u00e4tern, unsere M\u00fctter und V\u00e4ter von unseren Gro\u00dfeltern und unsere Gro\u00dfeltern von unseren Urgro\u00dfeltern geh\u00f6rt haben ...... Diese Welt der liebevollen und warmen Monster ist unsere Welt.<\/p>\n<p>---------- ------<\/p>\n<p>Einf\u00fchrung in den Inhalt<\/p>\n<p>Die Kultur der chinesischen Monster und D\u00e4monen hat eine lange Geschichte, mit einer gro\u00dfen Anzahl von Monstern und besonders faszinierenden Monstergeschichten. Dieses Buch birgt die verstreuten kanonischen B\u00fccher in dem langen Fluss von 5000 Jahren Geschichte, sucht nach den l\u00e4ngst vergessenen traditionellen chinesischen Monstern und D\u00e4monen und w\u00e4hlt sorgf\u00e4ltig 100 Geschichten von Monstern und D\u00e4monen aus, die zum Lesen geeignet sind, und illustriert jedes Monster und jeden D\u00e4mon mit einem eigenst\u00e4ndigen Bild. Die Geschichten sind in die Kategorien Pflanzen, Tiere, Artefakte und Monster eingeteilt, damit sie von den Lesern leicht akzeptiert werden k\u00f6nnen. Sie sind angereichert, versch\u00f6nert und ma\u00dfgeschneidert, um mehr Menschen ein buntes Fenster chinesischer Monstergeschichten zu \u00f6ffnen und einen Einblick in die einzigartige und gef\u00fchlvolle Welt der chinesischen Monster zu geben.<\/p>\n<p>Die Geschichten in diesem Buch stammen aus den klassischen Werken aller Zeiten, wie Der Klassiker vom Berg und vom Meer, Das Buch der G\u00f6ttersuche, Das Buch von Yi Jian Zhi, Die Geschichte von Zi Bu Bu und Die Geschichte von Liao Zhai Zhi Yi. Chinesische Monstergeschichten sind nicht nur voller phantasievoller Bilder und lebendiger Handlungen, sondern enthalten auch viele Wahrheiten \u00fcber das Leben in der Welt. So k\u00f6nnen die Leser die Monstergeschichten genie\u00dfen und gleichzeitig die hervorragende traditionelle chinesische Kultur vermittelt bekommen, ihr Wissen bereichern und ihren Horizont erweitern.<\/p>\n<p>Ich glaube, dass Sie nach der Lekt\u00fcre dieses Buches den einzigartigen Wert der D\u00e4monen in der chinesischen Kultur \u00fcberdenken, sich an die Namen, Bilder und Geschichten der D\u00e4monen erinnern werden, die von den alten Vorfahren geschaffen wurden, oder versuchen werden, neue Bilder und Geschichten von D\u00e4monen zu erschaffen, wie es die Alten taten, und ein Teil der Weitergabe der Kultur der D\u00e4monen werden.<\/p>","protected":false},"excerpt":{"rendered":"<p>\u203b\u7f16\u8f91\u63a8\u8350\u203b \u6bd4\u300a\u897f\u6e38\u8bb0\u300b\u300a\u5c71\u6d77\u7ecf\u300b\u300a\u804a\u658b\u5fd7\u5f02\u300b\u66f4\u4e30\u5bcc\u3001\u66f4\u6fc0\u53d1\u521b\u9020\u6027\u60f3\u8c61\u529b\u7684\u4e2d\u56fd\u4f20\u7edf\u6545\u4e8b\u4e66\u3002 100\u4e2a\u5996\u602a\uff0c4 [&hellip;]<\/p>\n","protected":false},"featured_media":26056,"template":"","meta":{"advanced_seo_description":"","jetpack_seo_html_title":"","jetpack_seo_noindex":false,"jetpack_post_was_ever_published":false},"product_brand":[],"product_cat":[132663,132711,132778,132903],"product_tag":[],"class_list":{"0":"post-22875","1":"product","2":"type-product","3":"status-publish","4":"has-post-thumbnail","6":"product_cat-132663","7":"product_cat-132711","8":"product_cat-132778","9":"product_cat-132903","11":"first","12":"instock","13":"taxable","14":"shipping-taxable","15":"purchasable","16":"product-type-simple"},"exclude_global_add_ons":[],"addons":[],"jetpack_sharing_enabled":true,"_links":{"self":[{"href":"https:\/\/bobobooks.de\/de\/wp-json\/wp\/v2\/product\/22875","targetHints":{"allow":["GET"]}}],"collection":[{"href":"https:\/\/bobobooks.de\/de\/wp-json\/wp\/v2\/product"}],"about":[{"href":"https:\/\/bobobooks.de\/de\/wp-json\/wp\/v2\/types\/product"}],"version-history":[{"count":3,"href":"https:\/\/bobobooks.de\/de\/wp-json\/wp\/v2\/product\/22875\/revisions"}],"predecessor-version":[{"id":23348,"href":"https:\/\/bobobooks.de\/de\/wp-json\/wp\/v2\/product\/22875\/revisions\/23348"}],"wp:featuredmedia":[{"embeddable":true,"href":"https:\/\/bobobooks.de\/de\/wp-json\/wp\/v2\/media\/26056"}],"wp:attachment":[{"href":"https:\/\/bobobooks.de\/de\/wp-json\/wp\/v2\/media?parent=22875"}],"wp:term":[{"taxonomy":"product_brand","embeddable":true,"href":"https:\/\/bobobooks.de\/de\/wp-json\/wp\/v2\/product_brand?post=22875"},{"taxonomy":"product_cat","embeddable":true,"href":"https:\/\/bobobooks.de\/de\/wp-json\/wp\/v2\/product_cat?post=22875"},{"taxonomy":"product_tag","embeddable":true,"href":"https:\/\/bobobooks.de\/de\/wp-json\/wp\/v2\/product_tag?post=22875"}],"curies":[{"name":"wp","href":"https:\/\/api.w.org\/{rel}","templated":true}]}}