{"id":22867,"date":"2024-10-28T09:37:14","date_gmt":"2024-10-28T08:37:14","guid":{"rendered":"https:\/\/bobobooks.de\/shop\/%e5%8e%86%e5%8f%b2%e7%9a%84%e6%b8%b8%e8%8d%a1%e8%80%85%ef%bc%88%e4%bd%9c%e5%ae%b6%e5%8d%b0%e7%ad%be%e6%9c%ac%ef%bc%89\/"},"modified":"2026-01-01T16:24:32","modified_gmt":"2026-01-01T15:24:32","slug":"die-wanderer-der-geschichte-impressum-des-autors","status":"publish","type":"product","link":"https:\/\/bobobooks.de\/de\/li_shi_de_you_dang_zhe\/","title":{"rendered":"Die Wanderer der Geschichte (Impressum des Autors)"},"content":{"rendered":"<p>\u25c6 Wahl des Herausgebers<\/p>\n<p>\u2606 Das mutige Werk von Li Shuo, dem Autor von \"Jian Shang\"! Eine Reise der Gedanken, eine akademische Autobiographie<\/p>\n<p>Er hat sich nicht auf die akademische Erforschung, die politische Geschichte, die Sozialgeschichte, die Literaturgeschichte, die Rechtsgeschichte, die Grenzgeschichte, die Arch\u00e4ologie und die mehrdimensionale Sichtweise der Geschichte beschr\u00e4nkt. Er hat sich auch nicht auf die Untersuchung eines einzigen Ortes beschr\u00e4nkt: Jiangnan in der \u00f6stlichen Jin-Dynastie, Li County in Nordchina, Luoyang in der n\u00f6rdlichen Wei-Dynastie, Guanzhong in der Antike, jenseits des Yumen-Passes, die Innere Mongolei, Xinjiang, Tibet und sogar das Hobbes'sche Britannia, die in seine Vision einbezogen wurden.<\/p>\n<p>\u2606 Einsichtiges akademisches Denken, die menschliche Natur ist am schwierigsten zu schreiben, und die Lichter der Geschichte sind \u00fcberraschend so subversiv f\u00fcr die Phantasie!<\/p>\n<p>Welche Art von dynastischer politischer Neuordnung steckte hinter der Bevorzugung von Baosi durch K\u00f6nig Yu von Zhou? Kaiser Xiaowen von Wei bevorzugte die gelehrte ethnische Familie. Wie sehr versuchte Li Biao, ein B\u00fcrokrat aus einer bescheidenen Familie, das Schicksal der n\u00e4chsten Generation zu \u00e4ndern? Warum wurden die B\u00fcrokraten der \u00d6stlichen Jin-Dynastie, die \u00fcber den st\u00e4rksten Verstand im Reich verf\u00fcgten, von den \"M\u00f6nchen\" in den politischen \"Schweinetrog\" gezerrt? Wie viel mussten Frauen in der Antike, als es noch keinen Ausstiegsmechanismus gab, zahlen, wenn sie au\u00dfereheliche Beziehungen hatten? Was f\u00fcr einen Gesch\u00e4ftskodex entdeckte Lattimore, als er mit der Kamelkarawane der Jin-H\u00e4ndler lebte? Und sind die beiden Zivilisationen, die nomadische und die agrarische, wirklich unvereinbar?<\/p>\n<p>\u2606 12 einleitende Essays, die Ihnen alle unver\u00f6ffentlichten akademischen Monologe auf einmal erz\u00e4hlen!<\/p>\n<p>Dieses Buch enth\u00e4lt 12 einleitende Essays, die Li Shuos temperamentvollen, eigenbr\u00f6tlerischen, mutigen, einf\u00fchlsamen und nicht-akademischen Weg des Regierens er\u00f6ffnen und einen Einblick geben, wie der Ghostwriter der Geschichte entstanden ist. Li Shuo sagte: \"Diese einleitenden Essays stellen im Wesentlichen den Prozess vor, wie ich Ideen zu den einzelnen Themen und Bereichen ...... entwickelt habe, warum ich an diese Fragen denken und dar\u00fcber schreiben konnte.\"<\/p>\n<p>Aufrichtig empfohlen von \u2606 Ge Jianxiong, Liu Beicheng, Liu Suri, Luo Xin, Liang Wendao, Luo Zhenyu!<\/p>\n<p>\"Seine einzigartige Perspektive und seine Einblicke zeigen sein Talent und sein Potenzial.\" --Ge Jianxiong<\/p>\n<p>\"Wir bekommen einen Einblick, wie der 'Gelehrte Li Shuo', der Jian Shang geschrieben hat, entstanden ist.\" --Liu Bei Cheng<\/p>\n<p>\"Voller h\u00f6chster Sorge um den Menschen und einem tiefen Einf\u00fchlungsverm\u00f6gen f\u00fcr Mensch und Erde.\" --Suri Liu<\/p>\n<p>\"Gro\u00dfe Originalit\u00e4t, Phantasie und ein breites Spektrum wissenschaftlicher Interessen.\" --Rossin<\/p>\n<p>\u25c6 Einleitung<\/p>\n<p>Dieses Buch ist das mutige Werk von Li Shuo, dem Ghostwriter der Geschichte, mit einem weiten Blick, der viele Bereiche der politischen, sozialen, rechtlichen und intellektuellen Geschichte ber\u00fccksichtigt: von der antiken Welt des K\u00f6nigs You aus der Zhou-Dynastie bis zu Lin Zexus Grenze des Reiches der sp\u00e4ten Qing-Dynastie; von den \"Unsterblichen\" und den M\u00f6nchen im \"Zhengui\" bis zu den tragischen B\u00fcrokraten der \u00c4ra des Xiaowen-Kaisers; von den in Staub und Rauch verborgenen M\u00e4nnern und Frauen des Essens und Trinkens bis zur gef\u00e4hrlichen und lustvollen verbotenen Liebe in der Rechtsgeschichte; von der n\u00f6rdlichen Reise von Lattimore bis zu den bizarren Ursachen von Hobbes' politischer Doktrin; von der gro\u00dfen Kantine in Li County bis zu den Ruinen der Zitadelle der Han-Dynastie am Ende des Hexi-Korridors. ...... Ausgehend von den historischen Tatsachen sind die 12 Abschnitte der akademischen Wanderung, die 12 akademischen Monologe, zus\u00e4tzlich zum K\u00e4mmen von historischem Material und der Konstruktion der Geschichte, einsichtiger in die Herzen der Menschen und bem\u00fchen sich, die wenig bekannten Geheimnisse in den Tiefen der Zeit wiederherzustellen. die wenig bekannten Feinheiten und Wahrheiten in den Tiefen der Zeit wiederherzustellen.<\/p>","protected":false},"excerpt":{"rendered":"<p>\u25c6 \u7f16\u8f91\u63a8\u8350 \u2606\u300a\u7fe6\u5546\u300b\u4f5c\u8005\u674e\u7855\u7684\u52c7\u6c14\u4e4b\u4f5c\uff01\u4e00\u573a\u601d\u60f3\u4e4b\u65c5\uff0c\u4e00\u90e8\u5b66\u672f\u81ea\u4f20 \u884c\u8bfb\u4e07\u91cc\uff0c\u4e0d\u4e3a\u81ea\u5df1\u8bbe\u9650\u7684\u5b66\u672f\u63a2\u7d22\uff0c\u653f\u6cbb [&hellip;]<\/p>\n","protected":false},"featured_media":24815,"template":"","meta":{"advanced_seo_description":"","jetpack_seo_html_title":"","jetpack_seo_noindex":false,"jetpack_post_was_ever_published":false},"product_brand":[],"product_cat":[132641,132651],"product_tag":[],"class_list":{"0":"post-22867","1":"product","2":"type-product","3":"status-publish","4":"has-post-thumbnail","6":"product_cat-132641","7":"product_cat-132651","9":"first","10":"instock","11":"taxable","12":"shipping-taxable","13":"purchasable","14":"product-type-simple"},"exclude_global_add_ons":[],"addons":[],"jetpack_sharing_enabled":true,"_links":{"self":[{"href":"https:\/\/bobobooks.de\/de\/wp-json\/wp\/v2\/product\/22867","targetHints":{"allow":["GET"]}}],"collection":[{"href":"https:\/\/bobobooks.de\/de\/wp-json\/wp\/v2\/product"}],"about":[{"href":"https:\/\/bobobooks.de\/de\/wp-json\/wp\/v2\/types\/product"}],"version-history":[{"count":3,"href":"https:\/\/bobobooks.de\/de\/wp-json\/wp\/v2\/product\/22867\/revisions"}],"predecessor-version":[{"id":23350,"href":"https:\/\/bobobooks.de\/de\/wp-json\/wp\/v2\/product\/22867\/revisions\/23350"}],"wp:featuredmedia":[{"embeddable":true,"href":"https:\/\/bobobooks.de\/de\/wp-json\/wp\/v2\/media\/24815"}],"wp:attachment":[{"href":"https:\/\/bobobooks.de\/de\/wp-json\/wp\/v2\/media?parent=22867"}],"wp:term":[{"taxonomy":"product_brand","embeddable":true,"href":"https:\/\/bobobooks.de\/de\/wp-json\/wp\/v2\/product_brand?post=22867"},{"taxonomy":"product_cat","embeddable":true,"href":"https:\/\/bobobooks.de\/de\/wp-json\/wp\/v2\/product_cat?post=22867"},{"taxonomy":"product_tag","embeddable":true,"href":"https:\/\/bobobooks.de\/de\/wp-json\/wp\/v2\/product_tag?post=22867"}],"curies":[{"name":"wp","href":"https:\/\/api.w.org\/{rel}","templated":true}]}}