{"id":18224,"date":"2024-06-29T20:33:44","date_gmt":"2024-06-29T18:33:44","guid":{"rendered":"https:\/\/bobobooks.de\/shop\/%e4%bc%97%e7%a5%9e%e5%bd%92%e4%bd%8d-%e4%b8%ad%e5%9b%bd%e6%b0%91%e9%97%b4%e8%af%b8%e7%a5%9e%e8%b0%b1%e7%b3%bb\/"},"modified":"2026-03-25T21:03:37","modified_gmt":"2026-03-25T20:03:37","slug":"die-ruckkehr-der-gotter-und-gottinnen-eine-genealogie-der-chinesischen-volksgotter-und-gottinnen","status":"publish","type":"product","link":"https:\/\/bobobooks.de\/de\/zhong_shen_gui_wei\/","title":{"rendered":"Die R\u00fcckkehr der G\u00f6tter - Genealogie der chinesischen Volksg\u00f6tter"},"content":{"rendered":"<p>\u201c\u5c06\u602a\u529b\u4e71\u795e\u5f53\u4f5c\u6b63\u7ecf\u5b66\u95ee\u7814\u7a76\u7684\u7b2c\u4e00\u4eba\u201d\u683e\u4fdd\u7fa4\u7ee7\u8c08\u9b3c\u4e4b\u540e\uff0c\u5206\u95e8\u522b\u7c7b\uff0c\u5398\u6e05\u8bf8\u795e\u4f4d\u7f6e<\/p>\n<p>\u7389\u7687\u5927\u5e1d\u3001\u592a\u4e0a\u8001\u541b\u3001\u6587\u660c\u6b66\u66f2\u3001\u798f\u7984\u5bff\u3001\u4e8c\u90ce\u795e\u2026\u2026\u5404\u5f52\u5176\u4f4d<\/p>\n<p>\u968f\u6587\u914d\u6709\u5927\u91cf\u63d2\u56fe\uff0c\u80fd\u66f4\u597d\u5730\u8ba4\u6e05\u8bf8\u795e\u7684\u5f62\u8c8c\u3002<\/p>\n<p>\u3010\u5185\u5bb9\u63d0\u8981\u3011<\/p>\n<p>\u4e2d\u56fd\u7684\u795e\u7947\u4e0a\u81ea\u7389\u7687\u5927\u5e1d\uff0c\u4e0b\u81f3\u6c34\u706b\u96f7\u7535\u3001\u9c7c\u9f99\u767e\u866b\uff0c\u4e0d\u4ec5\u6570\u91cf\u5e9e\u5927\uff0c\u800c\u4e14\u968f\u7740\u5730\u57df\u3001\u65f6\u95f4\u7684\u53d8\u5316\uff0c\u5f80\u5f80\u500f\u751f\u500f\u706d\uff0c\u5ffd\u5c0f\u5ffd\u5927\uff0c\u8bf8\u795e\u4e4b\u95f4\u7684\u5173\u7cfb\u3001\u7edf\u5c5e\u4e5f\u53d8\u5f97\u6781\u4e0d\u7a33\u5b9a\uff0c\u6b64\u8d77\u5f7c\u843d\uff0c\u4f60\u4e0a\u6211\u4e0b\u3002\u6709\u9274\u4e8e\u6b64\uff0c\u672c\u4e66\u4f5c\u8005\u8457\u540d\u6c11\u4fd7\u4e13\u5bb6\u683e\u4fdd\u7fa4\u68b3\u7406\u5178\u7c4d\uff0c\u5bf9\u6c11\u95f4\u4fe1\u4ef0\u4e2d\u7684\u5404\u79cd\u795e\u7947\u5206\u95e8\u522b\u7c7b\uff0c\u6392\u5ea7\u6b21\uff0c\u7acb\u5c0a\u5351\uff0c\u4f7f\u6df7\u4e71\u7684\u6c11\u95f4\u4f17\u795e\u5404\u5f52\u672c\u4f4d\u3002<\/p>","protected":false},"excerpt":{"rendered":"<p>\u201c\u5c06\u602a\u529b\u4e71\u795e\u5f53\u4f5c\u6b63\u7ecf\u5b66\u95ee\u7814\u7a76\u7684\u7b2c\u4e00\u4eba\u201d\u683e\u4fdd\u7fa4\u7ee7\u8c08\u9b3c\u4e4b\u540e\uff0c\u5206\u95e8\u522b\u7c7b\uff0c\u5398\u6e05\u8bf8\u795e\u4f4d\u7f6e \u7389\u7687\u5927\u5e1d\u3001\u592a\u4e0a\u8001\u541b\u3001\u6587\u660c\u6b66\u66f2\u3001 [&hellip;]<\/p>\n","protected":false},"featured_media":26071,"template":"","meta":{"advanced_seo_description":"","jetpack_seo_html_title":"","jetpack_seo_noindex":false,"jetpack_post_was_ever_published":false},"product_brand":[],"product_cat":[132892,132711,132778,132891],"product_tag":[],"class_list":{"0":"post-18224","1":"product","2":"type-product","3":"status-publish","4":"has-post-thumbnail","6":"product_cat-132892","7":"product_cat-132711","8":"product_cat-132778","9":"product_cat-132891","11":"first","12":"instock","13":"taxable","14":"shipping-taxable","15":"purchasable","16":"product-type-simple"},"exclude_global_add_ons":[],"addons":[],"jetpack_sharing_enabled":true,"_links":{"self":[{"href":"https:\/\/bobobooks.de\/de\/wp-json\/wp\/v2\/product\/18224","targetHints":{"allow":["GET"]}}],"collection":[{"href":"https:\/\/bobobooks.de\/de\/wp-json\/wp\/v2\/product"}],"about":[{"href":"https:\/\/bobobooks.de\/de\/wp-json\/wp\/v2\/types\/product"}],"version-history":[{"count":3,"href":"https:\/\/bobobooks.de\/de\/wp-json\/wp\/v2\/product\/18224\/revisions"}],"predecessor-version":[{"id":18930,"href":"https:\/\/bobobooks.de\/de\/wp-json\/wp\/v2\/product\/18224\/revisions\/18930"}],"wp:featuredmedia":[{"embeddable":true,"href":"https:\/\/bobobooks.de\/de\/wp-json\/wp\/v2\/media\/26071"}],"wp:attachment":[{"href":"https:\/\/bobobooks.de\/de\/wp-json\/wp\/v2\/media?parent=18224"}],"wp:term":[{"taxonomy":"product_brand","embeddable":true,"href":"https:\/\/bobobooks.de\/de\/wp-json\/wp\/v2\/product_brand?post=18224"},{"taxonomy":"product_cat","embeddable":true,"href":"https:\/\/bobobooks.de\/de\/wp-json\/wp\/v2\/product_cat?post=18224"},{"taxonomy":"product_tag","embeddable":true,"href":"https:\/\/bobobooks.de\/de\/wp-json\/wp\/v2\/product_tag?post=18224"}],"curies":[{"name":"wp","href":"https:\/\/api.w.org\/{rel}","templated":true}]}}